{"id":9969,"date":"2026-01-30T07:36:55","date_gmt":"2026-01-30T07:36:55","guid":{"rendered":"https:\/\/modneli.com\/?post_type=product&#038;p=9969"},"modified":"2026-04-14T13:00:03","modified_gmt":"2026-04-14T13:00:03","slug":"preslee-zydra","status":"publish","type":"product","link":"https:\/\/modneli.com\/en\/product\/preslee-zydra\/","title":{"rendered":"&#8220;Preslee&#8221; \u017eydra"},"content":{"rendered":"<p>&nbsp;<\/p>\n<table class=\"woocommerce-product-attributes shop_attributes\">\n<tbody>\n<tr class=\"woocommerce-product-attributes-item woocommerce-product-attributes-item--attribute_36-d-i%c5%a1matavimai\">\n<th class=\"woocommerce-product-attributes-item__label\">36 d. i\u0161matavimai<\/th>\n<td class=\"woocommerce-product-attributes-item__value\">Kr\u016btin\u0117 80-88 cm. Liemuo 60-68 cm. Klubai 90-120 cm.<\/td>\n<\/tr>\n<tr class=\"woocommerce-product-attributes-item woocommerce-product-attributes-item--attribute_38-d-i%c5%a1matavimai\">\n<th class=\"woocommerce-product-attributes-item__label\">38 d. i\u0161matavimai<\/th>\n<td class=\"woocommerce-product-attributes-item__value\">Kr\u016btin\u0117 85-94 cm. Liemuo 60-73 cm. Klubai 90-120 cm.<\/td>\n<\/tr>\n<tr class=\"woocommerce-product-attributes-item woocommerce-product-attributes-item--attribute_40-d-i%c5%a1matavimai\">\n<th class=\"woocommerce-product-attributes-item__label\">40 d. i\u0161matavimai<\/th>\n<td class=\"woocommerce-product-attributes-item__value\">Kr\u016btin\u0117 85-97 cm. Liemuo 65 -77cm. Klubai 90-120 cm.<\/td>\n<\/tr>\n<tr class=\"woocommerce-product-attributes-item woocommerce-product-attributes-item--attribute_42-d-i%c5%a1matavimai\">\n<th class=\"woocommerce-product-attributes-item__label\">42 d. i\u0161matavimai<\/th>\n<td class=\"woocommerce-product-attributes-item__value\">Kr\u016btin\u0117 90-100 cm. Liemuo 70-80 cm. Klubai 90-120 cm.<\/td>\n<\/tr>\n<\/tbody>\n<\/table>\n<p>&nbsp;<\/p>\n<p>NUOMA<\/p>\n<table class=\"woocommerce-product-attributes shop_attributes\">\n<tbody>\n<tr class=\"woocommerce-product-attributes-item woocommerce-product-attributes-item--attribute_36-i%c5%a1matavimai\">\n<th class=\"woocommerce-product-attributes-item__label\">4 dienos<\/th>\n<td class=\"woocommerce-product-attributes-item__value\">\u00a080 eur.<\/td>\n<\/tr>\n<tr class=\"woocommerce-product-attributes-item woocommerce-product-attributes-item--attribute_38-i%c5%a1matavimai\">\n<th class=\"woocommerce-product-attributes-item__label\">8 dienos<\/th>\n<td class=\"woocommerce-product-attributes-item__value\">\u00a090 eur.<\/td>\n<\/tr>\n<tr class=\"woocommerce-product-attributes-item woocommerce-product-attributes-item--attribute_40-i%c5%a1matavimai\">\n<th class=\"woocommerce-product-attributes-item__label\"><\/th>\n<td class=\"woocommerce-product-attributes-item__value\"><\/td>\n<\/tr>\n<\/tbody>\n<\/table>\n<p>&nbsp;<\/p>\n<p>Labai pra\u0161ome per\u017ei\u016br\u0117ti \u00a0\u201cPapildom\u0105 informacij\u0105\u201d. Atsi\u017evelkite \u012f pateiktus r\u016bb\u0173 i\u0161matavimus (klubai, liemuo, kr\u016btin\u0117, ilgis). Kartais dyd\u017eiai gali b\u016bti ma\u017einti.<\/p>\n<p>M\u016bs\u0173 r\u016bb\u0173 pristatymas gali u\u017etrukti nuo 2 iki 5 dien\u0173.<\/p>\n<p>Mes parduodame savo prekinio \u017eenklo \u201cModneli\u201d ir kit\u0173 gamintoj\u0173 i\u0161 viso pasaulio drabu\u017eius ir aksesuarus. Jeigu nerandate savo dyd\u017eio, kartais galime papildomai u\u017esakyti.<\/p>\n<p>Visais klausimais: d\u0117l dyd\u017eio, pristatymo laiko, gamintojo, keitimo, gr\u0105\u017einimo ar \u0161iaip \u201cpasilabinti\u201d ra\u0161ykite mums:<\/p>\n<p>Facebook:\u00a0\u00a0<a href=\"https:\/\/www.facebook.com\/Modneli\">https:\/\/www.facebook.com\/Modneli<\/a><\/p>\n<p>Instagram: \u00a0<a href=\"https:\/\/www.instagram.com\/modneli_dress\/\">https:\/\/www.instagram.com\/modneli_dress\/<\/a><\/p>\n<h5><em>Su meile, Modneli.<\/em><\/h5>","protected":false},"excerpt":{"rendered":"<p>&nbsp; 36 d. i\u0161matavimai Kr\u016btin\u0117 80-88 cm. Liemuo 60-68 cm. Klubai 90-120 cm. 38 d. i\u0161matavimai Kr\u016btin\u0117 85-94 cm. Liemuo&hellip;<\/p>","protected":false},"featured_media":10311,"template":"","meta":[],"product_cat":[1941],"product_tag":[1854,1890,474,1814,812,1748,1723,1920,1950,1935,1744,1926,1775,1901,1958,1780,1884,288,1774,1837,1746,1797,1916,1815,1942,1813,2017,1720,1960,1919,1945,1934],"class_list":["post-9969","product","type-product","status-publish","has-post-thumbnail","hentry","product_cat-nuoma","product_tag-aptemptos-sukneles-moterims","product_tag-aukstos-kokybes-sukneles","product_tag-elegantiska-suknel","product_tag-fizine-sukneliu-parduotuve","product_tag-ilga-suknel","product_tag-jaunatviska-suknele","product_tag-kasdiene-suknele","product_tag-kokteilines-sukneles-moterims","product_tag-kokteiliniu-sukneliu-nuoma-vilniuje","product_tag-korsetines-sukneles-moterims","product_tag-liemenuota-suknele","product_tag-midi-ilgio-sukneles-moterims","product_tag-minimalistine-suknele","product_tag-progines-sukneles-moterims","product_tag-proginiu-sukneliu-nuoma-vilniuje","product_tag-simtadienio-suknele","product_tag-stilingos-progines-sukneles","product_tag-suknel","product_tag-suknele-i-svente","product_tag-suknele-iki-zemes","product_tag-suknele-zemiau-keliu","product_tag-sukneles-moterims-internetu","product_tag-sukneles-vestuviu-sveciams","product_tag-sukneles-vilniuje","product_tag-sukneliu-nuoma-vilniuje","product_tag-sukneliu-parduotuve-vilniuje","product_tag-suvarstoma-suknele","product_tag-sventine-suknele","product_tag-sventiniu-sukneliu-nuoma-vilniuje","product_tag-vakarines-sukneles-moterims","product_tag-vakariniu-sukneliu-nuoma-vilniuje","product_tag-zydra-ilga-sunknele","pa_audinys-poliesteris-88-elastanas-12","pa_detal-s-audinys-nepermatomas","pa_detal-s-uzsegimas-uztrauktuku-sone-ir-suvastymas-nugaroje","pa_dydis-1526","pa_dydis-1527","pa_dydis-1528","pa_dydis-1529","pa_ismatavimai-sukneles-ilgis-nuo-krutines-145-cm","pa_spalva-ydra","thumb-no-effect","prod-rating-on","prod-has-rating"],"_links":{"self":[{"href":"https:\/\/modneli.com\/en\/wp-json\/wp\/v2\/product\/9969","targetHints":{"allow":["GET"]}}],"collection":[{"href":"https:\/\/modneli.com\/en\/wp-json\/wp\/v2\/product"}],"about":[{"href":"https:\/\/modneli.com\/en\/wp-json\/wp\/v2\/types\/product"}],"wp:featuredmedia":[{"embeddable":true,"href":"https:\/\/modneli.com\/en\/wp-json\/wp\/v2\/media\/10311"}],"wp:attachment":[{"href":"https:\/\/modneli.com\/en\/wp-json\/wp\/v2\/media?parent=9969"}],"wp:term":[{"taxonomy":"product_cat","embeddable":true,"href":"https:\/\/modneli.com\/en\/wp-json\/wp\/v2\/product_cat?post=9969"},{"taxonomy":"product_tag","embeddable":true,"href":"https:\/\/modneli.com\/en\/wp-json\/wp\/v2\/product_tag?post=9969"}],"curies":[{"name":"wp","href":"https:\/\/api.w.org\/{rel}","templated":true}]}}