{"id":9836,"date":"2025-12-09T15:48:21","date_gmt":"2025-12-09T15:48:21","guid":{"rendered":"https:\/\/modneli.com\/?post_type=product&#038;p=9836"},"modified":"2025-12-09T16:14:11","modified_gmt":"2025-12-09T16:14:11","slug":"juliet-kostiumelis","status":"publish","type":"product","link":"https:\/\/modneli.com\/en\/product\/juliet-kostiumelis\/","title":{"rendered":"&#8220;Juliet&#8221; kostium\u0117lis"},"content":{"rendered":"<p>&nbsp;<\/p>\n<table class=\"woocommerce-product-attributes shop_attributes\">\n<tbody>\n<tr class=\"woocommerce-product-attributes-item woocommerce-product-attributes-item--attribute_pa_dydis\">\n<th class=\"woocommerce-product-attributes-item__label\">Dydis<\/th>\n<td class=\"woocommerce-product-attributes-item__value\"><a href=\"https:\/\/modneli.com\/en\/dydis\/40\/\" rel=\"tag\">40<\/a>,\u00a0<a href=\"https:\/\/modneli.com\/en\/dydis\/42\/\" rel=\"tag\">42<\/a>,\u00a0<a href=\"https:\/\/modneli.com\/en\/dydis\/44\/\" rel=\"tag\">44<\/a><\/td>\n<\/tr>\n<tr class=\"woocommerce-product-attributes-item woocommerce-product-attributes-item--attribute_pa_ismatavimai\">\n<th class=\"woocommerce-product-attributes-item__label\">I\u0161matavimai<\/th>\n<td class=\"woocommerce-product-attributes-item__value\"><a href=\"https:\/\/modneli.com\/en\/ismatavimai\/palaidines-ilgis-62-cm\/\" rel=\"tag\">Palaidin\u0117s ilgis 62 cm.<\/a>,\u00a0<a href=\"https:\/\/modneli.com\/en\/ismatavimai\/sijono-ilgis-85-cm\/\" rel=\"tag\">Sijono ilgis 85 cm.<\/a><\/td>\n<\/tr>\n<tr class=\"woocommerce-product-attributes-item woocommerce-product-attributes-item--attribute_pa_spalva\">\n<th class=\"woocommerce-product-attributes-item__label\">Spalva<\/th>\n<td class=\"woocommerce-product-attributes-item__value\"><a href=\"https:\/\/modneli.com\/en\/spalva\/juoda\/\" rel=\"tag\">Juoda<\/a><\/td>\n<\/tr>\n<tr class=\"woocommerce-product-attributes-item woocommerce-product-attributes-item--attribute_pa_detal-s\">\n<th class=\"woocommerce-product-attributes-item__label\">Detal\u0117s<\/th>\n<td class=\"woocommerce-product-attributes-item__value\"><a href=\"https:\/\/modneli.com\/en\/detal-s\/aksomo-palaidine-tampri\/\" rel=\"tag\">Aksomo palaidin\u0117 tampri.<\/a>,\u00a0<a href=\"https:\/\/modneli.com\/en\/detal-s\/sijono-liemuo-nugaroje-su-guma\/\" rel=\"tag\">Sijono liemuo nugaroje su guma.<\/a><\/td>\n<\/tr>\n<tr class=\"woocommerce-product-attributes-item woocommerce-product-attributes-item--attribute_40-d-i%c5%a1matavimai\">\n<th class=\"woocommerce-product-attributes-item__label\">40 d. i\u0161matavimai<\/th>\n<td class=\"woocommerce-product-attributes-item__value\">Kr\u016btin\u0117 100-106 cm. Liemuo 80-84 cm. Klubai 105-112 cm.<\/td>\n<\/tr>\n<tr class=\"woocommerce-product-attributes-item woocommerce-product-attributes-item--attribute_42-d-i%c5%a1matavimai\">\n<th class=\"woocommerce-product-attributes-item__label\">42 d. i\u0161matavimai<\/th>\n<td class=\"woocommerce-product-attributes-item__value\">Kr\u016btin\u0117 107-113 cm. Liemuo 85-89 cm. Klubai 105-120 cm.<\/td>\n<\/tr>\n<tr class=\"woocommerce-product-attributes-item woocommerce-product-attributes-item--attribute_44-d-i%c5%a1matavimai\">\n<th class=\"woocommerce-product-attributes-item__label\">44 d. i\u0161matavimai<\/th>\n<td class=\"woocommerce-product-attributes-item__value\">Kr\u016btin\u0117 114-122 cm. Liemuo 90-96 cm. Klubai 105-128 cm.<\/td>\n<\/tr>\n<\/tbody>\n<\/table>\n<p>&nbsp;<\/p>\n<p>Labai pra\u0161ome per\u017ei\u016br\u0117ti \u00a0\u201cPapildom\u0105 informacij\u0105\u201d. Atsi\u017evelkite \u012f pateiktus r\u016bb\u0173 i\u0161matavimus (klubai, liemuo, kr\u016btin\u0117, ilgis). Kartais dyd\u017eiai gali b\u016bti ma\u017einti.<\/p>\n<p>M\u016bs\u0173 r\u016bb\u0173 pristatymas gali u\u017etrukti nuo 2 iki 5 dien\u0173.<\/p>\n<p>Mes parduodame savo prekinio \u017eenklo \u201cModneli\u201d ir kit\u0173 gamintoj\u0173 i\u0161 viso pasaulio drabu\u017eius ir aksesuarus. Jeigu nerandate savo dyd\u017eio, kartais galime papildomai u\u017esakyti.<\/p>\n<p>Visais klausimais: d\u0117l dyd\u017eio, pristatymo laiko, gamintojo, keitimo, gr\u0105\u017einimo ar \u0161iaip \u201cpasilabinti\u201d ra\u0161ykite mums:<\/p>\n<p>Facebook:\u00a0\u00a0<a href=\"https:\/\/www.facebook.com\/Modneli\">https:\/\/www.facebook.com\/Modneli<\/a><\/p>\n<p>Instagram: \u00a0<a href=\"https:\/\/www.instagram.com\/modneli_dress\/\">https:\/\/www.instagram.com\/modneli_clothes\/<\/a><\/p>\n<h5><em>Su meile, Modneli.<\/em><\/h5>","protected":false},"excerpt":{"rendered":"<p>&nbsp; Dydis 40,\u00a042,\u00a044 I\u0161matavimai Palaidin\u0117s ilgis 62 cm.,\u00a0Sijono ilgis 85 cm. Spalva Juoda Detal\u0117s Aksomo palaidin\u0117 tampri.,\u00a0Sijono liemuo nugaroje su&hellip;<\/p>","protected":false},"featured_media":9845,"template":"","meta":[],"product_cat":[141,1678],"product_tag":[474,1814,1737,1832,812,1748,1839,1840,1738,1723,1803,1835,1831,1744,944,1838,1775,1725,1833,187,1289,1753,1834,1836,1780,288,1724,1774,1837,1749,1782,1783,1797,1752,1815,1755,1812,1813,1720,1754],"class_list":["post-9836","product","type-product","status-publish","has-post-thumbnail","hentry","product_cat-sukneles","product_cat-kiti-rubai","product_tag-elegantiska-suknel","product_tag-fizine-sukneliu-parduotuve","product_tag-gimtadienio-suknele","product_tag-gipiurinis-sijonas","product_tag-ilga-suknel","product_tag-jaunatviska-suknele","product_tag-jodas-kostiumelis-su-sijonu","product_tag-juoda-ilga-suknele","product_tag-juoda-suknele","product_tag-kasdiene-suknele","product_tag-klasikine-suknele","product_tag-kostiumas-su-sijonu","product_tag-kostiumelis-su-permatomu-sijonu","product_tag-liemenuota-suknele","product_tag-maxi-sijonas","product_tag-maxi-suknele","product_tag-minimalistine-suknele","product_tag-ofisine-suknele","product_tag-permatomas-sijonas","product_tag-progin-suknel","product_tag-rudas-svarkas","product_tag-rudenines-sukneles","product_tag-sijonas-iki-zemes","product_tag-sijono-kostiumas","product_tag-simtadienio-suknele","product_tag-suknel","product_tag-suknele-i-darba","product_tag-suknele-i-svente","product_tag-suknele-iki-zemes","product_tag-suknele-ilgomis-rankovemis","product_tag-suknele-moterims","product_tag-sukneles-internetu","product_tag-sukneles-moterims-internetu","product_tag-sukneles-rudeniui","product_tag-sukneles-vilniuje","product_tag-sukneles-ziemai","product_tag-sukneliu-parduotuve","product_tag-sukneliu-parduotuve-vilniuje","product_tag-sventine-suknele","product_tag-ziemines-sukneles","pa_audinys-poliesteris-100","pa_detal-s-aksomo-palaidine-tampri","pa_detal-s-sijono-liemuo-nugaroje-su-guma","pa_dydis-1528","pa_dydis-1529","pa_dydis-1547","pa_ismatavimai-palaidines-ilgis-62-cm","pa_ismatavimai-sijono-ilgis-85-cm","pa_spalva-juoda","thumb-no-effect","prod-rating-on","prod-has-rating"],"_links":{"self":[{"href":"https:\/\/modneli.com\/en\/wp-json\/wp\/v2\/product\/9836","targetHints":{"allow":["GET"]}}],"collection":[{"href":"https:\/\/modneli.com\/en\/wp-json\/wp\/v2\/product"}],"about":[{"href":"https:\/\/modneli.com\/en\/wp-json\/wp\/v2\/types\/product"}],"wp:featuredmedia":[{"embeddable":true,"href":"https:\/\/modneli.com\/en\/wp-json\/wp\/v2\/media\/9845"}],"wp:attachment":[{"href":"https:\/\/modneli.com\/en\/wp-json\/wp\/v2\/media?parent=9836"}],"wp:term":[{"taxonomy":"product_cat","embeddable":true,"href":"https:\/\/modneli.com\/en\/wp-json\/wp\/v2\/product_cat?post=9836"},{"taxonomy":"product_tag","embeddable":true,"href":"https:\/\/modneli.com\/en\/wp-json\/wp\/v2\/product_tag?post=9836"}],"curies":[{"name":"wp","href":"https:\/\/api.w.org\/{rel}","templated":true}]}}