{"id":9817,"date":"2025-12-08T14:12:37","date_gmt":"2025-12-08T14:12:37","guid":{"rendered":"https:\/\/modneli.com\/?post_type=product&#038;p=9817"},"modified":"2026-02-13T10:25:03","modified_gmt":"2026-02-13T10:25:03","slug":"nora-kostiumas","status":"publish","type":"product","link":"https:\/\/modneli.com\/en\/product\/nora-kostiumas\/","title":{"rendered":"&#8220;Nora&#8221; kostiumas"},"content":{"rendered":"<table class=\"woocommerce-product-attributes shop_attributes\">\n<tbody>\n<tr class=\"woocommerce-product-attributes-item woocommerce-product-attributes-item--attribute_pa_audinys\">\n<th class=\"woocommerce-product-attributes-item__label\">Audinys<\/th>\n<td class=\"woocommerce-product-attributes-item__value\"><a href=\"https:\/\/modneli.com\/en\/audinys\/poliamidas-100\/\" rel=\"tag\">Poliamidas 100%<\/a><\/td>\n<\/tr>\n<tr class=\"woocommerce-product-attributes-item woocommerce-product-attributes-item--attribute_pa_dydis\">\n<th class=\"woocommerce-product-attributes-item__label\">Dydis<\/th>\n<td class=\"woocommerce-product-attributes-item__value\"><a href=\"https:\/\/modneli.com\/en\/dydis\/36\/\" rel=\"tag\">36<\/a>,\u00a0<a href=\"https:\/\/modneli.com\/en\/dydis\/38\/\" rel=\"tag\">38<\/a>,\u00a0<a href=\"https:\/\/modneli.com\/en\/dydis\/40\/\" rel=\"tag\">40<\/a>,\u00a0<a href=\"https:\/\/modneli.com\/en\/dydis\/42\/\" rel=\"tag\">42<\/a><\/td>\n<\/tr>\n<tr class=\"woocommerce-product-attributes-item woocommerce-product-attributes-item--attribute_pa_ismatavimai\">\n<th class=\"woocommerce-product-attributes-item__label\">I\u0161matavimai<\/th>\n<td class=\"woocommerce-product-attributes-item__value\"><a href=\"https:\/\/modneli.com\/en\/ismatavimai\/kelniu-ilgis-apie-110-cm\/\" rel=\"tag\">Kelni\u0173 ilgis apie 110 cm.<\/a>,\u00a0<a href=\"https:\/\/modneli.com\/en\/ismatavimai\/svarko-ilgis-apie-73-cm\/\" rel=\"tag\">\u0160varko ilgis apie 73 cm.<\/a><\/td>\n<\/tr>\n<tr class=\"woocommerce-product-attributes-item woocommerce-product-attributes-item--attribute_pa_spalva\">\n<th class=\"woocommerce-product-attributes-item__label\">Spalva<\/th>\n<td class=\"woocommerce-product-attributes-item__value\"><a href=\"https:\/\/modneli.com\/en\/spalva\/juoda\/\" rel=\"tag\">Juoda<\/a><\/td>\n<\/tr>\n<tr class=\"woocommerce-product-attributes-item woocommerce-product-attributes-item--attribute_36-d-i%c5%a1matavimai\">\n<th class=\"woocommerce-product-attributes-item__label\">36 d. i\u0161matavimai<\/th>\n<td class=\"woocommerce-product-attributes-item__value\">Kr\u016btin\u0117 88-93 cm. Liemuo 70-74 cm. Klubai 92-97 cm.<\/td>\n<\/tr>\n<tr class=\"woocommerce-product-attributes-item woocommerce-product-attributes-item--attribute_38-d-i%c5%a1matavimai\">\n<th class=\"woocommerce-product-attributes-item__label\">38 d. i\u0161matavimai<\/th>\n<td class=\"woocommerce-product-attributes-item__value\">Kr\u016btin\u0117 94-99 cm. Liemuo 74-78 cm. Klubai 98-104 cm.<\/td>\n<\/tr>\n<tr class=\"woocommerce-product-attributes-item woocommerce-product-attributes-item--attribute_40-d-i%c5%a1matavimai\">\n<th class=\"woocommerce-product-attributes-item__label\">40 d. i\u0161matavimai<\/th>\n<td class=\"woocommerce-product-attributes-item__value\">Kr\u016btin\u0117 102-106 cm. Liemuo 79-84 cm. Klubai 105-110 cm.<\/td>\n<\/tr>\n<tr class=\"woocommerce-product-attributes-item woocommerce-product-attributes-item--attribute_42-d-i%c5%a1matavimai\">\n<th class=\"woocommerce-product-attributes-item__label\">42 d. i\u0161matavimai<\/th>\n<td class=\"woocommerce-product-attributes-item__value\">Kr\u016btin\u0117 108-112 cm. Liemuo 85-90 cm. Klubai 111-116 cm.<\/td>\n<\/tr>\n<tr class=\"woocommerce-product-attributes-item woocommerce-product-attributes-item--attribute_pa_detal-s\">\n<th class=\"woocommerce-product-attributes-item__label\">Detal\u0117s<\/th>\n<td class=\"woocommerce-product-attributes-item__value\"><a href=\"https:\/\/modneli.com\/en\/detal-s\/kelniu-liemuo-nugaroje-su-guma\/\" rel=\"tag\">Kelni\u0173 liemuo nugaroje su guma. <\/a>\u0160varkas su pamu\u0161alu.<\/td>\n<\/tr>\n<\/tbody>\n<\/table>\n<p>&nbsp;<\/p>\n<p>Labai pra\u0161ome per\u017ei\u016br\u0117ti \u00a0\u201cPapildom\u0105 informacij\u0105\u201d. Atsi\u017evelkite \u012f pateiktus r\u016bb\u0173 i\u0161matavimus (klubai, liemuo, kr\u016btin\u0117, ilgis). Kartais dyd\u017eiai gali b\u016bti ma\u017einti.<\/p>\n<p>M\u016bs\u0173 r\u016bb\u0173 pristatymas gali u\u017etrukti nuo 2 iki 5 dien\u0173.<\/p>\n<p>Mes parduodame savo prekinio \u017eenklo \u201cModneli\u201d ir kit\u0173 gamintoj\u0173 i\u0161 viso pasaulio drabu\u017eius ir aksesuarus. Jeigu nerandate savo dyd\u017eio, kartais galime papildomai u\u017esakyti.<\/p>\n<p>Visais klausimais: d\u0117l dyd\u017eio, pristatymo laiko, gamintojo, keitimo, gr\u0105\u017einimo ar \u0161iaip \u201cpasilabinti\u201d ra\u0161ykite mums:<\/p>\n<p>Facebook:\u00a0\u00a0<a href=\"https:\/\/www.facebook.com\/Modneli\">https:\/\/www.facebook.com\/Modneli<\/a><\/p>\n<p>Instagram: \u00a0<a href=\"https:\/\/www.instagram.com\/modneli_dress\/\">https:\/\/www.instagram.com\/modneli_clothes\/<\/a><\/p>\n<h5><em>Su meile, Modneli.<\/em><\/h5>","protected":false},"excerpt":{"rendered":"<p>Audinys Poliamidas 100% Dydis 36,\u00a038,\u00a040,\u00a042 I\u0161matavimai Kelni\u0173 ilgis apie 110 cm.,\u00a0\u0160varko ilgis apie 73 cm. Spalva Juoda 36 d. i\u0161matavimai&hellip;<\/p>","protected":false},"featured_media":9305,"template":"","meta":[],"product_cat":[141,1678],"product_tag":[1843,474,1814,1737,1832,812,1748,1839,1840,1738,1756,1844,1723,1866,1803,1868,1345,1835,1869,1831,1744,944,1838,1775,1867,1725,1833,1870,187,1289,1753,1834,1836,1780,288,1724,1774,1837,1749,1782,1783,1797,1752,1815,1755,1812,1813,1720,1754],"class_list":["post-9817","product","type-product","status-publish","has-post-thumbnail","hentry","product_cat-sukneles","product_cat-kiti-rubai","product_tag-blizgus-ilgas-sijonas","product_tag-elegantiska-suknel","product_tag-fizine-sukneliu-parduotuve","product_tag-gimtadienio-suknele","product_tag-gipiurinis-sijonas","product_tag-ilga-suknel","product_tag-jaunatviska-suknele","product_tag-jodas-kostiumelis-su-sijonu","product_tag-juoda-ilga-suknele","product_tag-juoda-suknele","product_tag-juodas-kostiumelis","product_tag-juodas-svarkas","product_tag-kasdiene-suknele","product_tag-kelniu-kostiumas","product_tag-klasikine-suknele","product_tag-kostiumai-moterims","product_tag-kostiumas","product_tag-kostiumas-su-sijonu","product_tag-kostiumeliai-moterims-internetu","product_tag-kostiumelis-su-permatomu-sijonu","product_tag-liemenuota-suknele","product_tag-maxi-sijonas","product_tag-maxi-suknele","product_tag-minimalistine-suknele","product_tag-moteriskas-kostiumas","product_tag-ofisine-suknele","product_tag-permatomas-sijonas","product_tag-placiu-kelniu-kostiumas","product_tag-progin-suknel","product_tag-rudas-svarkas","product_tag-rudenines-sukneles","product_tag-sijonas-iki-zemes","product_tag-sijono-kostiumas","product_tag-simtadienio-suknele","product_tag-suknel","product_tag-suknele-i-darba","product_tag-suknele-i-svente","product_tag-suknele-iki-zemes","product_tag-suknele-ilgomis-rankovemis","product_tag-suknele-moterims","product_tag-sukneles-internetu","product_tag-sukneles-moterims-internetu","product_tag-sukneles-rudeniui","product_tag-sukneles-vilniuje","product_tag-sukneles-ziemai","product_tag-sukneliu-parduotuve","product_tag-sukneliu-parduotuve-vilniuje","product_tag-sventine-suknele","product_tag-ziemines-sukneles","pa_audinys-poliamidas-100","pa_detal-s-kelniu-liemuo-nugaroje-su-guma","pa_detal-s-su-pamusalu","pa_dydis-1526","pa_dydis-1527","pa_dydis-1528","pa_dydis-1529","pa_ismatavimai-kelniu-ilgis-apie-110-cm","pa_ismatavimai-svarko-ilgis-apie-73-cm","pa_spalva-juoda","thumb-no-effect","prod-rating-on","prod-has-rating"],"_links":{"self":[{"href":"https:\/\/modneli.com\/en\/wp-json\/wp\/v2\/product\/9817","targetHints":{"allow":["GET"]}}],"collection":[{"href":"https:\/\/modneli.com\/en\/wp-json\/wp\/v2\/product"}],"about":[{"href":"https:\/\/modneli.com\/en\/wp-json\/wp\/v2\/types\/product"}],"wp:featuredmedia":[{"embeddable":true,"href":"https:\/\/modneli.com\/en\/wp-json\/wp\/v2\/media\/9305"}],"wp:attachment":[{"href":"https:\/\/modneli.com\/en\/wp-json\/wp\/v2\/media?parent=9817"}],"wp:term":[{"taxonomy":"product_cat","embeddable":true,"href":"https:\/\/modneli.com\/en\/wp-json\/wp\/v2\/product_cat?post=9817"},{"taxonomy":"product_tag","embeddable":true,"href":"https:\/\/modneli.com\/en\/wp-json\/wp\/v2\/product_tag?post=9817"}],"curies":[{"name":"wp","href":"https:\/\/api.w.org\/{rel}","templated":true}]}}