{"id":9503,"date":"2025-11-03T10:45:24","date_gmt":"2025-11-03T10:45:24","guid":{"rendered":"https:\/\/modneli.com\/?post_type=product&#038;p=9503"},"modified":"2025-12-08T07:49:30","modified_gmt":"2025-12-08T07:49:30","slug":"savana-juoda","status":"publish","type":"product","link":"https:\/\/modneli.com\/en\/product\/savana-juoda\/","title":{"rendered":"&#8220;Savana&#8221; juoda"},"content":{"rendered":"<table class=\"woocommerce-product-attributes shop_attributes\">\n<tbody>\n<tr class=\"woocommerce-product-attributes-item woocommerce-product-attributes-item--attribute_36-d-i%c5%a1matavimai\">\n<th class=\"woocommerce-product-attributes-item__label\">36 d. i\u0161matavimai<\/th>\n<td class=\"woocommerce-product-attributes-item__value\">Kr\u016btin\u0117 86-89 cm. Liemuo 68-71 cm. Klubai 90-94 cm.<\/td>\n<\/tr>\n<tr class=\"woocommerce-product-attributes-item woocommerce-product-attributes-item--attribute_38-d-i%c5%a1matavimai\">\n<th class=\"woocommerce-product-attributes-item__label\">38 d. i\u0161matavimai<\/th>\n<td class=\"woocommerce-product-attributes-item__value\">Kr\u016btin\u0117 90-93 cm. Liemuo 72-75 cm. Klubai 95-99 cm.<\/td>\n<\/tr>\n<tr class=\"woocommerce-product-attributes-item woocommerce-product-attributes-item--attribute_40-d-i%c5%a1matavimai\">\n<th class=\"woocommerce-product-attributes-item__label\">40 d. i\u0161matavimai<\/th>\n<td class=\"woocommerce-product-attributes-item__value\">Kr\u016btin\u0117 94-97 cm. Liemuo 76-80 cm. Klubai 100-104 cm.<\/td>\n<\/tr>\n<tr class=\"woocommerce-product-attributes-item woocommerce-product-attributes-item--attribute_42-d-i%c5%a1matavimai\">\n<th class=\"woocommerce-product-attributes-item__label\">42 d. i\u0161matavimai<\/th>\n<td class=\"woocommerce-product-attributes-item__value\">Kr\u016btin\u0117 98-103 cm. Liemuo 81-84 cm. Klubai 105-110 cm.<\/td>\n<\/tr>\n<\/tbody>\n<\/table>\n<p>&nbsp;<\/p>\n<p>Labai pra\u0161ome per\u017ei\u016br\u0117ti \u00a0\u201cPapildom\u0105 informacij\u0105\u201d. Atsi\u017evelkite \u012f pateiktus r\u016bb\u0173 i\u0161matavimus (klubai, liemuo, kr\u016btin\u0117, ilgis). Kartais dyd\u017eiai gali b\u016bti ma\u017einti.<\/p>\n<p>M\u016bs\u0173 r\u016bb\u0173 pristatymas gali u\u017etrukti nuo 2 iki 5 dien\u0173.<\/p>\n<p>Mes parduodame savo prekinio \u017eenklo \u201cModneli\u201d ir kit\u0173 gamintoj\u0173 i\u0161 viso pasaulio drabu\u017eius ir aksesuarus. Jeigu nerandate savo dyd\u017eio, kartais galime papildomai u\u017esakyti.<\/p>\n<p>Visais klausimais: d\u0117l dyd\u017eio, pristatymo laiko, gamintojo, keitimo, gr\u0105\u017einimo ar \u0161iaip \u201cpasilabinti\u201d ra\u0161ykite mums:<\/p>\n<p>Facebook:\u00a0\u00a0<a href=\"https:\/\/www.facebook.com\/Modneli\">https:\/\/www.facebook.com\/Modneli<\/a><\/p>\n<p>Instagram: \u00a0<a href=\"https:\/\/www.instagram.com\/modneli_dress\/\">https:\/\/www.instagram.com\/modneli_clothes\/<\/a><\/p>\n<h5><em>Su meile, Modneli.<\/em><\/h5>","protected":false},"excerpt":{"rendered":"<p>36 d. i\u0161matavimai Kr\u016btin\u0117 86-89 cm. Liemuo 68-71 cm. Klubai 90-94 cm. 38 d. i\u0161matavimai Kr\u016btin\u0117 90-93 cm. Liemuo 72-75&hellip;<\/p>","protected":false},"featured_media":9509,"template":"","meta":[],"product_cat":[141],"product_tag":[474,1737,1748,1738,1723,1744,1725,187,288,1724,1743,1749,1750],"class_list":["post-9503","product","type-product","status-publish","has-post-thumbnail","hentry","product_cat-sukneles","product_tag-elegantiska-suknel","product_tag-gimtadienio-suknele","product_tag-jaunatviska-suknele","product_tag-juoda-suknele","product_tag-kasdiene-suknele","product_tag-liemenuota-suknele","product_tag-ofisine-suknele","product_tag-progin-suknel","product_tag-suknel","product_tag-suknele-i-darba","product_tag-suknele-iki-keliu","product_tag-suknele-ilgomis-rankovemis","product_tag-suknele-su-sagomis","pa_audinys-medvilne-70-poliesteris-30","pa_dydis-36-s","pa_dydis-38-m","pa_dydis-40-m-l","pa_dydis-42-l","pa_ismatavimai-sukneles-ilgis-apie-88-cm","pa_spalva-juoda","thumb-no-effect","prod-rating-on","prod-has-rating"],"_links":{"self":[{"href":"https:\/\/modneli.com\/en\/wp-json\/wp\/v2\/product\/9503","targetHints":{"allow":["GET"]}}],"collection":[{"href":"https:\/\/modneli.com\/en\/wp-json\/wp\/v2\/product"}],"about":[{"href":"https:\/\/modneli.com\/en\/wp-json\/wp\/v2\/types\/product"}],"wp:featuredmedia":[{"embeddable":true,"href":"https:\/\/modneli.com\/en\/wp-json\/wp\/v2\/media\/9509"}],"wp:attachment":[{"href":"https:\/\/modneli.com\/en\/wp-json\/wp\/v2\/media?parent=9503"}],"wp:term":[{"taxonomy":"product_cat","embeddable":true,"href":"https:\/\/modneli.com\/en\/wp-json\/wp\/v2\/product_cat?post=9503"},{"taxonomy":"product_tag","embeddable":true,"href":"https:\/\/modneli.com\/en\/wp-json\/wp\/v2\/product_tag?post=9503"}],"curies":[{"name":"wp","href":"https:\/\/api.w.org\/{rel}","templated":true}]}}