{"id":9463,"date":"2025-10-31T08:10:49","date_gmt":"2025-10-31T08:10:49","guid":{"rendered":"https:\/\/modneli.com\/?post_type=product&#038;p=9463"},"modified":"2025-12-08T13:09:43","modified_gmt":"2025-12-08T13:09:43","slug":"lana","status":"publish","type":"product","link":"https:\/\/modneli.com\/en\/product\/lana\/","title":{"rendered":"&#8220;Lana&#8221; dviej\u0173 dali\u0173"},"content":{"rendered":"<table class=\"woocommerce-product-attributes shop_attributes\">\n<tbody>\n<tr class=\"woocommerce-product-attributes-item woocommerce-product-attributes-item--attribute_36-d-i%c5%a1matavimai\">\n<th class=\"woocommerce-product-attributes-item__label\">36 d. i\u0161matavimai<\/th>\n<td class=\"woocommerce-product-attributes-item__value\">Kr\u016btin\u0117 90-95 cm. Liemuo 69-72 cm. Klubai 92-96 cm.<\/td>\n<\/tr>\n<tr class=\"woocommerce-product-attributes-item woocommerce-product-attributes-item--attribute_38-d-i%c5%a1matavimai\">\n<th class=\"woocommerce-product-attributes-item__label\">38 d. i\u0161matavimai<\/th>\n<td class=\"woocommerce-product-attributes-item__value\">Kr\u016btin\u0117 96-99 cm. Liemuo 74-77 cm. Klubai 97-102 cm.<\/td>\n<\/tr>\n<tr class=\"woocommerce-product-attributes-item woocommerce-product-attributes-item--attribute_40-d-i%c5%a1matavimai\">\n<th class=\"woocommerce-product-attributes-item__label\">40 d. i\u0161matavimai<\/th>\n<td class=\"woocommerce-product-attributes-item__value\">Kr\u016btin\u0117 100-105 cm. Liemuo 78-81 cm. Klubai 103-107 cm.<\/td>\n<\/tr>\n<tr class=\"woocommerce-product-attributes-item woocommerce-product-attributes-item--attribute_42-d-i%c5%a1matavimai\">\n<th class=\"woocommerce-product-attributes-item__label\">42 d. i\u0161matavimai<\/th>\n<td class=\"woocommerce-product-attributes-item__value\">Kr\u016btin\u0117 106-111 cm. Liemuo 82-85 cm. Klubai 108-112 cm.<\/td>\n<\/tr>\n<\/tbody>\n<\/table>\n<p>&nbsp;<\/p>\n<p>Labai pra\u0161ome per\u017ei\u016br\u0117ti \u00a0\u201cPapildom\u0105 informacij\u0105\u201d. Atsi\u017evelkite \u012f pateiktus r\u016bb\u0173 i\u0161matavimus (klubai, liemuo, kr\u016btin\u0117, ilgis). Kartais dyd\u017eiai gali b\u016bti ma\u017einti.<\/p>\n<p>M\u016bs\u0173 r\u016bb\u0173 pristatymas gali u\u017etrukti nuo 2 iki 5 dien\u0173.<\/p>\n<p>Mes parduodame savo prekinio \u017eenklo \u201cModneli\u201d ir kit\u0173 gamintoj\u0173 i\u0161 viso pasaulio drabu\u017eius ir aksesuarus. Jeigu nerandate savo dyd\u017eio, kartais galime papildomai u\u017esakyti.<\/p>\n<p>Visais klausimais: d\u0117l dyd\u017eio, pristatymo laiko, gamintojo, keitimo, gr\u0105\u017einimo ar \u0161iaip \u201cpasilabinti\u201d ra\u0161ykite mums:<\/p>\n<p>Facebook:\u00a0\u00a0<a href=\"https:\/\/www.facebook.com\/Modneli\">https:\/\/www.facebook.com\/Modneli<\/a><\/p>\n<p>Instagram: \u00a0<a href=\"https:\/\/www.instagram.com\/modneli_clothes\/\">https:\/\/www.instagram.com\/modneli_clothes\/<\/a><\/p>\n<h5><em>Su meile, Modneli.<\/em><\/h5>","protected":false},"excerpt":{"rendered":"<p>36 d. i\u0161matavimai Kr\u016btin\u0117 90-95 cm. Liemuo 69-72 cm. Klubai 92-96 cm. 38 d. i\u0161matavimai Kr\u016btin\u0117 96-99 cm. Liemuo 74-77&hellip;<\/p>","protected":false},"featured_media":9469,"template":"","meta":[],"product_cat":[141,1678],"product_tag":[1758,1757,961,474,1737,1748,1175,1738,1756,1736,1723,1762,1764,1763,1759,1753,288,1761,1752,1760],"class_list":["post-9463","product","type-product","status-publish","has-post-thumbnail","hentry","product_cat-sukneles","product_cat-kiti-rubai","product_tag-aksominis-kostiumelis","product_tag-dvieju-daliu-suknele","product_tag-elegantiska-midi-suknel","product_tag-elegantiska-suknel","product_tag-gimtadienio-suknele","product_tag-jaunatviska-suknele","product_tag-juoda-aksomin-suknel","product_tag-juoda-suknele","product_tag-juodas-kostiumelis","product_tag-kaledine-suknele","product_tag-kasdiene-suknele","product_tag-kostiumelis-su-neriniais","product_tag-neriniu-suknele","product_tag-neriniuota-ilga-suknele","product_tag-proginis-kostiumelis","product_tag-rudenines-sukneles","product_tag-suknel","product_tag-suknele-su-neriniais","product_tag-sukneles-rudeniui","product_tag-sventinis-kostiumelis","pa_audinys-poliesteris-100","pa_detal-s-standus-audinys","pa_detal-s-su-pamusalu","pa_dydis-1526","pa_dydis-1527","pa_dydis-1528","pa_dydis-1529","pa_ismatavimai-palaidines-ilgis-61-cm","pa_ismatavimai-sijono-ilgis-94-cm","pa_spalva-juoda","thumb-no-effect","prod-rating-on","prod-has-rating"],"_links":{"self":[{"href":"https:\/\/modneli.com\/en\/wp-json\/wp\/v2\/product\/9463","targetHints":{"allow":["GET"]}}],"collection":[{"href":"https:\/\/modneli.com\/en\/wp-json\/wp\/v2\/product"}],"about":[{"href":"https:\/\/modneli.com\/en\/wp-json\/wp\/v2\/types\/product"}],"wp:featuredmedia":[{"embeddable":true,"href":"https:\/\/modneli.com\/en\/wp-json\/wp\/v2\/media\/9469"}],"wp:attachment":[{"href":"https:\/\/modneli.com\/en\/wp-json\/wp\/v2\/media?parent=9463"}],"wp:term":[{"taxonomy":"product_cat","embeddable":true,"href":"https:\/\/modneli.com\/en\/wp-json\/wp\/v2\/product_cat?post=9463"},{"taxonomy":"product_tag","embeddable":true,"href":"https:\/\/modneli.com\/en\/wp-json\/wp\/v2\/product_tag?post=9463"}],"curies":[{"name":"wp","href":"https:\/\/api.w.org\/{rel}","templated":true}]}}