{"id":9377,"date":"2025-10-29T10:12:03","date_gmt":"2025-10-29T10:12:03","guid":{"rendered":"https:\/\/modneli.com\/?post_type=product&#038;p=9377"},"modified":"2026-03-23T11:56:52","modified_gmt":"2026-03-23T11:56:52","slug":"ella","status":"publish","type":"product","link":"https:\/\/modneli.com\/en\/product\/ella\/","title":{"rendered":"&#8220;Ella&#8221;"},"content":{"rendered":"<table class=\"woocommerce-product-attributes shop_attributes\">\n<tbody>\n<tr class=\"woocommerce-product-attributes-item woocommerce-product-attributes-item--attribute_38-d-i%c5%a1matavimai\">\n<th class=\"woocommerce-product-attributes-item__label\">38 d. i\u0161matavimai<\/th>\n<td class=\"woocommerce-product-attributes-item__value\">Kr\u016btin\u0117 88-92 cm. Liemuo 70-72 cm. Klubai 90-96 cm.<\/td>\n<\/tr>\n<tr class=\"woocommerce-product-attributes-item woocommerce-product-attributes-item--attribute_40-d-i%c5%a1matavimai\">\n<th class=\"woocommerce-product-attributes-item__label\">40 d. i\u0161matavimai<\/th>\n<td class=\"woocommerce-product-attributes-item__value\">Kr\u016btin\u0117 93-97 cm. Liemuo 73-77 cm. Klubai 92-98 cm.<\/td>\n<\/tr>\n<tr class=\"woocommerce-product-attributes-item woocommerce-product-attributes-item--attribute_42-d-i%c5%a1matavimai\">\n<th class=\"woocommerce-product-attributes-item__label\">42 d. i\u0161matavimai<\/th>\n<td class=\"woocommerce-product-attributes-item__value\">Kr\u016btin\u0117 99-104 cm. Liemuo 78-82 cm. Klubai 95-105 cm.<\/td>\n<\/tr>\n<\/tbody>\n<\/table>\n<p>&nbsp;<\/p>\n<p>Labai pra\u0161ome per\u017ei\u016br\u0117ti \u00a0\u201cPapildom\u0105 informacij\u0105\u201d. Atsi\u017evelkite \u012f pateiktus r\u016bb\u0173 i\u0161matavimus (klubai, liemuo, kr\u016btin\u0117, ilgis). Kartais dyd\u017eiai gali b\u016bti ma\u017einti.<\/p>\n<p>M\u016bs\u0173 r\u016bb\u0173 pristatymas gali u\u017etrukti nuo 2 iki 5 dien\u0173.<\/p>\n<p>Mes parduodame savo prekinio \u017eenklo \u201cModneli\u201d ir kit\u0173 gamintoj\u0173 i\u0161 viso pasaulio drabu\u017eius ir aksesuarus. Jeigu nerandate savo dyd\u017eio, kartais galime papildomai u\u017esakyti.<\/p>\n<p>Visais klausimais: d\u0117l dyd\u017eio, pristatymo laiko, gamintojo, keitimo, gr\u0105\u017einimo ar \u0161iaip \u201cpasilabinti\u201d ra\u0161ykite mums:<\/p>\n<p>Facebook:\u00a0\u00a0<a href=\"https:\/\/www.facebook.com\/Modneli\">https:\/\/www.facebook.com\/Modneli<\/a><\/p>\n<p>Instagram: \u00a0<a href=\"https:\/\/www.instagram.com\/modneli_clothes\/\">https:\/\/www.instagram.com\/modneli_clothes\/<\/a><\/p>\n<h5><em>Su meile, Modneli.<\/em><\/h5>","protected":false},"excerpt":{"rendered":"<p>38 d. i\u0161matavimai Kr\u016btin\u0117 88-92 cm. Liemuo 70-72 cm. Klubai 90-96 cm. 40 d. i\u0161matavimai Kr\u016btin\u0117 93-97 cm. Liemuo 73-77&hellip;<\/p>","protected":false},"featured_media":9382,"template":"","meta":[],"product_cat":[141],"product_tag":[1769,474,1737,1165,1748,1771,1738,1787,1736,1723,1744,1770,1775,187,1784,1786,1753,1780,288,1774,1782,1785,1750,1772,1752,1788],"class_list":["post-9377","product","type-product","status-publish","has-post-thumbnail","hentry","product_cat-sukneles","product_tag-elegantiska-mini-suknele","product_tag-elegantiska-suknel","product_tag-gimtadienio-suknele","product_tag-sp-dinga-trumpa-suknel","product_tag-jaunatviska-suknele","product_tag-juoda-mini-suknele","product_tag-juoda-suknele","product_tag-juoda-trumpa-suknele-simtadieniui","product_tag-kaledine-suknele","product_tag-kasdiene-suknele","product_tag-liemenuota-suknele","product_tag-mini-suknele","product_tag-minimalistine-suknele","product_tag-progin-suknel","product_tag-pusta-suknele","product_tag-pusta-suknele-moterims","product_tag-rudenines-sukneles","product_tag-simtadienio-suknele","product_tag-suknel","product_tag-suknele-i-svente","product_tag-suknele-moterims","product_tag-suknele-moterims-pustomis-rankovemis","product_tag-suknele-su-sagomis","product_tag-suknele-virs-keliu","product_tag-sukneles-rudeniui","product_tag-trumpa-juoda-suknele-moterims","pa_audinys-poliesteris-95-elastanas-5","pa_dydis-38s","pa_dydis-40m","pa_dydis-42m-l","pa_ismatavimai-sukneles-ilgis-apie-85-cm","pa_spalva-juoda","thumb-no-effect","prod-rating-on","prod-has-rating"],"_links":{"self":[{"href":"https:\/\/modneli.com\/en\/wp-json\/wp\/v2\/product\/9377","targetHints":{"allow":["GET"]}}],"collection":[{"href":"https:\/\/modneli.com\/en\/wp-json\/wp\/v2\/product"}],"about":[{"href":"https:\/\/modneli.com\/en\/wp-json\/wp\/v2\/types\/product"}],"wp:featuredmedia":[{"embeddable":true,"href":"https:\/\/modneli.com\/en\/wp-json\/wp\/v2\/media\/9382"}],"wp:attachment":[{"href":"https:\/\/modneli.com\/en\/wp-json\/wp\/v2\/media?parent=9377"}],"wp:term":[{"taxonomy":"product_cat","embeddable":true,"href":"https:\/\/modneli.com\/en\/wp-json\/wp\/v2\/product_cat?post=9377"},{"taxonomy":"product_tag","embeddable":true,"href":"https:\/\/modneli.com\/en\/wp-json\/wp\/v2\/product_tag?post=9377"}],"curies":[{"name":"wp","href":"https:\/\/api.w.org\/{rel}","templated":true}]}}