{"id":9238,"date":"2025-10-28T08:49:25","date_gmt":"2025-10-28T08:49:25","guid":{"rendered":"https:\/\/modneli.com\/?post_type=product&#038;p=9238"},"modified":"2025-11-26T10:21:48","modified_gmt":"2025-11-26T10:21:48","slug":"keri","status":"publish","type":"product","link":"https:\/\/modneli.com\/en\/product\/keri\/","title":{"rendered":"&#8220;Keri&#8221;"},"content":{"rendered":"<p>Ma\u017einti dyd\u017eiai.<\/p>\n<table class=\"woocommerce-product-attributes shop_attributes\">\n<tbody>\n<tr class=\"woocommerce-product-attributes-item woocommerce-product-attributes-item--attribute_36-d-i%c5%a1matavimai\">\n<th class=\"woocommerce-product-attributes-item__label\">36 d. i\u0161matavimai<\/th>\n<td class=\"woocommerce-product-attributes-item__value\">Kr\u016btin\u0117 84-87 cm. Liemuo 64-67 cm. Klubai 90-95 cm.<\/td>\n<\/tr>\n<tr class=\"woocommerce-product-attributes-item woocommerce-product-attributes-item--attribute_38-d-i%c5%a1matavimai\">\n<th class=\"woocommerce-product-attributes-item__label\">38 d. i\u0161matavimai<\/th>\n<td class=\"woocommerce-product-attributes-item__value\">Kr\u016btin\u0117 88-92 cm. Liemuo 68-72 cm. Klubai 95-100 cm.<\/td>\n<\/tr>\n<tr class=\"woocommerce-product-attributes-item woocommerce-product-attributes-item--attribute_40-d-i%c5%a1matavimai\">\n<th class=\"woocommerce-product-attributes-item__label\">40 d. i\u0161matavimai<\/th>\n<td class=\"woocommerce-product-attributes-item__value\">Kr\u016btin\u0117 93-96 cm. Liemuo 73-77 cm. Klubai 100-105 cm.<\/td>\n<\/tr>\n<tr class=\"woocommerce-product-attributes-item woocommerce-product-attributes-item--attribute_42-d-i%c5%a1matavimai\">\n<th class=\"woocommerce-product-attributes-item__label\">42 d. i\u0161matavimai<\/th>\n<td class=\"woocommerce-product-attributes-item__value\">Kr\u016btin\u0117 97-100 cm. Liemuo 78-83 cm. Klubai 105-110 cm.<\/td>\n<\/tr>\n<\/tbody>\n<\/table>\n<p>&nbsp;<\/p>\n<p>Labai pra\u0161ome per\u017ei\u016br\u0117ti \u00a0\u201cPapildom\u0105 informacij\u0105\u201d. Atsi\u017evelkite \u012f pateiktus r\u016bb\u0173 i\u0161matavimus (klubai, liemuo, kr\u016btin\u0117, ilgis). Kartais dyd\u017eiai gali b\u016bti ma\u017einti.<\/p>\n<p>M\u016bs\u0173 r\u016bb\u0173 pristatymas gali u\u017etrukti nuo 2 iki 5 dien\u0173.<\/p>\n<p>Mes parduodame savo prekinio \u017eenklo \u201cModneli\u201d ir kit\u0173 gamintoj\u0173 i\u0161 viso pasaulio drabu\u017eius ir aksesuarus. Jeigu nerandate savo dyd\u017eio, kartais galime papildomai u\u017esakyti.<\/p>\n<p>Visais klausimais: d\u0117l dyd\u017eio, pristatymo laiko, gamintojo, keitimo, gr\u0105\u017einimo ar \u0161iaip \u201cpasilabinti\u201d ra\u0161ykite mums:<\/p>\n<p>Facebook:\u00a0\u00a0<a href=\"https:\/\/www.facebook.com\/Modneli\">https:\/\/www.facebook.com\/Modneli<\/a><\/p>\n<p>Instagram: \u00a0<a href=\"https:\/\/www.instagram.com\/modneli_clothes\/\">https:\/\/www.instagram.com\/modneli_clothes\/<\/a><\/p>\n<h5><em>Su meile, Modneli.<\/em><\/h5>","protected":false},"excerpt":{"rendered":"<p>Ma\u017einti dyd\u017eiai. 36 d. i\u0161matavimai Kr\u016btin\u0117 84-87 cm. Liemuo 64-67 cm. Klubai 90-95 cm. 38 d. i\u0161matavimai Kr\u016btin\u0117 88-92 cm.&hellip;<\/p>","protected":false},"featured_media":9649,"template":"","meta":[],"product_cat":[141],"product_tag":[1732,474,1737,1165,1748,1771,1738,1779,1781,1736,1744,1770,187,1780,288,1782,1745,1750,1772,1783,1797,1720,1788,1740],"class_list":["post-9238","product","type-product","status-publish","has-post-thumbnail","hentry","product_cat-sukneles","product_tag-blizgi-suknele","product_tag-elegantiska-suknel","product_tag-gimtadienio-suknele","product_tag-sp-dinga-trumpa-suknel","product_tag-jaunatviska-suknele","product_tag-juoda-mini-suknele","product_tag-juoda-suknele","product_tag-juoda-suknele-su-baltomis-kluostemis","product_tag-juodai-balta-suknele","product_tag-kaledine-suknele","product_tag-liemenuota-suknele","product_tag-mini-suknele","product_tag-progin-suknel","product_tag-simtadienio-suknele","product_tag-suknel","product_tag-suknele-moterims","product_tag-suknele-su-perlais","product_tag-suknele-su-sagomis","product_tag-suknele-virs-keliu","product_tag-sukneles-internetu","product_tag-sukneles-moterims-internetu","product_tag-sventine-suknele","product_tag-trumpa-juoda-suknele-moterims","product_tag-varpelio-formos-suknele","pa_audinys-poliesteris-95-spandex-5","pa_detal-s-tamprumas-geras","pa_detal-s-suknele-2ju-daliu-sijonas-suknele","pa_detal-s-uzsegimas-uztrauktukas-sone","pa_dydis-36xs","pa_dydis-38s","pa_dydis-40m","pa_dydis-42m-l","pa_ismatavimai-sijono-ilgis-47-cm","pa_ismatavimai-sukneles-ilgis-84-cm","pa_spalva-juoda","thumb-no-effect","prod-rating-on","prod-has-rating"],"_links":{"self":[{"href":"https:\/\/modneli.com\/en\/wp-json\/wp\/v2\/product\/9238","targetHints":{"allow":["GET"]}}],"collection":[{"href":"https:\/\/modneli.com\/en\/wp-json\/wp\/v2\/product"}],"about":[{"href":"https:\/\/modneli.com\/en\/wp-json\/wp\/v2\/types\/product"}],"wp:featuredmedia":[{"embeddable":true,"href":"https:\/\/modneli.com\/en\/wp-json\/wp\/v2\/media\/9649"}],"wp:attachment":[{"href":"https:\/\/modneli.com\/en\/wp-json\/wp\/v2\/media?parent=9238"}],"wp:term":[{"taxonomy":"product_cat","embeddable":true,"href":"https:\/\/modneli.com\/en\/wp-json\/wp\/v2\/product_cat?post=9238"},{"taxonomy":"product_tag","embeddable":true,"href":"https:\/\/modneli.com\/en\/wp-json\/wp\/v2\/product_tag?post=9238"}],"curies":[{"name":"wp","href":"https:\/\/api.w.org\/{rel}","templated":true}]}}