{"id":9142,"date":"2025-10-13T09:33:48","date_gmt":"2025-10-13T09:33:48","guid":{"rendered":"https:\/\/modneli.com\/?post_type=product&#038;p=9142"},"modified":"2025-12-10T17:53:22","modified_gmt":"2025-12-10T17:53:22","slug":"mia","status":"publish","type":"product","link":"https:\/\/modneli.com\/en\/product\/mia\/","title":{"rendered":"&#8220;Mia&#8221;"},"content":{"rendered":"<table class=\"woocommerce-product-attributes shop_attributes\">\n<tbody>\n<tr class=\"woocommerce-product-attributes-item woocommerce-product-attributes-item--attribute_36-d-i%c5%a1matavimai\">\n<th class=\"woocommerce-product-attributes-item__label\">36 d. i\u0161matavimai<\/th>\n<td class=\"woocommerce-product-attributes-item__value\">Kr\u016btin\u0117 88-95 cm. Liemuo 68-73 cm. Klubai 92-95 cm.<\/td>\n<\/tr>\n<tr class=\"woocommerce-product-attributes-item woocommerce-product-attributes-item--attribute_38-d-i%c5%a1matavimai\">\n<th class=\"woocommerce-product-attributes-item__label\">38 d. i\u0161matavimai<\/th>\n<td class=\"woocommerce-product-attributes-item__value\">Kr\u016btin\u0117 96-100 cm. Liemuo 74-78 cm. Klubai 95-99 cm.<\/td>\n<\/tr>\n<tr class=\"woocommerce-product-attributes-item woocommerce-product-attributes-item--attribute_40-d-i%c5%a1matavimai\">\n<th class=\"woocommerce-product-attributes-item__label\">40 d. i\u0161matavimai<\/th>\n<td class=\"woocommerce-product-attributes-item__value\">Kr\u016btin\u0117 101-106 cm. Liemuo 79-83 cm. Klubai 101-106 cm.<\/td>\n<\/tr>\n<tr class=\"woocommerce-product-attributes-item woocommerce-product-attributes-item--attribute_42-d-i%c5%a1matavimai\">\n<th class=\"woocommerce-product-attributes-item__label\">42 d. i\u0161matavimai<\/th>\n<td class=\"woocommerce-product-attributes-item__value\">Kr\u016btin\u0117 107-111 cm. Liemuo 84-89 cm. Klubai 107-112 cm.<\/td>\n<\/tr>\n<\/tbody>\n<\/table>\n<p>&nbsp;<\/p>\n<p>Labai pra\u0161ome per\u017ei\u016br\u0117ti \u00a0\u201cPapildom\u0105 informacij\u0105\u201d. Atsi\u017evelkite \u012f pateiktus r\u016bb\u0173 i\u0161matavimus (klubai, liemuo, kr\u016btin\u0117, ilgis). Kartais dyd\u017eiai gali b\u016bti ma\u017einti.<\/p>\n<p>M\u016bs\u0173 r\u016bb\u0173 pristatymas gali u\u017etrukti nuo 2 iki 5 dien\u0173.<\/p>\n<p>Mes parduodame savo prekinio \u017eenklo \u201cModneli\u201d ir kit\u0173 gamintoj\u0173 i\u0161 viso pasaulio drabu\u017eius ir aksesuarus. Jeigu nerandate savo dyd\u017eio, kartais galime papildomai u\u017esakyti.<\/p>\n<p>Visais klausimais: d\u0117l dyd\u017eio, pristatymo laiko, gamintojo, keitimo, gr\u0105\u017einimo ar \u0161iaip \u201cpasilabinti\u201d ra\u0161ykite mums:<\/p>\n<p>Facebook:\u00a0\u00a0<a href=\"https:\/\/www.facebook.com\/Modneli\">https:\/\/www.facebook.com\/Modneli<\/a><\/p>\n<p>Instagram: \u00a0<a href=\"https:\/\/www.instagram.com\/modneli_clothes\/\">https:\/\/www.instagram.com\/modneli_clothes\/<\/a><\/p>\n<h5><em>Su meile, Modneli.<\/em><\/h5>","protected":false},"excerpt":{"rendered":"<p>36 d. i\u0161matavimai Kr\u016btin\u0117 88-95 cm. Liemuo 68-73 cm. Klubai 92-95 cm. 38 d. i\u0161matavimai Kr\u016btin\u0117 96-100 cm. Liemuo 74-78&hellip;<\/p>","protected":false},"featured_media":9309,"template":"","meta":[],"product_cat":[141],"product_tag":[1879,1881,1882,961,474,1814,1737,812,1748,1738,1736,1723,1803,1744,1775,1725,1857,187,1880,1753,288,1724,1774,1749,1782,1746,1783,1797,1752,1815,1755,1812,1813,1720,1768,1754],"class_list":["post-9142","product","type-product","status-publish","has-post-thumbnail","hentry","product_cat-sukneles","product_tag-drabuziai","product_tag-drabuziai-moterims-internetu","product_tag-drabuziai-vilniuje","product_tag-elegantiska-midi-suknel","product_tag-elegantiska-suknel","product_tag-fizine-sukneliu-parduotuve","product_tag-gimtadienio-suknele","product_tag-ilga-suknel","product_tag-jaunatviska-suknele","product_tag-juoda-suknele","product_tag-kaledine-suknele","product_tag-kasdiene-suknele","product_tag-klasikine-suknele","product_tag-liemenuota-suknele","product_tag-minimalistine-suknele","product_tag-ofisine-suknele","product_tag-piestuko-formos-suknele","product_tag-progin-suknel","product_tag-rubai","product_tag-rudenines-sukneles","product_tag-suknel","product_tag-suknele-i-darba","product_tag-suknele-i-svente","product_tag-suknele-ilgomis-rankovemis","product_tag-suknele-moterims","product_tag-suknele-zemiau-keliu","product_tag-sukneles-internetu","product_tag-sukneles-moterims-internetu","product_tag-sukneles-rudeniui","product_tag-sukneles-vilniuje","product_tag-sukneles-ziemai","product_tag-sukneliu-parduotuve","product_tag-sukneliu-parduotuve-vilniuje","product_tag-sventine-suknele","product_tag-tampri-suknele","product_tag-ziemines-sukneles","pa_audinys-poliamidas-97-elastanas-3","pa_detal-s-sage-nusisega","pa_dydis-1526","pa_dydis-1527","pa_dydis-1528","pa_dydis-1529","pa_ismatavimai-sukneles-ilgis-122-cm","pa_spalva-juoda","thumb-no-effect","prod-rating-on","prod-has-rating"],"_links":{"self":[{"href":"https:\/\/modneli.com\/en\/wp-json\/wp\/v2\/product\/9142","targetHints":{"allow":["GET"]}}],"collection":[{"href":"https:\/\/modneli.com\/en\/wp-json\/wp\/v2\/product"}],"about":[{"href":"https:\/\/modneli.com\/en\/wp-json\/wp\/v2\/types\/product"}],"wp:featuredmedia":[{"embeddable":true,"href":"https:\/\/modneli.com\/en\/wp-json\/wp\/v2\/media\/9309"}],"wp:attachment":[{"href":"https:\/\/modneli.com\/en\/wp-json\/wp\/v2\/media?parent=9142"}],"wp:term":[{"taxonomy":"product_cat","embeddable":true,"href":"https:\/\/modneli.com\/en\/wp-json\/wp\/v2\/product_cat?post=9142"},{"taxonomy":"product_tag","embeddable":true,"href":"https:\/\/modneli.com\/en\/wp-json\/wp\/v2\/product_tag?post=9142"}],"curies":[{"name":"wp","href":"https:\/\/api.w.org\/{rel}","templated":true}]}}