{"id":8572,"date":"2025-03-31T11:20:53","date_gmt":"2025-03-31T11:20:53","guid":{"rendered":"https:\/\/modneli.com\/?post_type=product&#038;p=8572"},"modified":"2026-02-02T08:40:41","modified_gmt":"2026-02-02T08:40:41","slug":"ava","status":"publish","type":"product","link":"https:\/\/modneli.com\/en\/product\/ava\/","title":{"rendered":"Ava"},"content":{"rendered":"<table class=\"woocommerce-product-attributes shop_attributes\">\n<tbody>\n<tr class=\"woocommerce-product-attributes-item woocommerce-product-attributes-item--attribute_38-i%c5%a1matavimai\">\n<th class=\"woocommerce-product-attributes-item__label\">38 i\u0161matavimai<\/th>\n<td class=\"woocommerce-product-attributes-item__value\">Kr\u016btin\u0117 86-90 cm. Liemuo 66-70 cm. Klubai 88-94 cm.<\/td>\n<\/tr>\n<tr class=\"woocommerce-product-attributes-item woocommerce-product-attributes-item--attribute_40-i%c5%a1matavimai\">\n<th class=\"woocommerce-product-attributes-item__label\">40 i\u0161matavimai<\/th>\n<td class=\"woocommerce-product-attributes-item__value\">Kr\u016btin\u0117 92-96 cm. Liemuo 72-76 cm. Klubai 96-100 cm.<\/td>\n<\/tr>\n<tr class=\"woocommerce-product-attributes-item woocommerce-product-attributes-item--attribute_42-i%c5%a1matavimai\">\n<th class=\"woocommerce-product-attributes-item__label\">42 i\u0161matavimai<\/th>\n<td class=\"woocommerce-product-attributes-item__value\">Kr\u016btin\u0117 98-102 cm. Liemuo 78-82 cm. Klubai 102-108 cm.<\/td>\n<\/tr>\n<\/tbody>\n<\/table>\n<p>&nbsp;<\/p>\n<p>Labai pra\u0161ome per\u017ei\u016br\u0117ti \u00a0\u201cPapildom\u0105 informacij\u0105\u201d. Atsi\u017evelkite \u012f pateiktus r\u016bb\u0173 i\u0161matavimus (klubai, liemuo, kr\u016btin\u0117, ilgis). Kartais dyd\u017eiai gali b\u016bti ma\u017einti.<\/p>\n<p>M\u016bs\u0173 r\u016bb\u0173 pristatymas gali u\u017etrukti nuo 2 iki 5 dien\u0173.<\/p>\n<p>Mes parduodame savo prekinio \u017eenklo \u201cModneli\u201d ir kit\u0173 gamintoj\u0173 i\u0161 viso pasaulio drabu\u017eius ir aksesuarus. Jeigu nerandate savo dyd\u017eio, kartais galime papildomai u\u017esakyti.<\/p>\n<p>Visais klausimais: d\u0117l dyd\u017eio, pristatymo laiko, gamintojo, keitimo, gr\u0105\u017einimo ar \u0161iaip \u201cpasilabinti\u201d ra\u0161ykite mums:<\/p>\n<p>Facebook:\u00a0\u00a0<a href=\"https:\/\/www.facebook.com\/Modneli\">https:\/\/www.facebook.com\/Modneli<\/a><\/p>\n<p>Instagram: \u00a0<a href=\"https:\/\/www.instagram.com\/modneli_dress\">https:\/\/www.instagram.com\/modneli_clothes\/<\/a><\/p>","protected":false},"excerpt":{"rendered":"<p>38 i\u0161matavimai Kr\u016btin\u0117 86-90 cm. Liemuo 66-70 cm. Klubai 88-94 cm. 40 i\u0161matavimai Kr\u016btin\u0117 92-96 cm. Liemuo 72-76 cm. Klubai&hellip;<\/p>","protected":false},"featured_media":10026,"template":"","meta":[],"product_cat":[141],"product_tag":[1769,474,1932,1814,1737,1906,1165,1748,1744,1770,187,1937,1780,288,1774,1782,1772,1783,1815,1812,1813,1720,1931],"class_list":["post-8572","product","type-product","status-publish","has-post-thumbnail","hentry","product_cat-sukneles","product_tag-elegantiska-mini-suknele","product_tag-elegantiska-suknel","product_tag-elegantiska-suknele-atvirais-peciais","product_tag-fizine-sukneliu-parduotuve","product_tag-gimtadienio-suknele","product_tag-isleistuviu-sukneles","product_tag-sp-dinga-trumpa-suknel","product_tag-jaunatviska-suknele","product_tag-liemenuota-suknele","product_tag-mini-suknele","product_tag-progin-suknel","product_tag-ryski-sventine-suknele","product_tag-simtadienio-suknele","product_tag-suknel","product_tag-suknele-i-svente","product_tag-suknele-moterims","product_tag-suknele-virs-keliu","product_tag-sukneles-internetu","product_tag-sukneles-vilniuje","product_tag-sukneliu-parduotuve","product_tag-sukneliu-parduotuve-vilniuje","product_tag-sventine-suknele","product_tag-vestuviu-svecio-suknele","pa_audinys-poliesteris-100","pa_dydis-38s","pa_dydis-40m","pa_dydis-42l","pa_ismatavimai-modelio-ugis-172-cm-2","pa_spalva-fuksija","thumb-no-effect","prod-rating-on","prod-has-rating"],"_links":{"self":[{"href":"https:\/\/modneli.com\/en\/wp-json\/wp\/v2\/product\/8572","targetHints":{"allow":["GET"]}}],"collection":[{"href":"https:\/\/modneli.com\/en\/wp-json\/wp\/v2\/product"}],"about":[{"href":"https:\/\/modneli.com\/en\/wp-json\/wp\/v2\/types\/product"}],"wp:featuredmedia":[{"embeddable":true,"href":"https:\/\/modneli.com\/en\/wp-json\/wp\/v2\/media\/10026"}],"wp:attachment":[{"href":"https:\/\/modneli.com\/en\/wp-json\/wp\/v2\/media?parent=8572"}],"wp:term":[{"taxonomy":"product_cat","embeddable":true,"href":"https:\/\/modneli.com\/en\/wp-json\/wp\/v2\/product_cat?post=8572"},{"taxonomy":"product_tag","embeddable":true,"href":"https:\/\/modneli.com\/en\/wp-json\/wp\/v2\/product_tag?post=8572"}],"curies":[{"name":"wp","href":"https:\/\/api.w.org\/{rel}","templated":true}]}}