{"id":8491,"date":"2025-03-20T11:04:03","date_gmt":"2025-03-20T11:04:03","guid":{"rendered":"https:\/\/modneli.com\/?post_type=product&#038;p=8491"},"modified":"2026-04-07T07:44:44","modified_gmt":"2026-04-07T07:44:44","slug":"ines","status":"publish","type":"product","link":"https:\/\/modneli.com\/en\/product\/ines\/","title":{"rendered":"Ines"},"content":{"rendered":"<table class=\"woocommerce-product-attributes shop_attributes\">\n<tbody>\n<tr class=\"woocommerce-product-attributes-item woocommerce-product-attributes-item--attribute_36-i%c5%a1matavimai\">\n<th class=\"woocommerce-product-attributes-item__label\">36 i\u0161matavimai<\/th>\n<td class=\"woocommerce-product-attributes-item__value\">Kr\u016btin\u0117 84-86 cm. Liemuo 66-69 cm. Klubai 88-95 cm.<\/td>\n<\/tr>\n<tr class=\"woocommerce-product-attributes-item woocommerce-product-attributes-item--attribute_38-i%c5%a1matavimai\">\n<th class=\"woocommerce-product-attributes-item__label\">38 i\u0161matavimai<\/th>\n<td class=\"woocommerce-product-attributes-item__value\">Kr\u016btin\u0117 87-92 cm. Liemuo 70-73 m. Klubai 96-100 cm.<\/td>\n<\/tr>\n<tr class=\"woocommerce-product-attributes-item woocommerce-product-attributes-item--attribute_40-i%c5%a1matavimai\">\n<th class=\"woocommerce-product-attributes-item__label\">40 i\u0161matavimai<\/th>\n<td class=\"woocommerce-product-attributes-item__value\">Kr\u016btin\u0117 93-98 cm. Liemuo 74-78 cm. Klubai 98-106 cm.<\/td>\n<\/tr>\n<tr class=\"woocommerce-product-attributes-item woocommerce-product-attributes-item--attribute_42-i%c5%a1matavimai\">\n<th class=\"woocommerce-product-attributes-item__label\">42 i\u0161matavimai<\/th>\n<td class=\"woocommerce-product-attributes-item__value\">Kr\u016btin\u0117 99-102 cm. Liemuo 80-82 cm. Klubai 100-112 cm.<\/td>\n<\/tr>\n<\/tbody>\n<\/table>\n<p>&nbsp;<\/p>\n<p>NUOMA<\/p>\n<table class=\"woocommerce-product-attributes shop_attributes\">\n<tbody>\n<tr class=\"woocommerce-product-attributes-item woocommerce-product-attributes-item--attribute_36-i%c5%a1matavimai\">\n<th class=\"woocommerce-product-attributes-item__label\">4 dienos<\/th>\n<td class=\"woocommerce-product-attributes-item__value\">\u00a080 eur.<\/td>\n<\/tr>\n<tr class=\"woocommerce-product-attributes-item woocommerce-product-attributes-item--attribute_38-i%c5%a1matavimai\">\n<th class=\"woocommerce-product-attributes-item__label\">8 dienos<\/th>\n<td class=\"woocommerce-product-attributes-item__value\">\u00a090 eur.<\/td>\n<\/tr>\n<tr class=\"woocommerce-product-attributes-item woocommerce-product-attributes-item--attribute_40-i%c5%a1matavimai\">\n<th class=\"woocommerce-product-attributes-item__label\"><\/th>\n<td class=\"woocommerce-product-attributes-item__value\"><\/td>\n<\/tr>\n<\/tbody>\n<\/table>\n<p>&nbsp;<\/p>\n<p>Labai pra\u0161ome per\u017ei\u016br\u0117ti \u00a0\u201cPapildom\u0105 informacij\u0105\u201d. Atsi\u017evelkite \u012f pateiktus r\u016bb\u0173 i\u0161matavimus (klubai, liemuo, kr\u016btin\u0117, ilgis). Kartais dyd\u017eiai gali b\u016bti ma\u017einti.<\/p>\n<p>M\u016bs\u0173 r\u016bb\u0173 pristatymas gali u\u017etrukti nuo 2 iki 5 dien\u0173.<\/p>\n<p>Mes parduodame savo prekinio \u017eenklo \u201cModneli\u201d ir kit\u0173 gamintoj\u0173 i\u0161 viso pasaulio drabu\u017eius ir aksesuarus. Jeigu nerandate savo dyd\u017eio, kartais galime papildomai u\u017esakyti.<\/p>\n<p>Visais klausimais: d\u0117l dyd\u017eio, pristatymo laiko, gamintojo, keitimo, gr\u0105\u017einimo ar \u0161iaip \u201cpasilabinti\u201d ra\u0161ykite mums:<\/p>\n<p>Facebook:\u00a0\u00a0<a href=\"https:\/\/www.facebook.com\/Modneli\">https:\/\/www.facebook.com\/Modneli<\/a><\/p>\n<p>Instagram: \u00a0<a href=\"https:\/\/www.instagram.com\/modneli_dress\/\">https:\/\/www.instagram.com\/modneli_dress<\/a><a href=\"https:\/\/www.instagram.com\/modneli_dress\/\">\/<\/a><\/p>\n<h5><em>Su meile, Modneli.<\/em><\/h5>","protected":false},"excerpt":{"rendered":"<p>36 i\u0161matavimai Kr\u016btin\u0117 84-86 cm. Liemuo 66-69 cm. Klubai 88-95 cm. 38 i\u0161matavimai Kr\u016btin\u0117 87-92 cm. Liemuo 70-73 m. Klubai&hellip;<\/p>","protected":false},"featured_media":9956,"template":"","meta":[],"product_cat":[141,1941],"product_tag":[474,1932,1814,812,1906,1748,1911,1775,187,1930,1780,288,1774,1837,1782,1742,1783,1797,1916,1815,1812,1813,1919,1931],"class_list":["post-8491","product","type-product","status-publish","has-post-thumbnail","hentry","product_cat-sukneles","product_cat-nuoma","product_tag-elegantiska-suknel","product_tag-elegantiska-suknele-atvirais-peciais","product_tag-fizine-sukneliu-parduotuve","product_tag-ilga-suknel","product_tag-isleistuviu-sukneles","product_tag-jaunatviska-suknele","product_tag-maxi-ilgio-sukneles","product_tag-minimalistine-suknele","product_tag-progin-suknel","product_tag-rozine-progine-suknele","product_tag-simtadienio-suknele","product_tag-suknel","product_tag-suknele-i-svente","product_tag-suknele-iki-zemes","product_tag-suknele-moterims","product_tag-suknele-su-kluostemis","product_tag-sukneles-internetu","product_tag-sukneles-moterims-internetu","product_tag-sukneles-vestuviu-sveciams","product_tag-sukneles-vilniuje","product_tag-sukneliu-parduotuve","product_tag-sukneliu-parduotuve-vilniuje","product_tag-vakarines-sukneles-moterims","product_tag-vestuviu-svecio-suknele","pa_audinys-poliesteris-100","pa_dydis-36xs","pa_dydis-38s","pa_dydis-40m","pa_dydis-42m-l","pa_ismatavimai-modelio-ugis-172-cm","pa_spalva-rozin","thumb-no-effect","prod-rating-on","prod-has-rating"],"_links":{"self":[{"href":"https:\/\/modneli.com\/en\/wp-json\/wp\/v2\/product\/8491","targetHints":{"allow":["GET"]}}],"collection":[{"href":"https:\/\/modneli.com\/en\/wp-json\/wp\/v2\/product"}],"about":[{"href":"https:\/\/modneli.com\/en\/wp-json\/wp\/v2\/types\/product"}],"wp:featuredmedia":[{"embeddable":true,"href":"https:\/\/modneli.com\/en\/wp-json\/wp\/v2\/media\/9956"}],"wp:attachment":[{"href":"https:\/\/modneli.com\/en\/wp-json\/wp\/v2\/media?parent=8491"}],"wp:term":[{"taxonomy":"product_cat","embeddable":true,"href":"https:\/\/modneli.com\/en\/wp-json\/wp\/v2\/product_cat?post=8491"},{"taxonomy":"product_tag","embeddable":true,"href":"https:\/\/modneli.com\/en\/wp-json\/wp\/v2\/product_tag?post=8491"}],"curies":[{"name":"wp","href":"https:\/\/api.w.org\/{rel}","templated":true}]}}