{"id":8454,"date":"2025-03-17T09:23:38","date_gmt":"2025-03-17T09:23:38","guid":{"rendered":"https:\/\/modneli.com\/?post_type=product&#038;p=8454"},"modified":"2026-03-13T08:06:49","modified_gmt":"2026-03-13T08:06:49","slug":"tiffany","status":"publish","type":"product","link":"https:\/\/modneli.com\/en\/product\/tiffany\/","title":{"rendered":"&#8220;Tiffany&#8221;"},"content":{"rendered":"<p>&nbsp;<\/p>\n<table width=\"587\">\n<tbody>\n<tr>\n<td>36 i\u0161matavimai<\/td>\n<td>Kr\u016btin\u0117 83-87 cm. Liemuo 63-68 cm. Klubai 88-96 cm.<\/td>\n<\/tr>\n<tr>\n<td>38 i\u0161matavimai<\/td>\n<td>Kr\u016btin\u0117 88-93 cm. Liemuo 69-72 cm. Klubai 90-100 cm.<\/td>\n<\/tr>\n<tr>\n<td>40 i\u0161matavimai<\/td>\n<td>Kr\u016btin\u0117 94-97 cm. Liemuo 73-76 cm. Klubai 94-106 cm.<\/td>\n<\/tr>\n<\/tbody>\n<\/table>\n<p>&nbsp;<\/p>\n<p>Labai pra\u0161ome per\u017ei\u016br\u0117ti \u00a0\u201cPapildom\u0105 informacij\u0105\u201d. Atsi\u017evelkite \u012f pateiktus r\u016bb\u0173 i\u0161matavimus (klubai, liemuo, kr\u016btin\u0117, ilgis). Kartais dyd\u017eiai gali b\u016bti ma\u017einti.<\/p>\n<p>M\u016bs\u0173 r\u016bb\u0173 pristatymas gali u\u017etrukti nuo 2 iki 5 dien\u0173.<\/p>\n<p>Mes parduodame savo prekinio \u017eenklo \u201cModneli\u201d ir kit\u0173 gamintoj\u0173 i\u0161 viso pasaulio drabu\u017eius ir aksesuarus. Jeigu nerandate savo dyd\u017eio, kartais galime papildomai u\u017esakyti.<\/p>\n<p>Visais klausimais: d\u0117l dyd\u017eio, pristatymo laiko, gamintojo, keitimo, gr\u0105\u017einimo ar \u0161iaip \u201cpasilabinti\u201d ra\u0161ykite mums:<\/p>\n<p>Facebook:\u00a0\u00a0<a href=\"https:\/\/www.facebook.com\/Modneli\">https:\/\/www.facebook.com\/Modneli<\/a><\/p>\n<p>Instagram: \u00a0<a href=\"https:\/\/www.instagram.com\/modneli_dress\/\">https:\/\/www.instagram.com\/modneli_dress<\/a><a href=\"https:\/\/www.instagram.com\/modneli_dress\/\">\/<\/a><\/p>","protected":false},"excerpt":{"rendered":"<p>&nbsp; 36 i\u0161matavimai Kr\u016btin\u0117 83-87 cm. Liemuo 63-68 cm. Klubai 88-96 cm. 38 i\u0161matavimai Kr\u016btin\u0117 88-93 cm. Liemuo 69-72 cm.&hellip;<\/p>","protected":false},"featured_media":10153,"template":"","meta":[],"product_cat":[141,1941],"product_tag":[1741,1769,1814,1977,1748,1950,1744,1775,1973,1901,1944,1958,288,1772,1797,1942,1813,1720,1893,1975,1945,1740],"class_list":["post-8454","product","type-product","status-publish","has-post-thumbnail","hentry","product_cat-sukneles","product_cat-nuoma","product_tag-a-silueto-suknele","product_tag-elegantiska-mini-suknele","product_tag-fizine-sukneliu-parduotuve","product_tag-ilgu-sukneliu-nuoma-vilniuje","product_tag-jaunatviska-suknele","product_tag-kokteiliniu-sukneliu-nuoma-vilniuje","product_tag-liemenuota-suknele","product_tag-minimalistine-suknele","product_tag-moteriskos-sukneles-atvirais-peciais","product_tag-progines-sukneles-moterims","product_tag-proginiu-sukneliu-nuoma","product_tag-proginiu-sukneliu-nuoma-vilniuje","product_tag-suknel","product_tag-suknele-virs-keliu","product_tag-sukneles-moterims-internetu","product_tag-sukneliu-nuoma-vilniuje","product_tag-sukneliu-parduotuve-vilniuje","product_tag-sventine-suknele","product_tag-trumpos-sukneles-moterims","product_tag-trumpu-sukneliu-nuoma-moterims","product_tag-vakariniu-sukneliu-nuoma-vilniuje","product_tag-varpelio-formos-suknele","pa_audinys-poliesteris-100","pa_dydis-1526","pa_dydis-1527","pa_dydis-1528","pa_ismatavimai-modelio-ugis-172-cm-2","pa_spalva-metine","thumb-no-effect","prod-rating-on","prod-has-rating"],"_links":{"self":[{"href":"https:\/\/modneli.com\/en\/wp-json\/wp\/v2\/product\/8454","targetHints":{"allow":["GET"]}}],"collection":[{"href":"https:\/\/modneli.com\/en\/wp-json\/wp\/v2\/product"}],"about":[{"href":"https:\/\/modneli.com\/en\/wp-json\/wp\/v2\/types\/product"}],"wp:featuredmedia":[{"embeddable":true,"href":"https:\/\/modneli.com\/en\/wp-json\/wp\/v2\/media\/10153"}],"wp:attachment":[{"href":"https:\/\/modneli.com\/en\/wp-json\/wp\/v2\/media?parent=8454"}],"wp:term":[{"taxonomy":"product_cat","embeddable":true,"href":"https:\/\/modneli.com\/en\/wp-json\/wp\/v2\/product_cat?post=8454"},{"taxonomy":"product_tag","embeddable":true,"href":"https:\/\/modneli.com\/en\/wp-json\/wp\/v2\/product_tag?post=8454"}],"curies":[{"name":"wp","href":"https:\/\/api.w.org\/{rel}","templated":true}]}}