{"id":8446,"date":"2025-03-17T09:12:43","date_gmt":"2025-03-17T09:12:43","guid":{"rendered":"https:\/\/modneli.com\/?post_type=product&#038;p=8446"},"modified":"2026-04-07T09:14:42","modified_gmt":"2026-04-07T09:14:42","slug":"trinity","status":"publish","type":"product","link":"https:\/\/modneli.com\/en\/product\/trinity\/","title":{"rendered":"Trinity"},"content":{"rendered":"<p>&nbsp;<\/p>\n<table width=\"587\">\n<tbody>\n<tr>\n<td>36 d. i\u0161matavimai<\/td>\n<td>Kr\u016btin\u0117 83-87 cm. Liemuo 63-68 cm. Klubai 88-96 cm.<\/td>\n<\/tr>\n<tr>\n<td>38 d. i\u0161matavimai<\/td>\n<td>Kr\u016btin\u0117 88-93 cm. Liemuo 69-72 cm. Klubai 90-100 cm.<\/td>\n<\/tr>\n<tr>\n<td>40 d. i\u0161matavimai<\/td>\n<td>Kr\u016btin\u0117 94-97 cm. Liemuo 73-76 cm. Klubai 94-106 cm.<\/td>\n<\/tr>\n<\/tbody>\n<\/table>\n<p>&nbsp;<\/p>\n<p>NUOMA<\/p>\n<table class=\"woocommerce-product-attributes shop_attributes\">\n<tbody>\n<tr class=\"woocommerce-product-attributes-item woocommerce-product-attributes-item--attribute_36-i%c5%a1matavimai\">\n<th class=\"woocommerce-product-attributes-item__label\">4 dienos<\/th>\n<td class=\"woocommerce-product-attributes-item__value\">\u00a055 eur.<\/td>\n<\/tr>\n<tr class=\"woocommerce-product-attributes-item woocommerce-product-attributes-item--attribute_38-i%c5%a1matavimai\">\n<th class=\"woocommerce-product-attributes-item__label\">8 dienos<\/th>\n<td class=\"woocommerce-product-attributes-item__value\">\u00a065 eur.<\/td>\n<\/tr>\n<tr class=\"woocommerce-product-attributes-item woocommerce-product-attributes-item--attribute_40-i%c5%a1matavimai\">\n<th class=\"woocommerce-product-attributes-item__label\"><\/th>\n<td class=\"woocommerce-product-attributes-item__value\"><\/td>\n<\/tr>\n<\/tbody>\n<\/table>\n<p>&nbsp;<\/p>\n<p>Labai pra\u0161ome per\u017ei\u016br\u0117ti \u00a0\u201cPapildom\u0105 informacij\u0105\u201d. Atsi\u017evelkite \u012f pateiktus r\u016bb\u0173 i\u0161matavimus (klubai, liemuo, kr\u016btin\u0117, ilgis). Kartais dyd\u017eiai gali b\u016bti ma\u017einti.<\/p>\n<p>M\u016bs\u0173 r\u016bb\u0173 pristatymas gali u\u017etrukti nuo 2 iki 5 dien\u0173.<\/p>\n<p>Mes parduodame savo prekinio \u017eenklo \u201cModneli\u201d ir kit\u0173 gamintoj\u0173 i\u0161 viso pasaulio drabu\u017eius ir aksesuarus. Jeigu nerandate savo dyd\u017eio, kartais galime papildomai u\u017esakyti.<\/p>\n<p>Visais klausimais: d\u0117l dyd\u017eio, pristatymo laiko, gamintojo, keitimo, gr\u0105\u017einimo ar \u0161iaip \u201cpasilabinti\u201d ra\u0161ykite mums:<\/p>\n<p>Facebook:\u00a0\u00a0<a href=\"https:\/\/www.facebook.com\/Modneli\">https:\/\/www.facebook.com\/Modneli<\/a><\/p>\n<p>Instagram: \u00a0<a href=\"https:\/\/www.instagram.com\/modneli_clothes\/\">https:\/\/www.instagram.com\/modneli_dress\/<\/a><\/p>","protected":false},"excerpt":{"rendered":"<p>&nbsp; 36 d. i\u0161matavimai Kr\u016btin\u0117 83-87 cm. Liemuo 63-68 cm. Klubai 88-96 cm. 38 d. i\u0161matavimai Kr\u016btin\u0117 88-93 cm. Liemuo&hellip;<\/p>","protected":false},"featured_media":10234,"template":"","meta":[],"product_cat":[141,1941],"product_tag":[1854,1769,1814,1737,1748,1771,1738,1902,1723,1803,1950,1744,288,1749,1772,1991,1797,1815,1942,1812,1813,1720,1960,1945],"class_list":["post-8446","product","type-product","status-publish","has-post-thumbnail","hentry","product_cat-sukneles","product_cat-nuoma","product_tag-aptemptos-sukneles-moterims","product_tag-elegantiska-mini-suknele","product_tag-fizine-sukneliu-parduotuve","product_tag-gimtadienio-suknele","product_tag-jaunatviska-suknele","product_tag-juoda-mini-suknele","product_tag-juoda-suknele","product_tag-juodos-sukneles-moterims","product_tag-kasdiene-suknele","product_tag-klasikine-suknele","product_tag-kokteiliniu-sukneliu-nuoma-vilniuje","product_tag-liemenuota-suknele","product_tag-suknel","product_tag-suknele-ilgomis-rankovemis","product_tag-suknele-virs-keliu","product_tag-sukneles-ilgomis-rankovemis-moterims","product_tag-sukneles-moterims-internetu","product_tag-sukneles-vilniuje","product_tag-sukneliu-nuoma-vilniuje","product_tag-sukneliu-parduotuve","product_tag-sukneliu-parduotuve-vilniuje","product_tag-sventine-suknele","product_tag-sventiniu-sukneliu-nuoma-vilniuje","product_tag-vakariniu-sukneliu-nuoma-vilniuje","pa_audinys-poliesteris-100","pa_dydis-1526","pa_dydis-1527","pa_dydis-1528","pa_ismatavimai-modelio-ugis-172-cm-2","pa_spalva-juoda","thumb-no-effect","prod-rating-on","prod-has-rating"],"_links":{"self":[{"href":"https:\/\/modneli.com\/en\/wp-json\/wp\/v2\/product\/8446","targetHints":{"allow":["GET"]}}],"collection":[{"href":"https:\/\/modneli.com\/en\/wp-json\/wp\/v2\/product"}],"about":[{"href":"https:\/\/modneli.com\/en\/wp-json\/wp\/v2\/types\/product"}],"wp:featuredmedia":[{"embeddable":true,"href":"https:\/\/modneli.com\/en\/wp-json\/wp\/v2\/media\/10234"}],"wp:attachment":[{"href":"https:\/\/modneli.com\/en\/wp-json\/wp\/v2\/media?parent=8446"}],"wp:term":[{"taxonomy":"product_cat","embeddable":true,"href":"https:\/\/modneli.com\/en\/wp-json\/wp\/v2\/product_cat?post=8446"},{"taxonomy":"product_tag","embeddable":true,"href":"https:\/\/modneli.com\/en\/wp-json\/wp\/v2\/product_tag?post=8446"}],"curies":[{"name":"wp","href":"https:\/\/api.w.org\/{rel}","templated":true}]}}