{"id":8294,"date":"2025-03-05T13:44:41","date_gmt":"2025-03-05T13:44:41","guid":{"rendered":"https:\/\/modneli.com\/?post_type=product&#038;p=8294"},"modified":"2025-09-24T13:05:06","modified_gmt":"2025-09-24T13:05:06","slug":"elida","status":"publish","type":"product","link":"https:\/\/modneli.com\/en\/product\/elida\/","title":{"rendered":"Elida"},"content":{"rendered":"<table width=\"586\">\n<tbody>\n<tr>\n<td>38 i\u0161matavimai<\/td>\n<td>Kr\u016btin\u0117 84-86 cm. Liemuo 68-72 cm. Klubai 90-120 cm.<\/td>\n<\/tr>\n<tr>\n<td>40 i\u0161matavimai<\/td>\n<td>Kr\u016btin\u0117 88-90 cm. Liemuo 74-76 cm. Klubai 90-120 cm.<\/td>\n<\/tr>\n<tr>\n<td>42 i\u0161matavimai<\/td>\n<td>Kr\u016btin\u0117 92-94 cm. Liemuo 78-80 cm. Klubai 90-120 cm.<\/td>\n<\/tr>\n<\/tbody>\n<\/table>\n<p>&nbsp;<\/p>\n<p>Labai pra\u0161ome per\u017ei\u016br\u0117ti \u00a0\u201cPapildom\u0105 informacij\u0105\u201d. Atsi\u017evelkite \u012f pateiktus r\u016bb\u0173 i\u0161matavimus (klubai, liemuo, kr\u016btin\u0117, ilgis). Kartais dyd\u017eiai gali b\u016bti ma\u017einti.<\/p>\n<p>M\u016bs\u0173 r\u016bb\u0173 pristatymas gali u\u017etrukti nuo 2 iki 5 dien\u0173.<\/p>\n<p>Mes parduodame savo prekinio \u017eenklo \u201cModneli\u201d ir kit\u0173 gamintoj\u0173 i\u0161 viso pasaulio drabu\u017eius ir aksesuarus. Jeigu nerandate savo dyd\u017eio, kartais galime papildomai u\u017esakyti.<\/p>\n<p>Visais klausimais: d\u0117l dyd\u017eio, pristatymo laiko, gamintojo, keitimo, gr\u0105\u017einimo ar \u0161iaip \u201cpasilabinti\u201d ra\u0161ykite mums:<\/p>\n<p>Facebook:\u00a0\u00a0<a href=\"https:\/\/www.facebook.com\/Modneli\">https:\/\/www.facebook.com\/Modneli<\/a><\/p>\n<p>Instagram: \u00a0<a href=\"https:\/\/www.instagram.com\/modneli_clothes\/\">https:\/\/www.instagram.com\/modneli_clothes\/<\/a><\/p>","protected":false},"excerpt":{"rendered":"<p>38 i\u0161matavimai Kr\u016btin\u0117 84-86 cm. Liemuo 68-72 cm. Klubai 90-120 cm. 40 i\u0161matavimai Kr\u016btin\u0117 88-90 cm. Liemuo 74-76 cm. Klubai&hellip;<\/p>","protected":false},"featured_media":8974,"template":"","meta":[],"product_cat":[141],"product_tag":[288],"class_list":["post-8294","product","type-product","status-publish","has-post-thumbnail","hentry","product_cat-sukneles","product_tag-suknel","pa_audinys-poliesteris-100","pa_dydis-38s","pa_dydis-40m","pa_dydis-42m-l","pa_ismatavimai-modelio-ugis-172-cm-2","pa_ismatavimai-sukneles-ilgis-140-cm","pa_spalva-sampano","thumb-no-effect","prod-rating-on","prod-has-rating"],"_links":{"self":[{"href":"https:\/\/modneli.com\/en\/wp-json\/wp\/v2\/product\/8294","targetHints":{"allow":["GET"]}}],"collection":[{"href":"https:\/\/modneli.com\/en\/wp-json\/wp\/v2\/product"}],"about":[{"href":"https:\/\/modneli.com\/en\/wp-json\/wp\/v2\/types\/product"}],"wp:featuredmedia":[{"embeddable":true,"href":"https:\/\/modneli.com\/en\/wp-json\/wp\/v2\/media\/8974"}],"wp:attachment":[{"href":"https:\/\/modneli.com\/en\/wp-json\/wp\/v2\/media?parent=8294"}],"wp:term":[{"taxonomy":"product_cat","embeddable":true,"href":"https:\/\/modneli.com\/en\/wp-json\/wp\/v2\/product_cat?post=8294"},{"taxonomy":"product_tag","embeddable":true,"href":"https:\/\/modneli.com\/en\/wp-json\/wp\/v2\/product_tag?post=8294"}],"curies":[{"name":"wp","href":"https:\/\/api.w.org\/{rel}","templated":true}]}}