{"id":7996,"date":"2025-01-02T07:02:09","date_gmt":"2025-01-02T07:02:09","guid":{"rendered":"https:\/\/modneli.com\/?post_type=product&#038;p=7996"},"modified":"2026-02-07T09:05:41","modified_gmt":"2026-02-07T09:05:41","slug":"marta-zalia","status":"publish","type":"product","link":"https:\/\/modneli.com\/en\/product\/marta-zalia\/","title":{"rendered":"Marta \u017ealia"},"content":{"rendered":"<table width=\"586\">\n<tbody>\n<tr>\n<td>36 i\u0161matavimai<\/td>\n<td>Kr\u016btin\u0117 84-86 cm. Liemuo 64-66 cm. Klubai 88-92 cm.<\/td>\n<\/tr>\n<tr>\n<td>38 i\u0161matavimai<\/td>\n<td>Kr\u016btin\u0117 88-92 cm. Liemuo 68-70 cm. Klubai 94-96 cm.<\/td>\n<\/tr>\n<tr>\n<td>40 i\u0161matavimai<\/td>\n<td>Kr\u016btin\u0117 94-96 cm. Liemuo 72-74 cm. Klubai 98-102 cm.<\/td>\n<\/tr>\n<tr>\n<td>42 i\u0161matavimai<\/td>\n<td>Kr\u016btin\u0117 98-102 cm. Liemuo 76-78 cm. Klubai 104-108 cm.<\/td>\n<\/tr>\n<\/tbody>\n<\/table>\n<p>&nbsp;<\/p>\n<p>Labai pra\u0161ome per\u017ei\u016br\u0117ti \u00a0\u201cPapildom\u0105 informacij\u0105\u201d. Atsi\u017evelkite \u012f pateiktus r\u016bb\u0173 i\u0161matavimus (klubai, liemuo, kr\u016btin\u0117, ilgis). Kartais dyd\u017eiai gali b\u016bti ma\u017einti.<\/p>\n<p>M\u016bs\u0173 r\u016bb\u0173 pristatymas gali u\u017etrukti nuo 2 iki 5 dien\u0173.<\/p>\n<p>Mes parduodame savo prekinio \u017eenklo \u201cModneli\u201d ir kit\u0173 gamintoj\u0173 i\u0161 viso pasaulio drabu\u017eius ir aksesuarus. Jeigu nerandate savo dyd\u017eio, kartais galime papildomai u\u017esakyti.<\/p>\n<p>Visais klausimais: d\u0117l dyd\u017eio, pristatymo laiko, gamintojo, keitimo, gr\u0105\u017einimo ar \u0161iaip \u201cpasilabinti\u201d ra\u0161ykite mums:<\/p>\n<p>Facebook:\u00a0\u00a0<a href=\"https:\/\/www.facebook.com\/Modneli\">https:\/\/www.facebook.com\/Modneli<\/a><\/p>\n<p>Instagram: \u00a0<a href=\"https:\/\/www.instagram.com\/modneli_dress\/\">https:\/\/www.instagram.com\/modneli_clothes\/<\/a><\/p>\n<h5><em>Su meile, Modneli.<\/em><\/h5>","protected":false},"excerpt":{"rendered":"<p>36 i\u0161matavimai Kr\u016btin\u0117 84-86 cm. Liemuo 64-66 cm. Klubai 88-92 cm. 38 i\u0161matavimai Kr\u016btin\u0117 88-92 cm. Liemuo 68-70 cm. Klubai&hellip;<\/p>","protected":false},"featured_media":8996,"template":"","meta":[],"product_cat":[141],"product_tag":[1854,1769,474,1814,1737,1920,1950,1953,1780,288,1772,1797,1916,1815,1942,1893,1945,1931,1952,1951],"class_list":["post-7996","product","type-product","status-publish","has-post-thumbnail","hentry","product_cat-sukneles","product_tag-aptemptos-sukneles-moterims","product_tag-elegantiska-mini-suknele","product_tag-elegantiska-suknel","product_tag-fizine-sukneliu-parduotuve","product_tag-gimtadienio-suknele","product_tag-kokteilines-sukneles-moterims","product_tag-kokteiliniu-sukneliu-nuoma-vilniuje","product_tag-mini-sukneles","product_tag-simtadienio-suknele","product_tag-suknel","product_tag-suknele-virs-keliu","product_tag-sukneles-moterims-internetu","product_tag-sukneles-vestuviu-sveciams","product_tag-sukneles-vilniuje","product_tag-sukneliu-nuoma-vilniuje","product_tag-trumpos-sukneles-moterims","product_tag-vakariniu-sukneliu-nuoma-vilniuje","product_tag-vestuviu-svecio-suknele","product_tag-zalia-suknele","product_tag-zalios-sukneles-moterims","pa_audinys-poliesteris-98-elastanas-2","pa_dydis-36xs","pa_dydis-38s","pa_dydis-40m","pa_dydis-42m-l","pa_ismatavimai-modelio-ugis-172-cm-2","pa_ismatavimai-sukneles-ilgis-apie-87-cm","pa_spalva-zalia","thumb-no-effect","prod-rating-on","prod-has-rating"],"_links":{"self":[{"href":"https:\/\/modneli.com\/en\/wp-json\/wp\/v2\/product\/7996","targetHints":{"allow":["GET"]}}],"collection":[{"href":"https:\/\/modneli.com\/en\/wp-json\/wp\/v2\/product"}],"about":[{"href":"https:\/\/modneli.com\/en\/wp-json\/wp\/v2\/types\/product"}],"wp:featuredmedia":[{"embeddable":true,"href":"https:\/\/modneli.com\/en\/wp-json\/wp\/v2\/media\/8996"}],"wp:attachment":[{"href":"https:\/\/modneli.com\/en\/wp-json\/wp\/v2\/media?parent=7996"}],"wp:term":[{"taxonomy":"product_cat","embeddable":true,"href":"https:\/\/modneli.com\/en\/wp-json\/wp\/v2\/product_cat?post=7996"},{"taxonomy":"product_tag","embeddable":true,"href":"https:\/\/modneli.com\/en\/wp-json\/wp\/v2\/product_tag?post=7996"}],"curies":[{"name":"wp","href":"https:\/\/api.w.org\/{rel}","templated":true}]}}