{"id":7970,"date":"2024-12-30T06:53:52","date_gmt":"2024-12-30T06:53:52","guid":{"rendered":"https:\/\/modneli.com\/?post_type=product&#038;p=7970"},"modified":"2026-02-22T20:01:41","modified_gmt":"2026-02-22T20:01:41","slug":"suknele-linda","status":"publish","type":"product","link":"https:\/\/modneli.com\/en\/product\/suknele-linda\/","title":{"rendered":"&#8220;Linda&#8221;"},"content":{"rendered":"<table width=\"586\">\n<tbody>\n<tr>\n<td>36 i\u0161matavimai<\/td>\n<td>Kr\u016btin\u0117 86-94 cm. Liemuo 72-78 cm. Klubai 92-102 cm.<\/td>\n<\/tr>\n<tr>\n<td>38 i\u0161matavimai<\/td>\n<td>Kr\u016btin\u0117 94-100 cm. Liemuo 76-84 m. Klubai 100-110 cm.<\/td>\n<\/tr>\n<tr>\n<td>40 i\u0161matavimai<\/td>\n<td>Kr\u016btin\u0117 102-110 cm. Liemuo 82-90 cm. Klubai 108-118 cm.<\/td>\n<\/tr>\n<\/tbody>\n<\/table>\n<p>&nbsp;<\/p>\n<p>Labai pra\u0161ome per\u017ei\u016br\u0117ti \u00a0\u201cPapildom\u0105 informacij\u0105\u201d. Atsi\u017evelkite \u012f pateiktus r\u016bb\u0173 i\u0161matavimus (klubai, liemuo, kr\u016btin\u0117, ilgis). Kartais dyd\u017eiai gali b\u016bti ma\u017einti.<\/p>\n<p>M\u016bs\u0173 r\u016bb\u0173 pristatymas gali u\u017etrukti nuo 2 iki 5 dien\u0173.<\/p>\n<p>Mes parduodame savo prekinio \u017eenklo \u201cModneli\u201d ir kit\u0173 gamintoj\u0173 i\u0161 viso pasaulio drabu\u017eius ir aksesuarus. Jeigu nerandate savo dyd\u017eio, kartais galime papildomai u\u017esakyti.<\/p>\n<p>Visais klausimais: d\u0117l dyd\u017eio, pristatymo laiko, gamintojo, keitimo, gr\u0105\u017einimo ar \u0161iaip \u201cpasilabinti\u201d ra\u0161ykite mums:<\/p>\n<p>Facebook:\u00a0\u00a0<a href=\"https:\/\/www.facebook.com\/Modneli\">https:\/\/www.facebook.com\/Modneli<\/a><\/p>\n<p>Instagram: \u00a0<a href=\"https:\/\/www.instagram.com\/modneli_dress\/\">https:\/\/www.instagram.com\/modneli_clothes\/<\/a><\/p>\n<h5><em>Su meile, Modneli.<\/em><\/h5>","protected":false},"excerpt":{"rendered":"<p>36 i\u0161matavimai Kr\u016btin\u0117 86-94 cm. Liemuo 72-78 cm. Klubai 92-102 cm. 38 i\u0161matavimai Kr\u016btin\u0117 94-100 cm. Liemuo 76-84 m. Klubai&hellip;<\/p>","protected":false},"featured_media":9592,"template":"","meta":[],"product_cat":[141],"product_tag":[1699,1723,1725,288,1724],"class_list":["post-7970","product","type-product","status-publish","has-post-thumbnail","hentry","product_cat-sukneles","product_tag-juoda","product_tag-kasdiene-suknele","product_tag-ofisine-suknele","product_tag-suknel","product_tag-suknele-i-darba","pa_audinys-poliesteris-85-elastanas-15","pa_audinys-tamprus-vidutinio-storio-trikotazo-audinys","pa_dydis-1526","pa_dydis-1527","pa_dydis-1528","pa_ismatavimai-modelio-ugis-172-cm-2","pa_ismatavimai-sukneles-ilgis-118-cm","pa_spalva-juoda","thumb-no-effect","prod-rating-on","prod-has-rating"],"_links":{"self":[{"href":"https:\/\/modneli.com\/en\/wp-json\/wp\/v2\/product\/7970","targetHints":{"allow":["GET"]}}],"collection":[{"href":"https:\/\/modneli.com\/en\/wp-json\/wp\/v2\/product"}],"about":[{"href":"https:\/\/modneli.com\/en\/wp-json\/wp\/v2\/types\/product"}],"wp:featuredmedia":[{"embeddable":true,"href":"https:\/\/modneli.com\/en\/wp-json\/wp\/v2\/media\/9592"}],"wp:attachment":[{"href":"https:\/\/modneli.com\/en\/wp-json\/wp\/v2\/media?parent=7970"}],"wp:term":[{"taxonomy":"product_cat","embeddable":true,"href":"https:\/\/modneli.com\/en\/wp-json\/wp\/v2\/product_cat?post=7970"},{"taxonomy":"product_tag","embeddable":true,"href":"https:\/\/modneli.com\/en\/wp-json\/wp\/v2\/product_tag?post=7970"}],"curies":[{"name":"wp","href":"https:\/\/api.w.org\/{rel}","templated":true}]}}