{"id":7906,"date":"2024-12-30T05:44:49","date_gmt":"2024-12-30T05:44:49","guid":{"rendered":"https:\/\/modneli.com\/?post_type=product&#038;p=7906"},"modified":"2026-02-07T09:30:12","modified_gmt":"2026-02-07T09:30:12","slug":"suknele-lolajuoda","status":"publish","type":"product","link":"https:\/\/modneli.com\/en\/product\/suknele-lolajuoda\/","title":{"rendered":"Tvido suknel\u0117 Lola juoda"},"content":{"rendered":"<div class=\"error-code\">\n<table width=\"586\">\n<tbody>\n<tr>\n<td>36 i\u0161matavimai<\/td>\n<td>Kr\u016btin\u0117 82-86 cm. Liemuo 60-66 cm. Klubai 88-96 cm.<\/td>\n<\/tr>\n<tr>\n<td>38 i\u0161matavimai<\/td>\n<td>Kr\u016btin\u0117 86-92 cm. Liemuo 68-72 cm. Klubai 92-98 cm.<\/td>\n<\/tr>\n<tr>\n<td>40 i\u0161matavimai<\/td>\n<td>Kr\u016btin\u0117 92-98 cm. Liemuo 72-76 cm. Klubai 96-102 cm.<\/td>\n<\/tr>\n<tr>\n<td>42 i\u0161matavimai<\/td>\n<td>Kr\u016btin\u0117 96-102 cm. Liemuo 78-82 cm. Klubai 102-108 cm.<\/td>\n<\/tr>\n<\/tbody>\n<\/table>\n<\/div>\n<p>&nbsp;<\/p>\n<p>Labai pra\u0161ome per\u017ei\u016br\u0117ti \u00a0\u201cPapildom\u0105 informacij\u0105\u201d. Atsi\u017evelkite \u012f pateiktus r\u016bb\u0173 i\u0161matavimus (klubai, liemuo, kr\u016btin\u0117, ilgis). Kartais dyd\u017eiai gali b\u016bti ma\u017einti.<\/p>\n<p>M\u016bs\u0173 r\u016bb\u0173 pristatymas gali u\u017etrukti nuo 2 iki 5 dien\u0173.<\/p>\n<p>Mes parduodame savo prekinio \u017eenklo \u201cModneli\u201d ir kit\u0173 gamintoj\u0173 i\u0161 viso pasaulio drabu\u017eius ir aksesuarus. Jeigu nerandate savo dyd\u017eio, kartais galime papildomai u\u017esakyti.<\/p>\n<p>Visais klausimais: d\u0117l dyd\u017eio, pristatymo laiko, gamintojo, keitimo, gr\u0105\u017einimo ar \u0161iaip \u201cpasilabinti\u201d ra\u0161ykite mums:<\/p>\n<p>Facebook:\u00a0\u00a0<a href=\"https:\/\/www.facebook.com\/Modneli\">https:\/\/www.facebook.com\/Modneli<\/a><\/p>\n<p>Instagram: \u00a0<a href=\"https:\/\/www.instagram.com\/modneli_clothes\/\">https:\/\/www.instagram.com\/modneli_clothes\/<\/a><\/p>\n<h5><em>Su meile, Modneli.<\/em><\/h5>","protected":false},"excerpt":{"rendered":"<p>36 i\u0161matavimai Kr\u016btin\u0117 82-86 cm. Liemuo 60-66 cm. Klubai 88-96 cm. 38 i\u0161matavimai Kr\u016btin\u0117 86-92 cm. Liemuo 68-72 cm. Klubai&hellip;<\/p>","protected":false},"featured_media":7915,"template":"","meta":[],"product_cat":[141],"product_tag":[1732,1956,1769,1814,1737,1748,1771,1738,1902,1744,1770,1775,187,1780,288,1774,1772,1813,1720,1957,1893,1954,1955,1740],"class_list":["post-7906","product","type-product","status-publish","has-post-thumbnail","hentry","product_cat-sukneles","product_tag-blizgi-suknele","product_tag-blizgios-sukneles-moterims","product_tag-elegantiska-mini-suknele","product_tag-fizine-sukneliu-parduotuve","product_tag-gimtadienio-suknele","product_tag-jaunatviska-suknele","product_tag-juoda-mini-suknele","product_tag-juoda-suknele","product_tag-juodos-sukneles-moterims","product_tag-liemenuota-suknele","product_tag-mini-suknele","product_tag-minimalistine-suknele","product_tag-progin-suknel","product_tag-simtadienio-suknele","product_tag-suknel","product_tag-suknele-i-svente","product_tag-suknele-virs-keliu","product_tag-sukneliu-parduotuve-vilniuje","product_tag-sventine-suknele","product_tag-trumpa-juoda-suknele","product_tag-trumpos-sukneles-moterims","product_tag-tvidines-sukneles-moterims","product_tag-tvido-sukneles","product_tag-varpelio-formos-suknele","pa_audinys-poliesteris-95-spandex-5","pa_dydis-36xs","pa_dydis-38s","pa_dydis-40m","pa_dydis-42m-l","pa_ismatavimai-modelio-ugis-172-cm-2","pa_ismatavimai-sukneles-ilgis-84-cm","pa_spalva-juoda","thumb-no-effect","prod-rating-on","prod-has-rating"],"_links":{"self":[{"href":"https:\/\/modneli.com\/en\/wp-json\/wp\/v2\/product\/7906","targetHints":{"allow":["GET"]}}],"collection":[{"href":"https:\/\/modneli.com\/en\/wp-json\/wp\/v2\/product"}],"about":[{"href":"https:\/\/modneli.com\/en\/wp-json\/wp\/v2\/types\/product"}],"wp:featuredmedia":[{"embeddable":true,"href":"https:\/\/modneli.com\/en\/wp-json\/wp\/v2\/media\/7915"}],"wp:attachment":[{"href":"https:\/\/modneli.com\/en\/wp-json\/wp\/v2\/media?parent=7906"}],"wp:term":[{"taxonomy":"product_cat","embeddable":true,"href":"https:\/\/modneli.com\/en\/wp-json\/wp\/v2\/product_cat?post=7906"},{"taxonomy":"product_tag","embeddable":true,"href":"https:\/\/modneli.com\/en\/wp-json\/wp\/v2\/product_tag?post=7906"}],"curies":[{"name":"wp","href":"https:\/\/api.w.org\/{rel}","templated":true}]}}