{"id":7860,"date":"2024-12-23T15:09:55","date_gmt":"2024-12-23T15:09:55","guid":{"rendered":"https:\/\/modneli.com\/?post_type=product&#038;p=7860"},"modified":"2026-02-11T11:32:14","modified_gmt":"2026-02-11T11:32:14","slug":"mora-bordo","status":"publish","type":"product","link":"https:\/\/modneli.com\/en\/product\/mora-bordo\/","title":{"rendered":"6. Mora bordo"},"content":{"rendered":"<p>Ma\u017einti dyd\u017eiai.<\/p>\n<table class=\"woocommerce-product-attributes shop_attributes\">\n<tbody>\n<tr class=\"woocommerce-product-attributes-item woocommerce-product-attributes-item--attribute_36-i%c5%a1matavimai\">\n<th class=\"woocommerce-product-attributes-item__label\">36 i\u0161matavimai<\/th>\n<td class=\"woocommerce-product-attributes-item__value\">Kr\u016btin\u0117 80-84 cm. Liemuo 62-66 cm. Klubai 88-96 cm.<\/td>\n<\/tr>\n<tr class=\"woocommerce-product-attributes-item woocommerce-product-attributes-item--attribute_38-i%c5%a1matavimai\">\n<th class=\"woocommerce-product-attributes-item__label\">38 i\u0161matavimai<\/th>\n<td class=\"woocommerce-product-attributes-item__value\">Kr\u016btin\u0117 85-88 cm. Liemuo 67-70 cm. Klubai 92-98 cm.<\/td>\n<\/tr>\n<tr class=\"woocommerce-product-attributes-item woocommerce-product-attributes-item--attribute_40-i%c5%a1matavimai\">\n<th class=\"woocommerce-product-attributes-item__label\">40 i\u0161matavimai<\/th>\n<td class=\"woocommerce-product-attributes-item__value\">Kr\u016btin\u0117 89-93 cm. Liemuo 71-74 cm. Klubai 96-104 cm.<\/td>\n<\/tr>\n<tr class=\"woocommerce-product-attributes-item woocommerce-product-attributes-item--attribute_42-i%c5%a1matavimai\">\n<th class=\"woocommerce-product-attributes-item__label\">42 i\u0161matavimai<\/th>\n<td class=\"woocommerce-product-attributes-item__value\">Kr\u016btin\u0117 94-97 cm. Liemuo 76-80 cm. Klubai 102-110 cm.<\/td>\n<\/tr>\n<\/tbody>\n<\/table>\n<p>&nbsp;<\/p>\n<p>Labai pra\u0161ome per\u017ei\u016br\u0117ti \u00a0\u201cPapildom\u0105 informacij\u0105\u201d. Atsi\u017evelkite \u012f pateiktus r\u016bb\u0173 i\u0161matavimus (klubai, liemuo, kr\u016btin\u0117, ilgis). Kartais dyd\u017eiai gali b\u016bti ma\u017einti.<\/p>\n<p>M\u016bs\u0173 r\u016bb\u0173 pristatymas gali u\u017etrukti nuo 2 iki 5 dien\u0173.<\/p>\n<p>Mes parduodame savo prekinio \u017eenklo \u201cModneli\u201d ir kit\u0173 gamintoj\u0173 i\u0161 viso pasaulio drabu\u017eius ir aksesuarus. Jeigu nerandate savo dyd\u017eio, kartais galime papildomai u\u017esakyti.<\/p>\n<p>Visais klausimais: d\u0117l dyd\u017eio, pristatymo laiko, gamintojo, keitimo, gr\u0105\u017einimo ar \u0161iaip \u201cpasilabinti\u201d ra\u0161ykite mums:<\/p>\n<p>Facebook:\u00a0\u00a0<a href=\"https:\/\/www.facebook.com\/Modneli\">https:\/\/www.facebook.com\/Modneli<\/a><\/p>\n<p>Instagram: \u00a0<a href=\"https:\/\/www.instagram.com\/modneli_dress\/\">https:\/\/www.instagram.com\/modneli_clothes\/<\/a><\/p>\n<h5><em>Su meile, Modneli.<\/em><\/h5>","protected":false},"excerpt":{"rendered":"<p>Ma\u017einti dyd\u017eiai. 36 i\u0161matavimai Kr\u016btin\u0117 80-84 cm. Liemuo 62-66 cm. Klubai 88-96 cm. 38 i\u0161matavimai Kr\u016btin\u0117 85-88 cm. Liemuo 67-70&hellip;<\/p>","protected":false},"featured_media":9545,"template":"","meta":[],"product_cat":[141],"product_tag":[1823,1824,1769,474,1814,1737,1795,1165,1748,1736,1723,1744,1770,1775,1725,187,1753,1780,288,1724,1774,1749,1782,1772,1783,1797,1752,1815,1755,1812,1813,1720,185,1740,1754],"class_list":["post-7860","product","type-product","status-publish","has-post-thumbnail","hentry","product_cat-sukneles","product_tag-bordines-spalvos-suknele","product_tag-bordo-spalvos-suknele","product_tag-elegantiska-mini-suknele","product_tag-elegantiska-suknel","product_tag-fizine-sukneliu-parduotuve","product_tag-gimtadienio-suknele","product_tag-grazi-silta-suknele-moterims","product_tag-sp-dinga-trumpa-suknel","product_tag-jaunatviska-suknele","product_tag-kaledine-suknele","product_tag-kasdiene-suknele","product_tag-liemenuota-suknele","product_tag-mini-suknele","product_tag-minimalistine-suknele","product_tag-ofisine-suknele","product_tag-progin-suknel","product_tag-rudenines-sukneles","product_tag-simtadienio-suknele","product_tag-suknel","product_tag-suknele-i-darba","product_tag-suknele-i-svente","product_tag-suknele-ilgomis-rankovemis","product_tag-suknele-moterims","product_tag-suknele-virs-keliu","product_tag-sukneles-internetu","product_tag-sukneles-moterims-internetu","product_tag-sukneles-rudeniui","product_tag-sukneles-vilniuje","product_tag-sukneles-ziemai","product_tag-sukneliu-parduotuve","product_tag-sukneliu-parduotuve-vilniuje","product_tag-sventine-suknele","product_tag-trumpa-suknel","product_tag-varpelio-formos-suknele","product_tag-ziemines-sukneles","pa_audinys-poliesteris-95-spandex-5","pa_dydis-36xs","pa_dydis-38s","pa_dydis-40m","pa_dydis-42m-l","pa_ismatavimai-modelio-ugis-172-cm-2","pa_ismatavimai-sukneles-ilgis-83-cm","pa_spalva-bordine","thumb-no-effect","prod-rating-on","prod-has-rating"],"_links":{"self":[{"href":"https:\/\/modneli.com\/en\/wp-json\/wp\/v2\/product\/7860","targetHints":{"allow":["GET"]}}],"collection":[{"href":"https:\/\/modneli.com\/en\/wp-json\/wp\/v2\/product"}],"about":[{"href":"https:\/\/modneli.com\/en\/wp-json\/wp\/v2\/types\/product"}],"wp:featuredmedia":[{"embeddable":true,"href":"https:\/\/modneli.com\/en\/wp-json\/wp\/v2\/media\/9545"}],"wp:attachment":[{"href":"https:\/\/modneli.com\/en\/wp-json\/wp\/v2\/media?parent=7860"}],"wp:term":[{"taxonomy":"product_cat","embeddable":true,"href":"https:\/\/modneli.com\/en\/wp-json\/wp\/v2\/product_cat?post=7860"},{"taxonomy":"product_tag","embeddable":true,"href":"https:\/\/modneli.com\/en\/wp-json\/wp\/v2\/product_tag?post=7860"}],"curies":[{"name":"wp","href":"https:\/\/api.w.org\/{rel}","templated":true}]}}