{"id":7713,"date":"2024-11-19T11:27:05","date_gmt":"2024-11-19T11:27:05","guid":{"rendered":"https:\/\/modneli.com\/?post_type=product&#038;p=7713"},"modified":"2025-12-11T16:34:39","modified_gmt":"2025-12-11T16:34:39","slug":"eva","status":"publish","type":"product","link":"https:\/\/modneli.com\/en\/product\/eva\/","title":{"rendered":"&#8220;Eva&#8221;"},"content":{"rendered":"<table class=\"woocommerce-product-attributes shop_attributes\">\n<tbody>\n<tr class=\"woocommerce-product-attributes-item woocommerce-product-attributes-item--attribute_pa_audinys\">\n<th class=\"woocommerce-product-attributes-item__label\">Audinys<\/th>\n<td class=\"woocommerce-product-attributes-item__value\"><a href=\"https:\/\/modneli.com\/en\/audinys\/poliesteris-95-elastanas-5\/\" rel=\"tag\">Poliesteris 95%, elastanas 5%.<\/a><\/td>\n<\/tr>\n<tr class=\"woocommerce-product-attributes-item woocommerce-product-attributes-item--attribute_pa_dydis\">\n<th class=\"woocommerce-product-attributes-item__label\">Dydis<\/th>\n<td class=\"woocommerce-product-attributes-item__value\"><a href=\"https:\/\/modneli.com\/en\/dydis\/38s\/\" rel=\"tag\">38=S<\/a>,\u00a0<a href=\"https:\/\/modneli.com\/en\/dydis\/40m\/\" rel=\"tag\">40=M<\/a><\/td>\n<\/tr>\n<tr class=\"woocommerce-product-attributes-item woocommerce-product-attributes-item--attribute_pa_ismatavimai\">\n<th class=\"woocommerce-product-attributes-item__label\">I\u0161matavimai<\/th>\n<td class=\"woocommerce-product-attributes-item__value\"><a href=\"https:\/\/modneli.com\/en\/ismatavimai\/36-dydisxs-dydis-38s-40m-42l\/\" rel=\"tag\">36 dydis=XS dydis, 38=S, 40=M, 42=L<\/a>,\u00a0<a href=\"https:\/\/modneli.com\/en\/ismatavimai\/sukneles-ilgis-89-cm\/\" rel=\"tag\">Suknel\u0117s ilgis 89 cm.<\/a><\/td>\n<\/tr>\n<tr class=\"woocommerce-product-attributes-item woocommerce-product-attributes-item--attribute_pa_spalva\">\n<th class=\"woocommerce-product-attributes-item__label\">Spalva<\/th>\n<td class=\"woocommerce-product-attributes-item__value\"><a href=\"https:\/\/modneli.com\/en\/spalva\/juoda\/\" rel=\"tag\">Juoda<\/a><\/td>\n<\/tr>\n<tr class=\"woocommerce-product-attributes-item woocommerce-product-attributes-item--attribute_36-i%c5%a1matavimai\">\n<th class=\"woocommerce-product-attributes-item__label\">36 i\u0161matavimai<\/th>\n<td class=\"woocommerce-product-attributes-item__value\">Kr\u016btin\u0117 84-86 cm. Liemuo 64-68 cm. Klubai 88-92 cm.<\/td>\n<\/tr>\n<tr class=\"woocommerce-product-attributes-item woocommerce-product-attributes-item--attribute_38-i%c5%a1matavimai\">\n<th class=\"woocommerce-product-attributes-item__label\">38 i\u0161matavimai<\/th>\n<td class=\"woocommerce-product-attributes-item__value\">Kr\u016btin\u0117 88-92 cm. Liemuo 70-74 cm. Klubai 92-98 cm.<\/td>\n<\/tr>\n<tr class=\"woocommerce-product-attributes-item woocommerce-product-attributes-item--attribute_40-i%c5%a1matavimai\">\n<th class=\"woocommerce-product-attributes-item__label\">40 i\u0161matavimai<\/th>\n<td class=\"woocommerce-product-attributes-item__value\">Kr\u016btin\u0117 94-98 cm. Liemuo 76-82 cm. Klubai 98-106 cm.<\/td>\n<\/tr>\n<tr class=\"woocommerce-product-attributes-item woocommerce-product-attributes-item--attribute_42-i%c5%a1matavimai\">\n<th class=\"woocommerce-product-attributes-item__label\">42 i\u0161matavimai<\/th>\n<td class=\"woocommerce-product-attributes-item__value\">Kr\u016btin\u0117 100-106 cm. Liemuo 84-88 cm. Klubai 104-110 cm.<\/td>\n<\/tr>\n<tr class=\"woocommerce-product-attributes-item woocommerce-product-attributes-item--attribute_pa_detal-s\">\n<th class=\"woocommerce-product-attributes-item__label\">Detal\u0117s<\/th>\n<td class=\"woocommerce-product-attributes-item__value\"><a href=\"https:\/\/modneli.com\/en\/detal-s\/su-kisenemis\/\" rel=\"tag\">Su ki\u0161en\u0117mis<\/a><\/td>\n<\/tr>\n<\/tbody>\n<\/table>\n<p>&nbsp;<\/p>\n<p>Labai pra\u0161ome per\u017ei\u016br\u0117ti \u00a0\u201cPapildom\u0105 informacij\u0105\u201d. Atsi\u017evelkite \u012f pateiktus r\u016bb\u0173 i\u0161matavimus (klubai, liemuo, kr\u016btin\u0117, ilgis). Kartais dyd\u017eiai gali b\u016bti ma\u017einti.<\/p>\n<p>M\u016bs\u0173 r\u016bb\u0173 pristatymas gali u\u017etrukti nuo 2 iki 5 dien\u0173.<\/p>\n<p>Mes parduodame savo prekinio \u017eenklo \u201cModneli\u201d ir kit\u0173 gamintoj\u0173 i\u0161 viso pasaulio drabu\u017eius ir aksesuarus. Jeigu nerandate savo dyd\u017eio, kartais galime papildomai u\u017esakyti.<\/p>\n<p>Visais klausimais: d\u0117l dyd\u017eio, pristatymo laiko, gamintojo, keitimo, gr\u0105\u017einimo ar \u0161iaip \u201cpasilabinti\u201d ra\u0161ykite mums:<\/p>\n<p>Facebook:\u00a0\u00a0<a href=\"https:\/\/www.facebook.com\/Modneli\">https:\/\/www.facebook.com\/Modneli<\/a><\/p>\n<p>Instagram: \u00a0<a href=\"https:\/\/www.instagram.com\/modneli_clothes\/\">https:\/\/www.instagram.com\/modneli_clothes\/<\/a><\/p>\n<h5><em>Su meile, Modneli.<\/em><\/h5>","protected":false},"excerpt":{"rendered":"<p>Audinys Poliesteris 95%, elastanas 5%. Dydis 38=S,\u00a040=M I\u0161matavimai 36 dydis=XS dydis, 38=S, 40=M, 42=L,\u00a0Suknel\u0117s ilgis 89 cm. Spalva Juoda 36&hellip;<\/p>","protected":false},"featured_media":9863,"template":"","meta":[],"product_cat":[141],"product_tag":[1741,1892,1769,474,1814,1737,1795,1165,1748,1771,1738,1736,1723,1744,1770,187,1753,288,1774,1749,1782,1772,1783,1797,1752,1815,1755,1812,1813,1720,1893,1740,1891,1754],"class_list":["post-7713","product","type-product","status-publish","has-post-thumbnail","hentry","product_cat-sukneles","product_tag-a-silueto-suknele","product_tag-aksomines-sukneles","product_tag-elegantiska-mini-suknele","product_tag-elegantiska-suknel","product_tag-fizine-sukneliu-parduotuve","product_tag-gimtadienio-suknele","product_tag-grazi-silta-suknele-moterims","product_tag-sp-dinga-trumpa-suknel","product_tag-jaunatviska-suknele","product_tag-juoda-mini-suknele","product_tag-juoda-suknele","product_tag-kaledine-suknele","product_tag-kasdiene-suknele","product_tag-liemenuota-suknele","product_tag-mini-suknele","product_tag-progin-suknel","product_tag-rudenines-sukneles","product_tag-suknel","product_tag-suknele-i-svente","product_tag-suknele-ilgomis-rankovemis","product_tag-suknele-moterims","product_tag-suknele-virs-keliu","product_tag-sukneles-internetu","product_tag-sukneles-moterims-internetu","product_tag-sukneles-rudeniui","product_tag-sukneles-vilniuje","product_tag-sukneles-ziemai","product_tag-sukneliu-parduotuve","product_tag-sukneliu-parduotuve-vilniuje","product_tag-sventine-suknele","product_tag-trumpos-sukneles-moterims","product_tag-varpelio-formos-suknele","product_tag-veliurines-sukneles","product_tag-ziemines-sukneles","pa_audinys-poliesteris-95-elastanas-5","pa_detal-s-su-kisenemis","pa_dydis-38s","pa_dydis-40m","pa_ismatavimai-36-dydisxs-dydis-38s-40m-42l","pa_ismatavimai-sukneles-ilgis-89-cm","pa_spalva-juoda","thumb-no-effect","prod-rating-on","prod-has-rating"],"_links":{"self":[{"href":"https:\/\/modneli.com\/en\/wp-json\/wp\/v2\/product\/7713","targetHints":{"allow":["GET"]}}],"collection":[{"href":"https:\/\/modneli.com\/en\/wp-json\/wp\/v2\/product"}],"about":[{"href":"https:\/\/modneli.com\/en\/wp-json\/wp\/v2\/types\/product"}],"wp:featuredmedia":[{"embeddable":true,"href":"https:\/\/modneli.com\/en\/wp-json\/wp\/v2\/media\/9863"}],"wp:attachment":[{"href":"https:\/\/modneli.com\/en\/wp-json\/wp\/v2\/media?parent=7713"}],"wp:term":[{"taxonomy":"product_cat","embeddable":true,"href":"https:\/\/modneli.com\/en\/wp-json\/wp\/v2\/product_cat?post=7713"},{"taxonomy":"product_tag","embeddable":true,"href":"https:\/\/modneli.com\/en\/wp-json\/wp\/v2\/product_tag?post=7713"}],"curies":[{"name":"wp","href":"https:\/\/api.w.org\/{rel}","templated":true}]}}