{"id":7492,"date":"2024-05-29T08:04:19","date_gmt":"2024-05-29T08:04:19","guid":{"rendered":"https:\/\/modneli.com\/?post_type=product&#038;p=7492"},"modified":"2025-11-13T14:11:46","modified_gmt":"2025-11-13T14:11:46","slug":"suknele-blanca","status":"publish","type":"product","link":"https:\/\/modneli.com\/en\/product\/suknele-blanca\/","title":{"rendered":"Blanca"},"content":{"rendered":"<table width=\"586\">\n<tbody>\n<tr>\n<td>S i\u0161matavimai<\/td>\n<td>Kr\u016btin\u0117 80-86 cm. Liemuo 64-69 cm. Klubai 88-96 cm.<\/td>\n<\/tr>\n<tr>\n<td>M i\u0161matavimai<\/td>\n<td>Kr\u016btin\u0117 87-90 cm. Liemuo 70-75 cm. Klubai 94-105 cm.<\/td>\n<\/tr>\n<tr>\n<td>L i\u0161matavimai<\/td>\n<td>Kr\u016btin\u0117 92-98 cm. Liemuo 75-80 cm. Klubai 98-114 cm.<\/td>\n<\/tr>\n<\/tbody>\n<\/table>\n<p>&nbsp;<\/p>\n<p>Labai pra\u0161ome per\u017ei\u016br\u0117ti \u00a0\u201cPapildom\u0105 informacij\u0105\u201d. Atsi\u017evelkite \u012f pateiktus r\u016bb\u0173 i\u0161matavimus (klubai, liemuo, kr\u016btin\u0117, ilgis). Kartais dyd\u017eiai gali b\u016bti ma\u017einti.<\/p>\n<p>M\u016bs\u0173 r\u016bb\u0173 pristatymas gali u\u017etrukti nuo 2 iki 5 dien\u0173.<\/p>\n<p>Mes parduodame savo prekinio \u017eenklo \u201cModneli\u201d ir kit\u0173 gamintoj\u0173 i\u0161 viso pasaulio drabu\u017eius ir aksesuarus. Jeigu nerandate savo dyd\u017eio, kartais galime papildomai u\u017esakyti.<\/p>\n<p>Visais klausimais: d\u0117l dyd\u017eio, pristatymo laiko, gamintojo, keitimo, gr\u0105\u017einimo ar \u0161iaip \u201cpasilabinti\u201d ra\u0161ykite mums:<\/p>\n<p>Facebook:\u00a0\u00a0<a href=\"https:\/\/www.facebook.com\/Modneli\">https:\/\/www.facebook.com\/Modneli<\/a><\/p>\n<p>Instagram: \u00a0<a href=\"https:\/\/www.instagram.com\/modneli_clothes\/\">https:\/\/www.instagram.com\/modneli_clothes\/<\/a><\/p>","protected":false},"excerpt":{"rendered":"<p>S i\u0161matavimai Kr\u016btin\u0117 80-86 cm. Liemuo 64-69 cm. Klubai 88-96 cm. M i\u0161matavimai Kr\u016btin\u0117 87-90 cm. Liemuo 70-75 cm. Klubai&hellip;<\/p>","protected":false},"featured_media":9484,"template":"","meta":[],"product_cat":[141],"product_tag":[1706,288],"class_list":["post-7492","product","type-product","status-publish","has-post-thumbnail","hentry","product_cat-sukneles","product_tag-balta","product_tag-suknel","pa_audinys-medvilne-60-poliesteris-40","pa_dydis-l","pa_dydis-m","pa_dydis-s","pa_ismatavimai-sukneles-ilgis-130-cm","pa_spalva-balta","thumb-no-effect","prod-rating-on","prod-has-rating"],"_links":{"self":[{"href":"https:\/\/modneli.com\/en\/wp-json\/wp\/v2\/product\/7492","targetHints":{"allow":["GET"]}}],"collection":[{"href":"https:\/\/modneli.com\/en\/wp-json\/wp\/v2\/product"}],"about":[{"href":"https:\/\/modneli.com\/en\/wp-json\/wp\/v2\/types\/product"}],"wp:featuredmedia":[{"embeddable":true,"href":"https:\/\/modneli.com\/en\/wp-json\/wp\/v2\/media\/9484"}],"wp:attachment":[{"href":"https:\/\/modneli.com\/en\/wp-json\/wp\/v2\/media?parent=7492"}],"wp:term":[{"taxonomy":"product_cat","embeddable":true,"href":"https:\/\/modneli.com\/en\/wp-json\/wp\/v2\/product_cat?post=7492"},{"taxonomy":"product_tag","embeddable":true,"href":"https:\/\/modneli.com\/en\/wp-json\/wp\/v2\/product_tag?post=7492"}],"curies":[{"name":"wp","href":"https:\/\/api.w.org\/{rel}","templated":true}]}}