{"id":7241,"date":"2024-01-09T06:25:13","date_gmt":"2024-01-09T06:25:13","guid":{"rendered":"https:\/\/modneli.com\/?post_type=product&#038;p=7241"},"modified":"2026-04-17T17:32:12","modified_gmt":"2026-04-17T17:32:12","slug":"suknele-brittany","status":"publish","type":"product","link":"https:\/\/modneli.com\/en\/product\/suknele-brittany\/","title":{"rendered":"&#8220;Brittany&#8221;"},"content":{"rendered":"<table class=\"woocommerce-product-attributes shop_attributes\">\n<tbody>\n<tr class=\"woocommerce-product-attributes-item woocommerce-product-attributes-item--attribute_36-i%c5%a1matavimai\">\n<th class=\"woocommerce-product-attributes-item__label\">36 d. i\u0161matavimai<\/th>\n<td class=\"woocommerce-product-attributes-item__value\">Kr\u016btin\u0117 86-92 cm. Liemuo 72-76 cm. Klubai 94-98 cm.<\/td>\n<\/tr>\n<tr class=\"woocommerce-product-attributes-item woocommerce-product-attributes-item--attribute_38-i%c5%a1matavimai\">\n<th class=\"woocommerce-product-attributes-item__label\">38 d. i\u0161matavimai<\/th>\n<td class=\"woocommerce-product-attributes-item__value\">Kr\u016btin\u0117 92-96 cm. Liemuo 76-80 cm. Klubai 96-102 cm.<\/td>\n<\/tr>\n<tr class=\"woocommerce-product-attributes-item woocommerce-product-attributes-item--attribute_40-i%c5%a1matavimai\">\n<th class=\"woocommerce-product-attributes-item__label\">40 d. i\u0161matavimai<\/th>\n<td class=\"woocommerce-product-attributes-item__value\">Kr\u016btin\u0117 96-100 cm. Liemuo 80-86 cm. Klubai 104-110 cm.<\/td>\n<\/tr>\n<tr class=\"woocommerce-product-attributes-item woocommerce-product-attributes-item--attribute_42-i%c5%a1matavimai\">\n<th class=\"woocommerce-product-attributes-item__label\">42 d. i\u0161matavimai<\/th>\n<td class=\"woocommerce-product-attributes-item__value\">Kr\u016btin\u0117 100-106 cm. Liemuo 84-90 cm. Klubai 110-116 cm.<\/td>\n<\/tr>\n<\/tbody>\n<\/table>\n<p>&nbsp;<\/p>\n<p>NUOMA<\/p>\n<table class=\"woocommerce-product-attributes shop_attributes\">\n<tbody>\n<tr class=\"woocommerce-product-attributes-item woocommerce-product-attributes-item--attribute_36-i%c5%a1matavimai\">\n<th class=\"woocommerce-product-attributes-item__label\">4 dienos<\/th>\n<td class=\"woocommerce-product-attributes-item__value\">\u00a070 eur.<\/td>\n<\/tr>\n<tr class=\"woocommerce-product-attributes-item woocommerce-product-attributes-item--attribute_38-i%c5%a1matavimai\">\n<th class=\"woocommerce-product-attributes-item__label\">8 dienos<\/th>\n<td class=\"woocommerce-product-attributes-item__value\">\u00a080 eur.<\/td>\n<\/tr>\n<tr class=\"woocommerce-product-attributes-item woocommerce-product-attributes-item--attribute_40-i%c5%a1matavimai\">\n<th class=\"woocommerce-product-attributes-item__label\"><\/th>\n<td class=\"woocommerce-product-attributes-item__value\"><\/td>\n<\/tr>\n<\/tbody>\n<\/table>\n<p>&nbsp;<\/p>\n<p>Labai pra\u0161ome per\u017ei\u016br\u0117ti \u00a0&#8220;Papildom\u0105 informacij\u0105&#8221;. Atsi\u017evelkite \u012f pateiktus r\u016bb\u0173 i\u0161matavimus (klubai, liemuo, kr\u016btin\u0117, ilgis). Kartais dyd\u017eiai gali b\u016bti ma\u017einti.<\/p>\n<p>M\u016bs\u0173 r\u016bb\u0173 pristatymas gali u\u017etrukti nuo 3 iki 7 dien\u0173. Priklausomai ar r\u016bbas yra m\u016bs\u0173 sand\u0117lyje paruo\u0161tas siuntimui. (I\u0161pardavimo preki\u0173 pristatymas 3-5 dienos)<\/p>\n<p>Mes parduodame savo prekinio \u017eenklo &#8220;Modneli&#8221; ir kit\u0173 gamintoj\u0173 i\u0161 viso pasaulio drabu\u017eius ir aksesuarus. Jeigu nerandate savo dyd\u017eio, kartais galime papildomai pasi\u016bti arba u\u017esakyti.<\/p>\n<p>Visais klausimais: d\u0117l dyd\u017eio, pristatymo laiko, gamintojo, keitimo, gr\u0105\u017einimo ar \u0161iaip &#8220;pasilabinti&#8221; ra\u0161ykite mums:<\/p>\n<p>Facebook:\u00a0 <a href=\"https:\/\/www.facebook.com\/Modneli\">https:\/\/www.facebook.com\/Modneli<\/a><\/p>\n<p>Instagram: \u00a0<a href=\"https:\/\/www.instagram.com\/modneli_dress\/\">https:\/\/www.instagram.com\/modneli_dress\/<\/a><\/p>\n<h5><em>Su meile, Modneli.<\/em><\/h5>","protected":false},"excerpt":{"rendered":"<p>36 d. i\u0161matavimai Kr\u016btin\u0117 86-92 cm. Liemuo 72-76 cm. Klubai 94-98 cm. 38 d. i\u0161matavimai Kr\u016btin\u0117 92-96 cm. Liemuo 76-80&hellip;<\/p>","protected":false},"featured_media":10257,"template":"","meta":[],"product_cat":[141,1941],"product_tag":[288],"class_list":["post-7241","product","type-product","status-publish","has-post-thumbnail","hentry","product_cat-sukneles","product_cat-nuoma","product_tag-suknel","pa_audinys-poliesteris-100","pa_dydis-1526","pa_dydis-1527","pa_dydis-1528","pa_dydis-1529","pa_ismatavimai-modelio-ugis-170-cm","pa_spalva-juoda","thumb-no-effect","prod-rating-on","prod-has-rating"],"_links":{"self":[{"href":"https:\/\/modneli.com\/en\/wp-json\/wp\/v2\/product\/7241","targetHints":{"allow":["GET"]}}],"collection":[{"href":"https:\/\/modneli.com\/en\/wp-json\/wp\/v2\/product"}],"about":[{"href":"https:\/\/modneli.com\/en\/wp-json\/wp\/v2\/types\/product"}],"wp:featuredmedia":[{"embeddable":true,"href":"https:\/\/modneli.com\/en\/wp-json\/wp\/v2\/media\/10257"}],"wp:attachment":[{"href":"https:\/\/modneli.com\/en\/wp-json\/wp\/v2\/media?parent=7241"}],"wp:term":[{"taxonomy":"product_cat","embeddable":true,"href":"https:\/\/modneli.com\/en\/wp-json\/wp\/v2\/product_cat?post=7241"},{"taxonomy":"product_tag","embeddable":true,"href":"https:\/\/modneli.com\/en\/wp-json\/wp\/v2\/product_tag?post=7241"}],"curies":[{"name":"wp","href":"https:\/\/api.w.org\/{rel}","templated":true}]}}