{"id":1413,"date":"2020-12-04T23:10:16","date_gmt":"2020-12-04T23:10:16","guid":{"rendered":"http:\/\/modneli.com.metasolutions.hostingas.lt\/?post_type=product&#038;p=1413"},"modified":"2025-03-17T07:20:06","modified_gmt":"2025-03-17T07:20:06","slug":"olivia-blizgi","status":"publish","type":"product","link":"https:\/\/modneli.com\/en\/product\/olivia-blizgi\/","title":{"rendered":"Olivia blizgi"},"content":{"rendered":"<p>Labai pra\u0161ome per\u017ei\u016br\u0117ti \u00a0&#8220;Papildom\u0105 informacij\u0105&#8221;. Atsi\u017evelkite \u012f pateiktus r\u016bb\u0173 i\u0161matavimus (klubai, liemuo, kr\u016btin\u0117, ilgis). Kartais dyd\u017eiai gali b\u016bti ma\u017einti.<\/p>\n<p>M\u016bs\u0173 r\u016bb\u0173 pristatymas gali u\u017etrukti nuo 3 iki 7 dien\u0173. Priklausomai ar r\u016bbas yra m\u016bs\u0173 sand\u0117lyje paruo\u0161tas siuntimui. (I\u0161pardavimo preki\u0173 pristatymas 3-5 dienos)<\/p>\n<p>Mes parduodame savo prekinio \u017eenklo &#8220;Modneli&#8221; ir kit\u0173 gamintoj\u0173 i\u0161 viso pasaulio drabu\u017eius ir aksesuarus. Jeigu nerandate savo dyd\u017eio, kartais galime papildomai pasi\u016bti arba u\u017esakyti.<\/p>\n<p>Visais klausimais: d\u0117l dyd\u017eio, pristatymo laiko, gamintojo, keitimo, gr\u0105\u017einimo ar \u0161iaip &#8220;pasilabinti&#8221; ra\u0161ykite mums:<\/p>\n<p>El. pa\u0161tas: \u00a0<a href=\"mailto:info@modneli.com\">info@modneli.com<\/a><\/p>\n<p>Facebook:\u00a0 <a href=\"https:\/\/www.facebook.com\/Modneli\">https:\/\/www.facebook.com\/Modneli<\/a><\/p>\n<p>Instagram: \u00a0<a href=\"https:\/\/www.instagram.com\/modneli_clothes\/\">https:\/\/www.instagram.com\/modneli_clothes\/<\/a><\/p>\n<h5><em>Su meile, Modneli.<\/em><\/h5>","protected":false},"excerpt":{"rendered":"<p>Labai pra\u0161ome per\u017ei\u016br\u0117ti \u00a0&#8220;Papildom\u0105 informacij\u0105&#8221;. Atsi\u017evelkite \u012f pateiktus r\u016bb\u0173 i\u0161matavimus (klubai, liemuo, kr\u016btin\u0117, ilgis). Kartais dyd\u017eiai gali b\u016bti ma\u017einti. M\u016bs\u0173&hellip;<\/p>","protected":false},"featured_media":1415,"template":"","meta":[],"product_cat":[141],"product_tag":[],"class_list":["post-1413","product","type-product","status-publish","has-post-thumbnail","hentry","product_cat-sukneles","pa_audinys-poliesteris-100","pa_detal-s-tamprus-audinys","pa_dydis-m","pa_dydis-s","pa_dydis-xs","pa_spalva-alyvin-blizgi","thumb-no-effect","prod-rating-on","prod-has-rating"],"_links":{"self":[{"href":"https:\/\/modneli.com\/en\/wp-json\/wp\/v2\/product\/1413","targetHints":{"allow":["GET"]}}],"collection":[{"href":"https:\/\/modneli.com\/en\/wp-json\/wp\/v2\/product"}],"about":[{"href":"https:\/\/modneli.com\/en\/wp-json\/wp\/v2\/types\/product"}],"wp:featuredmedia":[{"embeddable":true,"href":"https:\/\/modneli.com\/en\/wp-json\/wp\/v2\/media\/1415"}],"wp:attachment":[{"href":"https:\/\/modneli.com\/en\/wp-json\/wp\/v2\/media?parent=1413"}],"wp:term":[{"taxonomy":"product_cat","embeddable":true,"href":"https:\/\/modneli.com\/en\/wp-json\/wp\/v2\/product_cat?post=1413"},{"taxonomy":"product_tag","embeddable":true,"href":"https:\/\/modneli.com\/en\/wp-json\/wp\/v2\/product_tag?post=1413"}],"curies":[{"name":"wp","href":"https:\/\/api.w.org\/{rel}","templated":true}]}}