{"id":10682,"date":"2026-05-06T08:37:19","date_gmt":"2026-05-06T08:37:19","guid":{"rendered":"https:\/\/modneli.com\/?post_type=product&#038;p=10682"},"modified":"2026-05-06T08:43:48","modified_gmt":"2026-05-06T08:43:48","slug":"emma-juoda-galima-nuoma","status":"publish","type":"product","link":"https:\/\/modneli.com\/en\/product\/emma-juoda-galima-nuoma\/","title":{"rendered":"&#8220;Emma&#8221; juoda (galima nuoma)"},"content":{"rendered":"<p>Ma\u017einti dyd\u017eiai.<\/p>\n<table width=\"586\">\n<tbody>\n<tr>\n<td>36 d. i\u0161matavimai<\/td>\n<td>Kr\u016btin\u0117 82-86 cm. Liemuo 64-68 cm. Klubai 88-92 cm.<\/td>\n<\/tr>\n<tr>\n<td>38 d. i\u0161matavimai<\/td>\n<td>Kr\u016btin\u0117 88-92 cm. Liemuo 68-72 cm. Klubai 92-98 cm.<\/td>\n<\/tr>\n<tr>\n<td>40 d. i\u0161matavimai<\/td>\n<td>Kr\u016btin\u0117 92-96 cm. Liemuo 72-76 cm. Klubai 98-104 cm.<\/td>\n<\/tr>\n<tr>\n<td>42 d. i\u0161matavimai<\/td>\n<td>Kr\u016btin\u0117 96-100 cm. Liemuo 76-82 cm. Klubai 104-108 cm.<\/td>\n<\/tr>\n<\/tbody>\n<\/table>\n<p>&nbsp;<\/p>\n<p>NUOMA<\/p>\n<table class=\"woocommerce-product-attributes shop_attributes\">\n<tbody>\n<tr class=\"woocommerce-product-attributes-item woocommerce-product-attributes-item--attribute_36-i%c5%a1matavimai\">\n<th class=\"woocommerce-product-attributes-item__label\">4 dienos<\/th>\n<td class=\"woocommerce-product-attributes-item__value\">\u00a055 eur.<\/td>\n<\/tr>\n<tr class=\"woocommerce-product-attributes-item woocommerce-product-attributes-item--attribute_38-i%c5%a1matavimai\">\n<th class=\"woocommerce-product-attributes-item__label\">8 dienos<\/th>\n<td class=\"woocommerce-product-attributes-item__value\">\u00a065 eur.<\/td>\n<\/tr>\n<tr class=\"woocommerce-product-attributes-item woocommerce-product-attributes-item--attribute_40-i%c5%a1matavimai\">\n<th class=\"woocommerce-product-attributes-item__label\"><\/th>\n<td class=\"woocommerce-product-attributes-item__value\"><\/td>\n<\/tr>\n<\/tbody>\n<\/table>\n<p>&nbsp;<\/p>\n<p>Labai pra\u0161ome per\u017ei\u016br\u0117ti \u00a0\u201cPapildom\u0105 informacij\u0105\u201d. Atsi\u017evelkite \u012f pateiktus r\u016bb\u0173 i\u0161matavimus (klubai, liemuo, kr\u016btin\u0117, ilgis). Kartais dyd\u017eiai gali b\u016bti ma\u017einti.<\/p>\n<p>M\u016bs\u0173 r\u016bb\u0173 pristatymas gali u\u017etrukti nuo 2 iki 5 dien\u0173.<\/p>\n<p>Mes parduodame savo prekinio \u017eenklo \u201cModneli\u201d ir kit\u0173 gamintoj\u0173 i\u0161 viso pasaulio drabu\u017eius ir aksesuarus. Jeigu nerandate savo dyd\u017eio, kartais galime papildomai u\u017esakyti.<\/p>\n<p>Visais klausimais: d\u0117l dyd\u017eio, pristatymo laiko, gamintojo, keitimo, gr\u0105\u017einimo ar \u0161iaip \u201cpasilabinti\u201d ra\u0161ykite mums:<\/p>\n<p>Facebook:\u00a0\u00a0<a href=\"https:\/\/www.facebook.com\/Modneli\">https:\/\/www.facebook.com\/Modneli<\/a><\/p>\n<p>Instagram: \u00a0<a href=\"https:\/\/www.instagram.com\/modneli_dress\/\">https:\/\/www.instagram.com\/modneli_dress\/<\/a><\/p>\n<h5><em>Su meile, Modneli.<\/em><\/h5>","protected":false},"excerpt":{"rendered":"<p>Ma\u017einti dyd\u017eiai. 36 d. i\u0161matavimai Kr\u016btin\u0117 82-86 cm. Liemuo 64-68 cm. Klubai 88-92 cm. 38 d. i\u0161matavimai Kr\u016btin\u0117 88-92 cm.&hellip;<\/p>","protected":false},"featured_media":10688,"template":"","meta":[],"product_cat":[141,1941],"product_tag":[1854,1769,1737,1980,1165,1748,1902,1920,1950,1901,1944,1780,1959,288,1772,1797,1815,1812,1813,1888,185,1893,1919],"class_list":["post-10682","product","type-product","status-publish","has-post-thumbnail","hentry","product_cat-sukneles","product_cat-nuoma","product_tag-aptemptos-sukneles-moterims","product_tag-elegantiska-mini-suknele","product_tag-gimtadienio-suknele","product_tag-isleistuviu-sukneliu-nuoma-vilniuje","product_tag-sp-dinga-trumpa-suknel","product_tag-jaunatviska-suknele","product_tag-juodos-sukneles-moterims","product_tag-kokteilines-sukneles-moterims","product_tag-kokteiliniu-sukneliu-nuoma-vilniuje","product_tag-progines-sukneles-moterims","product_tag-proginiu-sukneliu-nuoma","product_tag-simtadienio-suknele","product_tag-sukenliu-nuoma-vilniuje","product_tag-suknel","product_tag-suknele-virs-keliu","product_tag-sukneles-moterims-internetu","product_tag-sukneles-vilniuje","product_tag-sukneliu-parduotuve","product_tag-sukneliu-parduotuve-vilniuje","product_tag-sventines-sukneles-moterims","product_tag-trumpa-suknel","product_tag-trumpos-sukneles-moterims","product_tag-vakarines-sukneles-moterims","pa_audinys-poliesteris-95-elastanas-5","pa_dydis-36xs","pa_dydis-38s","pa_dydis-40m","pa_dydis-42m-l","pa_ismatavimai-sukneles-ilgis-apie-90-cm","pa_spalva-juoda","thumb-no-effect","prod-rating-on","prod-has-rating"],"_links":{"self":[{"href":"https:\/\/modneli.com\/en\/wp-json\/wp\/v2\/product\/10682","targetHints":{"allow":["GET"]}}],"collection":[{"href":"https:\/\/modneli.com\/en\/wp-json\/wp\/v2\/product"}],"about":[{"href":"https:\/\/modneli.com\/en\/wp-json\/wp\/v2\/types\/product"}],"wp:featuredmedia":[{"embeddable":true,"href":"https:\/\/modneli.com\/en\/wp-json\/wp\/v2\/media\/10688"}],"wp:attachment":[{"href":"https:\/\/modneli.com\/en\/wp-json\/wp\/v2\/media?parent=10682"}],"wp:term":[{"taxonomy":"product_cat","embeddable":true,"href":"https:\/\/modneli.com\/en\/wp-json\/wp\/v2\/product_cat?post=10682"},{"taxonomy":"product_tag","embeddable":true,"href":"https:\/\/modneli.com\/en\/wp-json\/wp\/v2\/product_tag?post=10682"}],"curies":[{"name":"wp","href":"https:\/\/api.w.org\/{rel}","templated":true}]}}