{"id":10460,"date":"2026-04-17T10:24:49","date_gmt":"2026-04-17T10:24:49","guid":{"rendered":"https:\/\/modneli.com\/?post_type=product&#038;p=10460"},"modified":"2026-04-17T10:53:37","modified_gmt":"2026-04-17T10:53:37","slug":"robin-juoda","status":"publish","type":"product","link":"https:\/\/modneli.com\/en\/product\/robin-juoda\/","title":{"rendered":"&#8220;Robin&#8221; juoda"},"content":{"rendered":"<table class=\"woocommerce-product-attributes shop_attributes\">\n<tbody>\n<tr class=\"woocommerce-product-attributes-item woocommerce-product-attributes-item--attribute_36-d-i%c5%a1matavimai\">\n<th class=\"woocommerce-product-attributes-item__label\">36 d. i\u0161matavimai<\/th>\n<td class=\"woocommerce-product-attributes-item__value\">Kr\u016btin\u0117 84-86 cm. Liemuo 66-69 cm. Klubai 88-93 cm.<\/td>\n<\/tr>\n<tr class=\"woocommerce-product-attributes-item woocommerce-product-attributes-item--attribute_38-d-i%c5%a1matavimai\">\n<th class=\"woocommerce-product-attributes-item__label\">38 d. i\u0161matavimai<\/th>\n<td class=\"woocommerce-product-attributes-item__value\">Kr\u016btin\u0117 87-90 cm. Liemuo 71-74 cm. Klubai 90-96 cm.<\/td>\n<\/tr>\n<tr class=\"woocommerce-product-attributes-item woocommerce-product-attributes-item--attribute_40-d-i%c5%a1matavimai\">\n<th class=\"woocommerce-product-attributes-item__label\">40 d. i\u0161matavimai<\/th>\n<td class=\"woocommerce-product-attributes-item__value\">Kr\u016btin\u0117 91-95 cm. Liemuo 75-78 cm. Klubai 97-104 cm.<\/td>\n<\/tr>\n<tr class=\"woocommerce-product-attributes-item woocommerce-product-attributes-item--attribute_42-d-i%c5%a1matavimai\">\n<th class=\"woocommerce-product-attributes-item__label\">42 d. i\u0161matavimai<\/th>\n<td class=\"woocommerce-product-attributes-item__value\">Kr\u016btin\u0117 96-100 cm. Liemuo 79-83 cm. Klubai 105-112 cm.<\/td>\n<\/tr>\n<\/tbody>\n<\/table>\n<p>&nbsp;<\/p>\n<p>NUOMA<\/p>\n<table class=\"woocommerce-product-attributes shop_attributes\">\n<tbody>\n<tr class=\"woocommerce-product-attributes-item woocommerce-product-attributes-item--attribute_36-i%c5%a1matavimai\">\n<th class=\"woocommerce-product-attributes-item__label\">4 dienos<\/th>\n<td class=\"woocommerce-product-attributes-item__value\">\u00a045 eur.<\/td>\n<\/tr>\n<tr class=\"woocommerce-product-attributes-item woocommerce-product-attributes-item--attribute_38-i%c5%a1matavimai\">\n<th class=\"woocommerce-product-attributes-item__label\">8 dienos<\/th>\n<td class=\"woocommerce-product-attributes-item__value\">\u00a055 eur.<\/td>\n<\/tr>\n<tr class=\"woocommerce-product-attributes-item woocommerce-product-attributes-item--attribute_40-i%c5%a1matavimai\">\n<th class=\"woocommerce-product-attributes-item__label\"><\/th>\n<td class=\"woocommerce-product-attributes-item__value\"><\/td>\n<\/tr>\n<\/tbody>\n<\/table>\n<p>&nbsp;<\/p>\n<p>Labai pra\u0161ome per\u017ei\u016br\u0117ti \u00a0\u201cPapildom\u0105 informacij\u0105\u201d. Atsi\u017evelkite \u012f pateiktus r\u016bb\u0173 i\u0161matavimus (klubai, liemuo, kr\u016btin\u0117, ilgis). Kartais dyd\u017eiai gali b\u016bti ma\u017einti.<\/p>\n<p>M\u016bs\u0173 r\u016bb\u0173 pristatymas gali u\u017etrukti nuo 2 iki 5 dien\u0173.<\/p>\n<p>Mes parduodame savo prekinio \u017eenklo \u201cModneli\u201d ir kit\u0173 gamintoj\u0173 i\u0161 viso pasaulio drabu\u017eius ir aksesuarus. Jeigu nerandate savo dyd\u017eio, kartais galime papildomai u\u017esakyti.<\/p>\n<p>Visais klausimais: d\u0117l dyd\u017eio, pristatymo laiko, gamintojo, keitimo, gr\u0105\u017einimo ar \u0161iaip \u201cpasilabinti\u201d ra\u0161ykite mums:<\/p>\n<p>Facebook:\u00a0\u00a0<a href=\"https:\/\/www.facebook.com\/Modneli\">https:\/\/www.facebook.com\/Modneli<\/a><\/p>\n<p>Instagram: \u00a0<a href=\"https:\/\/www.instagram.com\/modneli_dress\/\">https:\/\/www.instagram.com\/modneli_dress\/<\/a><\/p>\n<p>&nbsp;<\/p>","protected":false},"excerpt":{"rendered":"<p>36 d. i\u0161matavimai Kr\u016btin\u0117 84-86 cm. Liemuo 66-69 cm. Klubai 88-93 cm. 38 d. i\u0161matavimai Kr\u016btin\u0117 87-90 cm. Liemuo 71-74&hellip;<\/p>","protected":false},"featured_media":10466,"template":"","meta":[],"product_cat":[141,1941],"product_tag":[1890,812,1912,1902,1950,1744,1973,1901,1958,1780,288,1797,1916,1942,1813,1720,1960,1945,1931],"class_list":["post-10460","product","type-product","status-publish","has-post-thumbnail","hentry","product_cat-sukneles","product_cat-nuoma","product_tag-aukstos-kokybes-sukneles","product_tag-ilga-suknel","product_tag-ilgos-sukneles-moterims","product_tag-juodos-sukneles-moterims","product_tag-kokteiliniu-sukneliu-nuoma-vilniuje","product_tag-liemenuota-suknele","product_tag-moteriskos-sukneles-atvirais-peciais","product_tag-progines-sukneles-moterims","product_tag-proginiu-sukneliu-nuoma-vilniuje","product_tag-simtadienio-suknele","product_tag-suknel","product_tag-sukneles-moterims-internetu","product_tag-sukneles-vestuviu-sveciams","product_tag-sukneliu-nuoma-vilniuje","product_tag-sukneliu-parduotuve-vilniuje","product_tag-sventine-suknele","product_tag-sventiniu-sukneliu-nuoma-vilniuje","product_tag-vakariniu-sukneliu-nuoma-vilniuje","product_tag-vestuviu-svecio-suknele","pa_audinys-viskoze-80-poliesteris-15-elastanas-5","pa_detal-s-parduodama-su-dirzu","pa_detal-s-suknele-turi-tampumo","pa_dydis-1526","pa_dydis-1527","pa_dydis-1528","pa_dydis-1529","pa_ismatavimai-sukneles-ilgis-89-cm","pa_spalva-juoda","thumb-no-effect","prod-rating-on","prod-has-rating"],"_links":{"self":[{"href":"https:\/\/modneli.com\/en\/wp-json\/wp\/v2\/product\/10460","targetHints":{"allow":["GET"]}}],"collection":[{"href":"https:\/\/modneli.com\/en\/wp-json\/wp\/v2\/product"}],"about":[{"href":"https:\/\/modneli.com\/en\/wp-json\/wp\/v2\/types\/product"}],"wp:featuredmedia":[{"embeddable":true,"href":"https:\/\/modneli.com\/en\/wp-json\/wp\/v2\/media\/10466"}],"wp:attachment":[{"href":"https:\/\/modneli.com\/en\/wp-json\/wp\/v2\/media?parent=10460"}],"wp:term":[{"taxonomy":"product_cat","embeddable":true,"href":"https:\/\/modneli.com\/en\/wp-json\/wp\/v2\/product_cat?post=10460"},{"taxonomy":"product_tag","embeddable":true,"href":"https:\/\/modneli.com\/en\/wp-json\/wp\/v2\/product_tag?post=10460"}],"curies":[{"name":"wp","href":"https:\/\/api.w.org\/{rel}","templated":true}]}}