{"id":10431,"date":"2026-04-17T06:33:39","date_gmt":"2026-04-17T06:33:39","guid":{"rendered":"https:\/\/modneli.com\/?post_type=product&#038;p=10431"},"modified":"2026-04-17T10:09:01","modified_gmt":"2026-04-17T10:09:01","slug":"debra-juodosspalvos","status":"publish","type":"product","link":"https:\/\/modneli.com\/en\/product\/debra-juodosspalvos\/","title":{"rendered":"&#8220;Debra&#8221; juodos spalvos"},"content":{"rendered":"<p>&nbsp;<\/p>\n<table class=\"woocommerce-product-attributes shop_attributes\">\n<tbody>\n<tr class=\"woocommerce-product-attributes-item woocommerce-product-attributes-item--attribute_36-d-i%c5%a1matavimai\">\n<th class=\"woocommerce-product-attributes-item__label\">36 d. i\u0161matavimai<\/th>\n<td class=\"woocommerce-product-attributes-item__value\">Kr\u016btin\u0117 84-88 cm. Liemuo 68-72 cm. Klubai 88-92 cm.<\/td>\n<\/tr>\n<tr class=\"woocommerce-product-attributes-item woocommerce-product-attributes-item--attribute_38-d-i%c5%a1matavimai\">\n<th class=\"woocommerce-product-attributes-item__label\">38 d. i\u0161matavimai<\/th>\n<td class=\"woocommerce-product-attributes-item__value\">Kr\u016btin\u0117 89-93 cm. Liemuo 73-76 cm. Klubai 93-96 cm.<\/td>\n<\/tr>\n<tr class=\"woocommerce-product-attributes-item woocommerce-product-attributes-item--attribute_40-d-i%c5%a1matavimai\">\n<th class=\"woocommerce-product-attributes-item__label\">40 d. i\u0161matavimai<\/th>\n<td class=\"woocommerce-product-attributes-item__value\">Kr\u016btin\u0117 94-98 cm. Liemuo 77-81 cm. Klubai 97-103 cm.<\/td>\n<\/tr>\n<tr class=\"woocommerce-product-attributes-item woocommerce-product-attributes-item--attribute_42-d-i%c5%a1matavimai\">\n<th class=\"woocommerce-product-attributes-item__label\">42 d. i\u0161matavimai<\/th>\n<td class=\"woocommerce-product-attributes-item__value\">Kr\u016btin\u0117 100-104 cm. Liemuo 82-86 cm. Klubai 104-109 cm.<\/td>\n<\/tr>\n<\/tbody>\n<\/table>\n<p>&nbsp;<\/p>\n<p>NUOMA<\/p>\n<table class=\"woocommerce-product-attributes shop_attributes\">\n<tbody>\n<tr class=\"woocommerce-product-attributes-item woocommerce-product-attributes-item--attribute_36-i%c5%a1matavimai\">\n<th class=\"woocommerce-product-attributes-item__label\">4 dienos<\/th>\n<td class=\"woocommerce-product-attributes-item__value\">\u00a070 eur.<\/td>\n<\/tr>\n<tr class=\"woocommerce-product-attributes-item woocommerce-product-attributes-item--attribute_38-i%c5%a1matavimai\">\n<th class=\"woocommerce-product-attributes-item__label\">8 dienos<\/th>\n<td class=\"woocommerce-product-attributes-item__value\">\u00a080 eur.<\/td>\n<\/tr>\n<tr class=\"woocommerce-product-attributes-item woocommerce-product-attributes-item--attribute_40-i%c5%a1matavimai\">\n<th class=\"woocommerce-product-attributes-item__label\"><\/th>\n<td class=\"woocommerce-product-attributes-item__value\"><\/td>\n<\/tr>\n<\/tbody>\n<\/table>\n<p>&nbsp;<\/p>\n<p>Labai pra\u0161ome per\u017ei\u016br\u0117ti \u00a0\u201cPapildom\u0105 informacij\u0105\u201d. Atsi\u017evelkite \u012f pateiktus r\u016bb\u0173 i\u0161matavimus (klubai, liemuo, kr\u016btin\u0117, ilgis). Kartais dyd\u017eiai gali b\u016bti ma\u017einti.<\/p>\n<p>M\u016bs\u0173 r\u016bb\u0173 pristatymas gali u\u017etrukti nuo 2 iki 5 dien\u0173.<\/p>\n<p>Mes parduodame savo prekinio \u017eenklo \u201cModneli\u201d ir kit\u0173 gamintoj\u0173 i\u0161 viso pasaulio drabu\u017eius ir aksesuarus. Jeigu nerandate savo dyd\u017eio, kartais galime papildomai u\u017esakyti.<\/p>\n<p>Visais klausimais: d\u0117l dyd\u017eio, pristatymo laiko, gamintojo, keitimo, gr\u0105\u017einimo ar \u0161iaip \u201cpasilabinti\u201d ra\u0161ykite mums:<\/p>\n<p>Facebook:\u00a0\u00a0<a href=\"https:\/\/www.facebook.com\/Modneli\">https:\/\/www.facebook.com\/Modneli<\/a><\/p>\n<p>Instagram: \u00a0<a href=\"https:\/\/www.instagram.com\/modneli_dress\/\">https:\/\/www.instagram.com\/modneli_dress\/<\/a><\/p>\n<h5><em>Su meile, Modneli.<\/em><\/h5>","protected":false},"excerpt":{"rendered":"<p>&nbsp; 36 d. i\u0161matavimai Kr\u016btin\u0117 84-88 cm. Liemuo 68-72 cm. Klubai 88-92 cm. 38 d. i\u0161matavimai Kr\u016btin\u0117 89-93 cm. Liemuo&hellip;<\/p>","protected":false},"featured_media":10438,"template":"","meta":[],"product_cat":[141,1678,1941],"product_tag":[474,1814,1737,1832,812,1992,1748,1839,1840,1738,1723,1803,1835,1831,2018,1744,944,1838,1775,1725,1833,187,1958,1289,1753,1834,1836,1780,288,1724,1774,1837,1749,1782,1783,1797,1752,1815,1755,1812,1813,1720,1960,1754],"class_list":["post-10431","product","type-product","status-publish","has-post-thumbnail","hentry","product_cat-sukneles","product_cat-kiti-rubai","product_cat-nuoma","product_tag-elegantiska-suknel","product_tag-fizine-sukneliu-parduotuve","product_tag-gimtadienio-suknele","product_tag-gipiurinis-sijonas","product_tag-ilga-suknel","product_tag-ilgu-sukneliu-moterims-nuoma","product_tag-jaunatviska-suknele","product_tag-jodas-kostiumelis-su-sijonu","product_tag-juoda-ilga-suknele","product_tag-juoda-suknele","product_tag-kasdiene-suknele","product_tag-klasikine-suknele","product_tag-kostiumas-su-sijonu","product_tag-kostiumelis-su-permatomu-sijonu","product_tag-kostiumeliu-moterims-nuoma","product_tag-liemenuota-suknele","product_tag-maxi-sijonas","product_tag-maxi-suknele","product_tag-minimalistine-suknele","product_tag-ofisine-suknele","product_tag-permatomas-sijonas","product_tag-progin-suknel","product_tag-proginiu-sukneliu-nuoma-vilniuje","product_tag-rudas-svarkas","product_tag-rudenines-sukneles","product_tag-sijonas-iki-zemes","product_tag-sijono-kostiumas","product_tag-simtadienio-suknele","product_tag-suknel","product_tag-suknele-i-darba","product_tag-suknele-i-svente","product_tag-suknele-iki-zemes","product_tag-suknele-ilgomis-rankovemis","product_tag-suknele-moterims","product_tag-sukneles-internetu","product_tag-sukneles-moterims-internetu","product_tag-sukneles-rudeniui","product_tag-sukneles-vilniuje","product_tag-sukneles-ziemai","product_tag-sukneliu-parduotuve","product_tag-sukneliu-parduotuve-vilniuje","product_tag-sventine-suknele","product_tag-sventiniu-sukneliu-nuoma-vilniuje","product_tag-ziemines-sukneles","pa_audinys-sijonas-poliesteris-100","pa_audinys-svarkas-viskoze-80-poliesteris-15-elastanas-5","pa_detal-s-ismatavimai-nurodyti-pagal-svarko-parametrus","pa_detal-s-sijonas-tamprus-liemuo-su-guma","pa_detal-s-su-pamusalu","pa_dydis-1526","pa_dydis-1527","pa_dydis-1528","pa_dydis-1529","pa_ismatavimai-sijono-ilgis-114-cm","pa_ismatavimai-svarko-ilgis-36-38-d-apie-75-cm-40-42-d-apie-77-cm","pa_spalva-juoda","thumb-no-effect","prod-rating-on","prod-has-rating"],"_links":{"self":[{"href":"https:\/\/modneli.com\/en\/wp-json\/wp\/v2\/product\/10431","targetHints":{"allow":["GET"]}}],"collection":[{"href":"https:\/\/modneli.com\/en\/wp-json\/wp\/v2\/product"}],"about":[{"href":"https:\/\/modneli.com\/en\/wp-json\/wp\/v2\/types\/product"}],"wp:featuredmedia":[{"embeddable":true,"href":"https:\/\/modneli.com\/en\/wp-json\/wp\/v2\/media\/10438"}],"wp:attachment":[{"href":"https:\/\/modneli.com\/en\/wp-json\/wp\/v2\/media?parent=10431"}],"wp:term":[{"taxonomy":"product_cat","embeddable":true,"href":"https:\/\/modneli.com\/en\/wp-json\/wp\/v2\/product_cat?post=10431"},{"taxonomy":"product_tag","embeddable":true,"href":"https:\/\/modneli.com\/en\/wp-json\/wp\/v2\/product_tag?post=10431"}],"curies":[{"name":"wp","href":"https:\/\/api.w.org\/{rel}","templated":true}]}}