{"id":10049,"date":"2026-02-03T08:11:44","date_gmt":"2026-02-03T08:11:44","guid":{"rendered":"https:\/\/modneli.com\/?post_type=product&#038;p=10049"},"modified":"2026-04-08T06:56:36","modified_gmt":"2026-04-08T06:56:36","slug":"daniella","status":"publish","type":"product","link":"https:\/\/modneli.com\/en\/product\/daniella\/","title":{"rendered":"&#8220;Daniella&#8221;"},"content":{"rendered":"<p>&nbsp;<\/p>\n<table class=\"woocommerce-product-attributes shop_attributes\">\n<tbody>\n<tr class=\"woocommerce-product-attributes-item woocommerce-product-attributes-item--attribute_36-d-i%c5%a1matavimai\">\n<th class=\"woocommerce-product-attributes-item__label\">36 d. i\u0161matavimai<\/th>\n<td class=\"woocommerce-product-attributes-item__value\">Kr\u016btin\u0117 75\/A, 75\/B. Liemuo 69-72 cm. Klubai 88-93 cm.<\/td>\n<\/tr>\n<tr class=\"woocommerce-product-attributes-item woocommerce-product-attributes-item--attribute_38-d-i%c5%a1matavimai\">\n<th class=\"woocommerce-product-attributes-item__label\">38 d. i\u0161matavimai<\/th>\n<td class=\"woocommerce-product-attributes-item__value\">Kr\u016btin\u0117 75\/B, 75\/C, 80\/B. Liemuo 73-75 cm. Klubai 90-96 cm.<\/td>\n<\/tr>\n<tr class=\"woocommerce-product-attributes-item woocommerce-product-attributes-item--attribute_40-d-i%c5%a1matavimai\">\n<th class=\"woocommerce-product-attributes-item__label\">40 d. i\u0161matavimai<\/th>\n<td class=\"woocommerce-product-attributes-item__value\">Kr\u016btin\u0117 80\/B, 80\/C. Liemuo 76-79 cm. Klubai 94-100 cm.<\/td>\n<\/tr>\n<\/tbody>\n<\/table>\n<p>&nbsp;<\/p>\n<p>NUOMA<\/p>\n<table class=\"woocommerce-product-attributes shop_attributes\">\n<tbody>\n<tr class=\"woocommerce-product-attributes-item woocommerce-product-attributes-item--attribute_36-i%c5%a1matavimai\">\n<th class=\"woocommerce-product-attributes-item__label\">4 dienos<\/th>\n<td class=\"woocommerce-product-attributes-item__value\">\u00a065 eur.<\/td>\n<\/tr>\n<tr class=\"woocommerce-product-attributes-item woocommerce-product-attributes-item--attribute_38-i%c5%a1matavimai\">\n<th class=\"woocommerce-product-attributes-item__label\">8 dienos<\/th>\n<td class=\"woocommerce-product-attributes-item__value\">\u00a075 eur.<\/td>\n<\/tr>\n<tr class=\"woocommerce-product-attributes-item woocommerce-product-attributes-item--attribute_40-i%c5%a1matavimai\">\n<th class=\"woocommerce-product-attributes-item__label\"><\/th>\n<td class=\"woocommerce-product-attributes-item__value\"><\/td>\n<\/tr>\n<\/tbody>\n<\/table>\n<p>&nbsp;<\/p>\n<p>Labai pra\u0161ome per\u017ei\u016br\u0117ti \u00a0\u201cPapildom\u0105 informacij\u0105\u201d. Atsi\u017evelkite \u012f pateiktus r\u016bb\u0173 i\u0161matavimus (klubai, liemuo, kr\u016btin\u0117, ilgis). Kartais dyd\u017eiai gali b\u016bti ma\u017einti.<\/p>\n<p>M\u016bs\u0173 r\u016bb\u0173 pristatymas gali u\u017etrukti nuo 2 iki 5 dien\u0173.<\/p>\n<p>Mes parduodame savo prekinio \u017eenklo \u201cModneli\u201d ir kit\u0173 gamintoj\u0173 i\u0161 viso pasaulio drabu\u017eius ir aksesuarus. Jeigu nerandate savo dyd\u017eio, kartais galime papildomai u\u017esakyti.<\/p>\n<p>Visais klausimais: d\u0117l dyd\u017eio, pristatymo laiko, gamintojo, keitimo, gr\u0105\u017einimo ar \u0161iaip \u201cpasilabinti\u201d ra\u0161ykite mums:<\/p>\n<p>Facebook:\u00a0\u00a0<a href=\"https:\/\/www.facebook.com\/Modneli\">https:\/\/www.facebook.com\/Modneli<\/a><\/p>\n<p>Instagram: \u00a0<a href=\"https:\/\/www.instagram.com\/modneli_dress\/\">https:\/\/www.instagram.com\/modneli_dress\/<\/a><\/p>\n<h5><em>Su meile, Modneli.<\/em><\/h5>","protected":false},"excerpt":{"rendered":"<p>&nbsp; 36 d. i\u0161matavimai Kr\u016btin\u0117 75\/A, 75\/B. Liemuo 69-72 cm. Klubai 88-93 cm. 38 d. i\u0161matavimai Kr\u016btin\u0117 75\/B, 75\/C, 80\/B.&hellip;<\/p>","protected":false},"featured_media":10252,"template":"","meta":[],"product_cat":[1941],"product_tag":[1890,474,1814,1737,812,1912,1906,1748,1723,1920,1935,1744,1926,1775,1901,891,1884,288,1774,1837,1746,1797,1916,1815,1813,1720,1919,1934],"class_list":["post-10049","product","type-product","status-publish","has-post-thumbnail","hentry","product_cat-nuoma","product_tag-aukstos-kokybes-sukneles","product_tag-elegantiska-suknel","product_tag-fizine-sukneliu-parduotuve","product_tag-gimtadienio-suknele","product_tag-ilga-suknel","product_tag-ilgos-sukneles-moterims","product_tag-isleistuviu-sukneles","product_tag-jaunatviska-suknele","product_tag-kasdiene-suknele","product_tag-kokteilines-sukneles-moterims","product_tag-korsetines-sukneles-moterims","product_tag-liemenuota-suknele","product_tag-midi-ilgio-sukneles-moterims","product_tag-minimalistine-suknele","product_tag-progines-sukneles-moterims","product_tag-stilinga-suknel-p-stomis-rankov-mis","product_tag-stilingos-progines-sukneles","product_tag-suknel","product_tag-suknele-i-svente","product_tag-suknele-iki-zemes","product_tag-suknele-zemiau-keliu","product_tag-sukneles-moterims-internetu","product_tag-sukneles-vestuviu-sveciams","product_tag-sukneles-vilniuje","product_tag-sukneliu-parduotuve-vilniuje","product_tag-sventine-suknele","product_tag-vakarines-sukneles-moterims","product_tag-zydra-ilga-sunknele","pa_audinys-poliesteris-100","pa_detal-s-su-pamusalu","pa_dydis-1526","pa_dydis-1527","pa_dydis-1528","pa_ismatavimai-modelio-ugis-170-cm","pa_ismatavimai-sukneles-ilgis-nuo-krutines-140-cm","pa_spalva-zydra","thumb-no-effect","prod-rating-on","prod-has-rating"],"_links":{"self":[{"href":"https:\/\/modneli.com\/en\/wp-json\/wp\/v2\/product\/10049","targetHints":{"allow":["GET"]}}],"collection":[{"href":"https:\/\/modneli.com\/en\/wp-json\/wp\/v2\/product"}],"about":[{"href":"https:\/\/modneli.com\/en\/wp-json\/wp\/v2\/types\/product"}],"wp:featuredmedia":[{"embeddable":true,"href":"https:\/\/modneli.com\/en\/wp-json\/wp\/v2\/media\/10252"}],"wp:attachment":[{"href":"https:\/\/modneli.com\/en\/wp-json\/wp\/v2\/media?parent=10049"}],"wp:term":[{"taxonomy":"product_cat","embeddable":true,"href":"https:\/\/modneli.com\/en\/wp-json\/wp\/v2\/product_cat?post=10049"},{"taxonomy":"product_tag","embeddable":true,"href":"https:\/\/modneli.com\/en\/wp-json\/wp\/v2\/product_tag?post=10049"}],"curies":[{"name":"wp","href":"https:\/\/api.w.org\/{rel}","templated":true}]}}