{"id":10015,"date":"2026-01-30T08:43:26","date_gmt":"2026-01-30T08:43:26","guid":{"rendered":"https:\/\/modneli.com\/?post_type=product&#038;p=10015"},"modified":"2026-04-13T07:42:29","modified_gmt":"2026-04-13T07:42:29","slug":"diane","status":"publish","type":"product","link":"https:\/\/modneli.com\/en\/product\/diane\/","title":{"rendered":"&#8220;Diane&#8221;"},"content":{"rendered":"<p>&nbsp;<\/p>\n<table class=\"woocommerce-product-attributes shop_attributes\">\n<tbody>\n<tr class=\"woocommerce-product-attributes-item woocommerce-product-attributes-item--attribute_xs-d-i%c5%a1matavimai\">\n<th class=\"woocommerce-product-attributes-item__label\">XS d. i\u0161matavimai<\/th>\n<td class=\"woocommerce-product-attributes-item__value\">Kr\u016btin\u0117 82-84 cm. Liemuo 60-63 cm. Klubai 88-94 cm.<\/td>\n<\/tr>\n<tr class=\"woocommerce-product-attributes-item woocommerce-product-attributes-item--attribute_s-d-i%c5%a1matavimai\">\n<th class=\"woocommerce-product-attributes-item__label\">S d. i\u0161matavimai<\/th>\n<td class=\"woocommerce-product-attributes-item__value\">Kr\u016btin\u0117 85-88 cm. Liemuo 64-68 cm. Klubai 90-96 cm.<\/td>\n<\/tr>\n<tr class=\"woocommerce-product-attributes-item woocommerce-product-attributes-item--attribute_m-d-i%c5%a1matavimai\">\n<th class=\"woocommerce-product-attributes-item__label\">M d. i\u0161matavimai<\/th>\n<td class=\"woocommerce-product-attributes-item__value\">Kr\u016btin\u0117 90-92 cm. Liemuo 70-73 cm. Klubai 90-98 cm.<\/td>\n<\/tr>\n<tr class=\"woocommerce-product-attributes-item woocommerce-product-attributes-item--attribute_l-d-i%c5%a1matavimai\">\n<th class=\"woocommerce-product-attributes-item__label\">L d. i\u0161matavimai<\/th>\n<td class=\"woocommerce-product-attributes-item__value\">Kr\u016btin\u0117 94-98 cm. Liemuo 75-78 cm. Klubai 90 -105 cm.<\/td>\n<\/tr>\n<\/tbody>\n<\/table>\n<p>&nbsp;<\/p>\n<p>NUOMA<\/p>\n<table class=\"woocommerce-product-attributes shop_attributes\">\n<tbody>\n<tr class=\"woocommerce-product-attributes-item woocommerce-product-attributes-item--attribute_36-i%c5%a1matavimai\">\n<th class=\"woocommerce-product-attributes-item__label\">4 dienos<\/th>\n<td class=\"woocommerce-product-attributes-item__value\">\u00a060\u00a0 eur.<\/td>\n<\/tr>\n<tr class=\"woocommerce-product-attributes-item woocommerce-product-attributes-item--attribute_38-i%c5%a1matavimai\">\n<th class=\"woocommerce-product-attributes-item__label\">8 dienos<\/th>\n<td class=\"woocommerce-product-attributes-item__value\">\u00a070 eur.<\/td>\n<\/tr>\n<tr class=\"woocommerce-product-attributes-item woocommerce-product-attributes-item--attribute_40-i%c5%a1matavimai\">\n<th class=\"woocommerce-product-attributes-item__label\"><\/th>\n<td class=\"woocommerce-product-attributes-item__value\"><\/td>\n<\/tr>\n<\/tbody>\n<\/table>\n<p>&nbsp;<\/p>\n<p>Labai pra\u0161ome per\u017ei\u016br\u0117ti \u00a0\u201cPapildom\u0105 informacij\u0105\u201d. Atsi\u017evelkite \u012f pateiktus r\u016bb\u0173 i\u0161matavimus (klubai, liemuo, kr\u016btin\u0117, ilgis). Kartais dyd\u017eiai gali b\u016bti ma\u017einti.<\/p>\n<p>M\u016bs\u0173 r\u016bb\u0173 pristatymas gali u\u017etrukti nuo 2 iki 5 dien\u0173.<\/p>\n<p>Mes parduodame savo prekinio \u017eenklo \u201cModneli\u201d ir kit\u0173 gamintoj\u0173 i\u0161 viso pasaulio drabu\u017eius ir aksesuarus. Jeigu nerandate savo dyd\u017eio, kartais galime papildomai u\u017esakyti.<\/p>\n<p>Visais klausimais: d\u0117l dyd\u017eio, pristatymo laiko, gamintojo, keitimo, gr\u0105\u017einimo ar \u0161iaip \u201cpasilabinti\u201d ra\u0161ykite mums:<\/p>\n<p>Facebook:\u00a0\u00a0<a href=\"https:\/\/www.facebook.com\/Modneli\">https:\/\/www.facebook.com\/Modneli<\/a><\/p>\n<p>Instagram: \u00a0<a href=\"https:\/\/www.instagram.com\/modneli_dress\/\">https:\/\/www.instagram.com\/modneli_dress\/<\/a><\/p>\n<h5><em>Su meile, Modneli.<\/em><\/h5>","protected":false},"excerpt":{"rendered":"<p>&nbsp; XS d. i\u0161matavimai Kr\u016btin\u0117 82-84 cm. Liemuo 60-63 cm. Klubai 88-94 cm. S d. i\u0161matavimai Kr\u016btin\u0117 85-88 cm. Liemuo&hellip;<\/p>","protected":false},"featured_media":10021,"template":"","meta":[],"product_cat":[1941],"product_tag":[1890,1903,474,1814,1737,1748,1920,1950,1935,1744,2005,1901,1958,1884,288,1774,1772,1797,1916,1815,1813,1720,1960,1919,1945,1740],"class_list":["post-10015","product","type-product","status-publish","has-post-thumbnail","hentry","product_cat-nuoma","product_tag-aukstos-kokybes-sukneles","product_tag-dideliu-dydziu-sukneles-moterims","product_tag-elegantiska-suknel","product_tag-fizine-sukneliu-parduotuve","product_tag-gimtadienio-suknele","product_tag-jaunatviska-suknele","product_tag-kokteilines-sukneles-moterims","product_tag-kokteiliniu-sukneliu-nuoma-vilniuje","product_tag-korsetines-sukneles-moterims","product_tag-liemenuota-suknele","product_tag-mini-sukneles-moterims","product_tag-progines-sukneles-moterims","product_tag-proginiu-sukneliu-nuoma-vilniuje","product_tag-stilingos-progines-sukneles","product_tag-suknel","product_tag-suknele-i-svente","product_tag-suknele-virs-keliu","product_tag-sukneles-moterims-internetu","product_tag-sukneles-vestuviu-sveciams","product_tag-sukneles-vilniuje","product_tag-sukneliu-parduotuve-vilniuje","product_tag-sventine-suknele","product_tag-sventiniu-sukneliu-nuoma-vilniuje","product_tag-vakarines-sukneles-moterims","product_tag-vakariniu-sukneliu-nuoma-vilniuje","product_tag-varpelio-formos-suknele","pa_audinys-poliesteris-100","pa_detal-s-su-pamusalu","pa_dydis-l","pa_dydis-m","pa_dydis-s","pa_dydis-xs","pa_ismatavimai-modelio-ugis-173-cm","pa_spalva-rozin","thumb-no-effect","prod-rating-on","prod-has-rating"],"_links":{"self":[{"href":"https:\/\/modneli.com\/en\/wp-json\/wp\/v2\/product\/10015","targetHints":{"allow":["GET"]}}],"collection":[{"href":"https:\/\/modneli.com\/en\/wp-json\/wp\/v2\/product"}],"about":[{"href":"https:\/\/modneli.com\/en\/wp-json\/wp\/v2\/types\/product"}],"wp:featuredmedia":[{"embeddable":true,"href":"https:\/\/modneli.com\/en\/wp-json\/wp\/v2\/media\/10021"}],"wp:attachment":[{"href":"https:\/\/modneli.com\/en\/wp-json\/wp\/v2\/media?parent=10015"}],"wp:term":[{"taxonomy":"product_cat","embeddable":true,"href":"https:\/\/modneli.com\/en\/wp-json\/wp\/v2\/product_cat?post=10015"},{"taxonomy":"product_tag","embeddable":true,"href":"https:\/\/modneli.com\/en\/wp-json\/wp\/v2\/product_tag?post=10015"}],"curies":[{"name":"wp","href":"https:\/\/api.w.org\/{rel}","templated":true}]}}