{"id":5164,"date":"2023-06-23T06:38:24","date_gmt":"2023-06-23T06:38:24","guid":{"rendered":"http:\/\/modneli.com.metasolutions.hostingas.lt\/?page_id=5164"},"modified":"2025-02-17T12:55:48","modified_gmt":"2025-02-17T12:55:48","slug":"terminai-ir-salygos","status":"publish","type":"page","link":"https:\/\/modneli.com\/en\/terminai-ir-salygos\/","title":{"rendered":"Terminai ir s\u0105lygos"},"content":{"rendered":"<p><strong>1. S\u0104VOKOS<\/strong><\/p>\r\n\r\n\r\n\r\n<p>1.1.\u00a0Pardav\u0117jas\u00a0\u2013Lina Slugina, veikianti pagal individuali\u0105 veikl\u0105 ( nr. 444123).<\/p>\r\n\r\n\r\n\r\n<p>1.2.\u00a0Elektronin\u0117 parduotuv\u0117\u00a0\u2013 elektronin\u0117 parduotuv\u0117, esanti tinklalapyje adresu\u00a0www.modneli.com<\/p>\r\n\r\n\r\n\r\n<p>1.3.\u00a0Pirk\u0117jas\u00a0\u2013 asmuo, u\u017esisakantis arba \u012fsigyjantis preki\u0173 Elektronin\u0117je parduotuv\u0117je.<\/p>\r\n\r\n\r\n\r\n<p>1.4.\u00a0Darbo diena\u00a0\u2013 kiekviena savait\u0117s diena, i\u0161skyrus \u0161e\u0161tadien\u012f ir sekmadien\u012f bei valstybines \u0161ven\u010di\u0173 dienas, kurios Lietuvos Respublikos teis\u0117s akt\u0173 tvarka yra paskelbtos nedarbo dienomis.<\/p>\r\n\r\n\r\n\r\n<p>1.5.\u00a0Asmens duomenys\u00a0\u2013 Pirk\u0117jo duomenys, nurodyti Privatumo politikoje.<\/p>\r\n\r\n\r\n\r\n<p>1.6.\u00a0Privatumo politika\u00a0\u2013 Pardav\u0117jo patvirtintas dokumentas, kuriame numatytos pagrindin\u0117s nuostatos d\u0117l Asmens duomen\u0173 rinkimo, kaupimo, tvarkymo ir laikymo ir kit\u0173 su tuo susijusi\u0173 aspekt\u0173, naudojantis \u0161ia elektronine parduotuve.<\/p>\r\n\r\n\r\n\r\n<p>1.7.\u00a0Taisykl\u0117s\u00a0\u2013 \u0161ios pirkimo taisykl\u0117s, kuriose apra\u0161omos nuostatos, susijusios su preki\u0173 \u012fsigijimu Elektronin\u0117je parduotuv\u0117je.<\/p>\r\n\r\n\r\n\r\n<p>1.8.\u00a0Paskyra\u00a0\u2013 Pirk\u0117jo registravimosi Elektronin\u0117je parduotuv\u0117je rezultatas, d\u0117l kurio sukuriama s\u0105skaita, kurioje saugomi jo pateikti asmens duomenys ir duomenys apie u\u017esakymus Elektronin\u0117je parduotuv\u0117je.\u00a0<\/p>\r\n\r\n\r\n\r\n<p><strong>2. BENDROSIOS NUOSTATOS<\/strong><\/p>\r\n\r\n\r\n\r\n<p>2.1. \u0160ios Taisykl\u0117s yra teisinis dokumentas, kurio privalo laikytis Pirk\u0117jas ir Pardav\u0117jas. Taisykl\u0117se numatytos Pirk\u0117jo ir Pardav\u0117jo teis\u0117s ir pareigos, kitos pirkimo \u2013 pardavimo sutarties s\u0105lygos ir su pirkimu Elektronin\u0117je parduotuv\u0117je susijusios nuostatos. Prie\u0161 u\u017esakant prekes Elektronin\u0117je parduotuv\u0117je rekomenduojame atid\u017eiai perskaityti Taisykles ir Privatumo politik\u0105 bei \u012fsitikinti, kad jas tinkamai supratote. Jei nesutinkate su Taisykli\u0173 ir (ar) Privatumo politikos nuostatomis, netur\u0117tum\u0117te naudotis Elektronine parduotuve.<\/p>\r\n\r\n\r\n\r\n<p>2.2. Pirkti Elektronin\u0117je parduotuv\u0117je turi teis\u0119:<\/p>\r\n\r\n\r\n\r\n<p>\u2013 veiksn\u016bs fiziniai asmenys, t. y. sulauk\u0119 pilnametyst\u0117s asmenys, kuri\u0173 veiksnumas n\u0117ra apribotas teismo tvarka;<\/p>\r\n\r\n\r\n\r\n<p>\u2013 \u00a0nepilname\u010diai nuo 14 iki 18 met\u0173 am\u017eiaus, turintys t\u0117v\u0173 arba r\u016bpintoj\u0173 sutikim\u0105, i\u0161skyrus tuos atvejus, kai jie savaranki\u0161kai disponuoja savo pajamomis;<\/p>\r\n\r\n\r\n\r\n<p>\u2013 juridiniai asmenys, veikiantys per \u012fgaliotus atstovus;<\/p>\r\n\r\n\r\n\r\n<p>\u2013 vis\u0173 prie\u0161 tai nurodyt\u0173 asmen\u0173 \u012fgaliotieji atstovai.<\/p>\r\n\r\n\r\n\r\n<p>2.3. Pateikdamas u\u017esakym\u0105 \u0161ioje Elektronin\u0117je parduotuv\u0117je Pirk\u0117jas patvirtina, kad jis turi teis\u0119 pirkti prekes Elektronin\u0117je parduotuv\u0117je.<\/p>\r\n\r\n\r\n\r\n<p>2.4. Prek\u0117s laikomos u\u017esakytomis, kai Pirk\u0117jas jo nurodytu elektroninio pa\u0161to adresu gauna patvirtinim\u0105, kad Pirk\u0117jo u\u017esakymas yra prad\u0117tas vykdyti. Pirk\u0117jui pasirinkus prekes apmok\u0117ti u\u017esakymo pateikimo momentu, u\u017esakymas pradedamas vykdyti po pinig\u0173 \u012fskaitymo Pardav\u0117jo banko s\u0105skaitoje momento.\u00a0<\/p>\r\n\r\n\r\n\r\n<p><strong>3. PIRK\u0116JO TEIS\u0116S IR PAREIGOS<\/strong><\/p>\r\n\r\n\r\n\r\n<p>3.1.Teis\u0117 atsisakyti preki\u0173 pirkimo \u2013 pardavimo sutarties<\/p>\r\n\r\n\r\n\r\n<p>Pirk\u0117jas, pirkdamas kaip vartotojas, turi teis\u0119 atsisakyti sutarties per 14 dien\u0173, nenurodant jokios prie\u017easties. Sutarties atsisakymo laikotarpis baigsis po 14 dien\u0173 nuo dienos, kuri\u0105 Pirk\u0117jas arba Pirk\u0117jo nurodytas tre\u010diasis asmuo, i\u0161skyrus ve\u017e\u0117j\u0105, \u012fgijo fizin\u012f preki\u0173 valdym\u0105 arba, kai vienu u\u017esakymu vartotojas u\u017esak\u0117 ne vien\u0105 prek\u0119 ir jos pristatomos atskirai po 14 dien\u0173 nuo dienos, kuri\u0105 Pirk\u0117jas arba Pirk\u0117jo nurodytas tre\u010diasis asmuo, i\u0161skyrus ve\u017e\u0117j\u0105, \u012fgijo fizin\u012f paskutin\u0117s prek\u0117s valdym\u0105.<\/p>\r\n\r\n\r\n\r\n<p>Nor\u0117damas pasinaudoti teise atsisakyti sutarties, Pirk\u0117jas gali pateikti informacij\u0105 apie tai skiltyje \u201eGr\u0105\u017einimo s\u0105lygos ir terminai\u201c.Pirk\u0117jui nusprendus pasinaudoti teise atsisakyti pirkimo \u2013 pardavimo sutarties, ne v\u0117liau nei per 14 dien\u0173 \u00a0nuo gr\u0105\u017einam\u0173 preki\u0173 gavimo atgal dienos, pardav\u0117jas gr\u0105\u017eina pinigus sumok\u0117tus u\u017e prek\u0119.<\/p>\r\n\r\n\r\n\r\n<p>Sumok\u0117ti pinigai gr\u0105\u017einami tokiu pa\u010diu\u00a0 mok\u0117jimo b\u016bdu, kok\u012f Pirk\u0117jas naudojo atlikdamas pradin\u0119 mok\u0117jimo operacij\u0105, gr\u0105\u017einant l\u0117\u0161as \u012f Pirk\u0117jo s\u0105skait\u0105, i\u0161 kurios buvo apmok\u0117ta u\u017e prekes. Pardav\u0117jas neprisiima atsakomyb\u0117s d\u0117l neatlikto arba v\u0117luojan\u010dio pavedimo u\u017e gr\u0105\u017eintas prekes, jei Pirk\u0117jas klaidingai pateikia gr\u0105\u017einimui reikalingus duomenis. Pirk\u0117jas privalo nedelsdamas ir bet kuriuo atveju ne v\u0117liau kaip per 5\u00a0dienas nuo tos dienos, kai pateik\u0117 Pardav\u0117jui pra\u0161ym\u0105 d\u0117l preki\u0173 pirkimo \u2013 pardavimo sutarties atsisakymo, i\u0161si\u0173sti prekes atgal \u00a0Pardav\u0117jui.<\/p>\r\n\r\n\r\n\r\n<p>Pardav\u0117jas turi teis\u0119 nevykdyti pinig\u0173 gr\u0105\u017einimo proced\u016bros tol, kol negaus gr\u0105\u017einamos prek\u0117s arba \u012frodymo, kad Pirk\u0117jas i\u0161siunt\u0117 gr\u0105\u017einam\u0105 prek\u0119, atsi\u017evelgiant \u012f tai, kas \u012fvyks anks\u010diau. Pirk\u0117jas atsakingas u\u017e preki\u0173 vert\u0117s suma\u017e\u0117jim\u0105 d\u0117l veiksm\u0173, neb\u016btin\u0173 tam, kad b\u016bt\u0173 galima nustatyti, koks prek\u0117s pob\u016bdis, savyb\u0117s ir kaip ji veikia. Prek\u0117s priimamos atgal nene\u0161iotos, nepa\u017eeistos ir su etiket\u0117mis.\u00a0<\/p>\r\n\r\n\r\n\r\n<p>3.2. Preki\u0173 gr\u0105\u017einimo pagal Taisykli\u0173 3.1. punkt\u0105 s\u0105lygos<\/p>\r\n\r\n\r\n\r\n<p>Pirk\u0117jas gali pasinaudoti teise, nurodyta Taisykli\u0173 3.1.punkte,\u00a0tik esant visoms \u0161ioms s\u0105lygoms:<\/p>\r\n\r\n\r\n\r\n<p>\u2013 prek\u0117 nebuvo sugadinta arba i\u0161 esm\u0117s nepasikeit\u0117 jos i\u0161vaizda;<\/p>\r\n\r\n\r\n\r\n<p>\u2013 prek\u0117 nebuvo d\u0117v\u0117ta ir yra i\u0161saugotos jos vartojamosios savyb\u0117s;<\/p>\r\n\r\n\r\n\r\n<p>\u2013 ant prek\u0117s yra visos pirkimo metu ant jos buvusios nepa\u017eeistos ir nenukirptos tiek vidin\u0117s, tiek i\u0161orin\u0117s etiket\u0117s, apsaugin\u0117s pl\u0117vel\u0117s ir kt.\u00a0Jeigu etiket\u0117s nu\u0117mimas buvo b\u016btinas ap\u017ei\u016br\u0117ti prek\u0119, Pardav\u0117jas turi teis\u0119 nepriimti preki\u0173 be etike\u010di\u0173, jei gali \u012frodyti, kad d\u0117l to patiria papildom\u0173 i\u0161laid\u0173 (naujos etiket\u0117s pagaminimo, patvirtinimo i\u0161laidos) arba toki\u0173 etike\u010di\u0173 nu\u0117mimas negali b\u016bti atstatytas, prek\u0117 praranda originalum\u0105.\u00a0<\/p>\r\n\r\n\r\n\r\n<p>3.3. Prek\u0117s dyd\u017eio keitimas<\/p>\r\n\r\n\r\n\r\n<p>Jei Pirk\u0117jo \u012fsigyta prek\u0117 netinkamo dyd\u017eio, Pirk\u0117jas gali gr\u0105\u017einti \u012fsigyt\u0105 prek\u0119 ir u\u017esakyti tinkamo dyd\u017eio prek\u0119 apie tai informuodamas pardav\u0117j\u0105 el. pa\u0161tu\u00a0<a href=\"mailto:info@modneli.com\">info@modneli.com<\/a>\u00a0arba u\u017epildant gr\u0105\u017einimo form\u0105 , i\u0161skyrus teis\u0117s aktuose nurodytas prekes, kuri\u0173 Pirk\u0117jas neturi teis\u0117s keisti (gr\u0105\u017einti).<\/p>\r\n\r\n\r\n\r\n<p>3.4.Teis\u0117 gr\u0105\u017einti nekokybi\u0161k\u0105 prek\u0119<\/p>\r\n\r\n\r\n\r\n<p>\u00b7\u00a0\u00a0\u00a0\u00a0\u00a0\u00a0\u00a0\u00a0 Pirk\u0117jas, \u012fsigij\u0119s nekokybi\u0161k\u0105 prek\u0119, turi teis\u0119 pateikti Pardav\u0117jui pra\u0161ym\u0105. \u00a0Tokiu atveju Pirk\u0117jas privalo susisiekti su Pardav\u0117ju el. pa\u0161to adresu arba telefono numeriu, nurodytais Elektronin\u0117s parduotuv\u0117s skiltyje \u201eSusisiekite su mumis \u201c ir pateikti informacij\u0105 apie savo vard\u0105, pavard\u0119, prek\u0117s gr\u0105\u017einimo prie\u017east\u012f, u\u017esakymo numer\u012f arba s\u0105skaitos, patvirtinan\u010dios apmok\u0117jim\u0105 u\u017e prek\u0119, numer\u012f, kontaktinius duomenis (telefono Nr. arba el. pa\u0161to adres\u0105), banko s\u0105skaitos numer\u012f ir banko, kuriame yra \u0161i s\u0105skaita, pavadinim\u0105, kod\u0105, \u00a0jeigu d\u0117l Pirk\u0117jo nurodyto reikalavimo reikalinga gr\u0105\u017einti Pirk\u0117jo sumok\u0117tus pinigus u\u017e prek\u0119 ar dal\u012f j\u0173 \u012f Pirk\u0117jo s\u0105skait\u0105, ir vien\u0105 i\u0161 \u0161i\u0173 reikalavim\u0173:<\/p>\r\n\r\n\r\n\r\n<p>\u2013\u00a0\u00a0\u00a0\u00a0 pa\u0161alinti daikto tr\u016bkumus (pataisyti daikt\u0105);<\/p>\r\n\r\n\r\n\r\n<p>\u2013\u00a0\u00a0\u00a0\u00a0 pakeisti netinkamos kokyb\u0117s prek\u0119 tinkamos kokyb\u0117s preke;<\/p>\r\n\r\n\r\n\r\n<p>\u2013\u00a0\u00a0\u00a0\u00a0 suma\u017einti prek\u0117s kain\u0105;<\/p>\r\n\r\n\r\n\r\n<p>\u2013\u00a0\u00a0\u00a0\u00a0 sugr\u0105\u017einti sumok\u0117t\u0105 kain\u0105.<\/p>\r\n\r\n\r\n\r\n<p>Prek\u0117 bus laikoma kokybi\u0161ka, jei (i) ji atitinka apra\u0161ym\u0105 ir savybes, nurodytas Elektronin\u0117je parduotuv\u0117je (ii) ji yra tinkama \u012fprastiniam naudojimui kaip ir kitos tai pa\u010diai r\u016b\u0161iai priskiriamos prek\u0117s (iii) prek\u0117s kokyb\u0117 ir savyb\u0117s yra tokios, koki\u0173 galima tik\u0117tis i\u0161 kitos tai pa\u010diai r\u016b\u0161iai priskiriamos prek\u0117s.<\/p>\r\n\r\n\r\n\r\n<p>Elektronin\u0117je parduotuv\u0117je parduodamos prek\u0117s yra rank\u0173 darbo gaminiai, gali b\u016bti pagaminti naudojant nat\u016bralias med\u017eiagas. Kai kurios savyb\u0117s \u2013 ruo\u017eeli\u0173 variacijos, mezginio ar spalvos tekst\u016bra nelaikomi defektais ar tr\u016bkumais. Gaminant prekes atrenkamos tik auk\u0161\u010diausios kokyb\u0117s med\u017eiagos, ta\u010diau nat\u016bralios j\u0173 savyb\u0117s yra nei\u0161vengiamos ir tur\u0117t\u0173 b\u016bti priimamos kaip prek\u0117s individualios i\u0161vaizdos dalis.<\/p>\r\n\r\n\r\n\r\n<p>3.5. Preki\u0173 gra\u017einimo instrukcija<\/p>\r\n\r\n\r\n\r\n<p>3.5.1. U\u017epildykite preki\u0173 gr\u0105\u017einimo form\u0105: \u00a0<a href=\"https:\/\/www.omnivareturns.com\/parduotuves\/?shop_id=29\" target=\"_blank\" rel=\"noreferrer noopener\"><strong>https:\/\/www.omnivareturns.com\/parduotuves\/?shop_id=29<\/strong><\/a><\/p>\r\n\r\n\r\n\r\n<p>3.5.2. Supakuokite gr\u0105\u017einam\u0105 prek\u0119 ir \u012fd\u0117kite \u012f Omniva pa\u0161tomat\u0105.<\/p>\r\n\r\n\r\n\r\n<p>3.5.3.\u00a0Gr\u0105\u017einimo paslaugos\u00a0kaina:<strong>\u00a02 eurai.<\/strong><\/p>\r\n\r\n\r\n\r\n<p>Gr\u0105\u017einamos pakuot\u0117s reikalavimai: ne ma\u017eesn\u0117 nei 2x9x14 cm ir ne didesn\u0117 nei 38x64x39cm. Maksimalus gr\u0105\u017einamos siuntos svoris: 30 kg.<\/p>\r\n\r\n\r\n\r\n<p>3.6. Jei prek\u0117s, pagamintos pagal Pirk\u0117jo individual\u0173 u\u017esakym\u0105 arba akivaizd\u017eiai jam pritaikytos, jos nekei\u010diamos ir negali b\u016bti gr\u0105\u017einamos (Pirk\u0117jui negr\u0105\u017einami u\u017e tokias prekes sumok\u0117ti pinigai).<\/p>\r\n\r\n\r\n\r\n<p><strong>4. U\u017dSAKYMAS<\/strong><\/p>\r\n\r\n\r\n\r\n<p>4.1. Prek\u0117s kaina, nurodyta Elektronin\u0117je parduotuv\u0117je u\u017esakymo pateikimo momentu yra galutin\u0117, ir galioja tiek Pirk\u0117jui, tiek Pardav\u0117jui, i\u0161skyrus akivaizd\u017eius klaidos atvejus. Jeigu Pardav\u0117jas nustatys, kad bet kuri\u0173 Pirk\u0117jo u\u017esakyt\u0173 preki\u0173 kaina yra neteisinga, Pardav\u0117jas kaip \u012fmanoma grei\u010diau apie tai informuos Pirk\u0117j\u0105 ir Pirk\u0117jui bus suteikta galimyb\u0117 patvirtinti u\u017esakym\u0105 su teisinga kaina arba galimyb\u0117 u\u017esakym\u0105 at\u0161aukti. Jei Pardav\u0117jas negal\u0117s susisiekti su Pirk\u0117ju, u\u017esakymas bus laikomas anuliuotu ir visos Pirk\u0117jo sumok\u0117tos sumos bus gr\u0105\u017eintos Pirk\u0117jui. Kainos gali keistis bet kuriuo metu, ta\u010diau i\u0161skyrus auk\u0161\u010diau nurodytas aplinkybes, kainos poky\u010diai netur\u0117s \u012ftakos u\u017esakymams, kuriems Pardav\u0117jas i\u0161siunt\u0117 u\u017esakymo patvirtinim\u0105. Kainos Elektronin\u0117je parduotuv\u0117je nurodytos eurais, \u012f kain\u0105 \u012ftraukiant PVM. Prek\u0117s kaina padid\u0117ja prid\u0117jus Prek\u0117s pristatymo i\u0161laidas, kurios priklauso nuo pasirinkto pristatymo ir mok\u0117jimo b\u016bd\u0173.<\/p>\r\n\r\n\r\n\r\n<p>4.2. U\u017esisakyti ir \u012fsigyti prekes Elektronin\u0117je parduotuv\u0117je Pirk\u0117jas gali vienu i\u0161 \u0161i\u0173 b\u016bd\u0173:<\/p>\r\n\r\n\r\n\r\n<p>\u2013 u\u017esiregistruodamas Elektronin\u0117je parduotuv\u0117je ir sukurdamas Paskyr\u0105, registracijos metu nurodydamas duomenis, kuriuos nurodyti yra privaloma. Prie savo Paskyros Pirk\u0117jas gali prisijungti \u012fved\u0119s registracijos metu nurodyt\u0105 elektroninio pa\u0161to adres\u0105 ir Pirk\u0117jo sugalvot\u0105 slapta\u017eod\u012f;<\/p>\r\n\r\n\r\n\r\n<p>\u2013 neregistruodamas Paskyros Elektronin\u0117je parduotuv\u0117je. Tokiu atveju Pirk\u0117jas privalo nurodyti savo vard\u0105, pavard\u0119, elektroninio pa\u0161to adres\u0105, telefono numer\u012f, informacij\u0105 apie pristatymo adres\u0105.<\/p>\r\n\r\n\r\n\r\n<p>4.3. U\u017esakymo patvirtinimas Pirk\u0117jui bus pateiktas Pirk\u0117jo elektroninio pa\u0161to adresu, nurodytu u\u017esakymo patvirtinimo momentu.\u00a0<\/p>\r\n\r\n\r\n\r\n<p><strong>5. KAINA IR APMOK\u0116JIMAS U\u017d PREKES<\/strong><\/p>\r\n\r\n\r\n\r\n<p>5.1. U\u017e prekes atsiskaitoma mok\u0117jimo\u00a0 elektronine bankininkyste, atliekant tiesiogin\u012f pavedim\u0105.<\/p>\r\n\r\n\r\n\r\n<p>5.2. Pirk\u0117jas \u012fsipareigoja u\u017e prekes atsiskaityti nedelsdamas. Tik Pirk\u0117jui apmok\u0117jus u\u017e u\u017esakym\u0105 bus formuojamas preki\u0173 u\u017esakymas.\u00a0<\/p>\r\n\r\n\r\n\r\n<p>5.3. Gavus Pirk\u0117jo u\u017esakym\u0105, bus atliekamas Pirk\u0117jo kortel\u0117s autorizavimas tam, kad b\u016bt\u0173 \u012fsitikinta, jog mok\u0117jimo kortel\u0117je yra pakankamai l\u0117\u0161\u0173 atlikti mok\u0117jimo operacijai.<\/p>\r\n\r\n\r\n\r\n<p>5.4. Paspausdamas mygtuk\u0105 \u201eMok\u0117ti\u201c u\u017esakymo tvirtinimo metu Pirk\u0117jas patvirtina, kad mok\u0117jimo kortel\u0117 yra jo.<\/p>\r\n\r\n\r\n\r\n<p>5.5. Mok\u0117jimo kortel\u0117s yra patikrinamos ir autorizuojamos mok\u0117jimo kortel\u0119 i\u0161davusio subjekto, ta\u010diau, jei jis neautorizuoja mok\u0117jimo, Pardav\u0117jas n\u0117ra atsakingas u\u017e bet kok\u012f v\u0117lavim\u0105 ar nepavykus\u012f pristatym\u0105.<\/p>\r\n\r\n\r\n\r\n<p>5.6. Pirk\u0117jas sutinka, kad Pardav\u0117jas pateiks s\u0105skait\u0105 elektronine forma.<\/p>\r\n\r\n\r\n\r\n<p><strong>6. PREKI\u0172 PRISTATYMAS IR ATSI\u0116MIMAS<\/strong><\/p>\r\n\r\n\r\n\r\n<p>6.1. Pirk\u0117jas, \u012fsigydamas prekes Elektronin\u0117je parduotuv\u0117je, pasirenka preki\u0173 pristatymo b\u016bd\u0105 ir pateikia tiksl\u0173 preki\u0173 pristatymo adres\u0105.<\/p>\r\n\r\n\r\n\r\n<p>6.2. Pirk\u0117jas \u012fsipareigoja prekes priimti pats. Jeigu jis preki\u0173 pats priimti negali, o prek\u0117s pristatytos nurodytu adresu ir remiantis kitais Pirk\u0117jo pateiktais duomenimis, Pirk\u0117jas neturi teis\u0117s reik\u0161ti Pardav\u0117jui pretenzij\u0173 d\u0117l preki\u0173 pristatymo netinkamam subjektui.<\/p>\r\n\r\n\r\n\r\n<p>6.3. \u0160ioje Elektronin\u0117je parduotuv\u0117je si\u016blomos prek\u0117s gali b\u016bti pristatomos tik Lietuvoje.<\/p>\r\n\r\n\r\n\r\n<p>6.4.\u00a0Pristatymo b\u016bdai ir kaina:<\/p>\r\n\r\n\r\n\r\n<p>Reguliariai u\u017esakymai Lietuvoje pristatomi per 3-10 dien\u0173, Europos s\u0105jungoje per 10-12 dien\u0173, visame pasaulyje per 10-27 dienas.<\/p>\r\n\r\n\r\n\r\n<p>I\u0161imtis: d\u0117l preki\u0173 gaminam\u0173 pagal u\u017esakym\u0105 pristatymo termino informacijos ie\u0161kokite prek\u0117s apra\u0161e.<\/p>\r\n\r\n\r\n\r\n<p><strong>U\u017esakym\u0173\u00a0 pristatymas Lietuvoje kainuoja 3 EUR per Omniva ir LP ekspress pa\u0161tomat\u0105.\u00a0<\/strong><\/p>\r\n\r\n\r\n\r\n\r\n\r\n<p>Kitose \u0161alyse pristatymo ka\u0161tai priklauso nuo siuntinio dyd\u017eio ir \u0161alies. Kilus klausimams d\u0117l pristatymo ra\u0161ykite mums: info@modneli.com<\/p>\r\n\r\n\r\n\r\n<p>Tiksli preki\u0173 pristatymo mokes\u010dio suma Pirk\u0117jui nurodoma Elektronin\u0117je parduotuv\u0117je, prie\u0161 patvirtinant u\u017esakym\u0105. Po u\u017esakymo patvirtinimo preki\u0173 pristatymo mokes\u010dio dydis nebus kei\u010diamas.<\/p>\r\n\r\n\r\n\r\n<p>6.5. Pardav\u0117jas atleid\u017eiamas nuo atsakomyb\u0117s u\u017e preki\u0173 pateikimo termin\u0173 pa\u017eeidim\u0105, jeigu prek\u0117s Pirk\u0117jui n\u0117ra pateikiamos arba pateikiamos ne laiku d\u0117l Pirk\u0117jo kalt\u0117s arba d\u0117l nuo Pirk\u0117jo priklausan\u010di\u0173 aplinkybi\u0173.<\/p>\r\n\r\n\r\n\r\n<p>6.6. Gav\u0119s prekes, Pirk\u0117jas privalo patikrinti siuntos b\u016bkl\u0119 (ar n\u0117ra pa\u017eeista i\u0161orin\u0117 pakuot\u0117) bei pasira\u0161yti siuntos perdavimo ir pri\u0117mimo dokument\u0105. Pirk\u0117jui pasira\u0161ius siuntos perdavimo ir pri\u0117mimo dokument\u0105, laikoma, kad perduota siunta yra tinkamos b\u016bkl\u0117s. Pasteb\u0117j\u0119s, kad pateiktos siuntos pakuot\u0117 pa\u017eeista (suglam\u017eyta, \u0161lapia ar kitaip i\u0161ori\u0161kai pa\u017eeista), Pirk\u0117jas privalo tai pa\u017eym\u0117ti siuntos perdavimo ir pri\u0117mimo dokumente, kai prekes pristato kurjeris \u2013 sura\u0161yti pakuot\u0117s pa\u017eeidim\u0173 akt\u0105, bei apie tai informuoti Pardav\u0117j\u0105. Pirk\u0117jui neatlikus \u0161i\u0173 veiksm\u0173, Pardav\u0117jas atleid\u017eiamas nuo atsakomyb\u0117s d\u0117l preki\u0173 pa\u017eeidim\u0173 bei d\u0117l preki\u0173 komplektacijos neatitikim\u0173, jeigu \u0161iuos neatitikimus galima nustatyti ap\u017ei\u016brint preki\u0173 i\u0161or\u0119. Pirk\u0117jai, siuntas atsi\u0117m\u0119 siunt\u0173 savitarnos terminaluose ir pasteb\u0117j\u0119 neatitikimus, apie tai privalo nedelsiant informuoti Pardav\u0117j\u0105.<\/p>\r\n\r\n\r\n\r\n<p>6.7. Vis\u0173 parduodam\u0173 preki\u0173 ypatyb\u0117s nurodomos Elektronin\u0117je parduotuv\u0117je, prie kiekvienos prek\u0117s esan\u010diame apra\u0161yme. Pardav\u0117jas neatsako u\u017e tai, kad Elektronin\u0117je parduotuv\u0117je esan\u010di\u0173 preki\u0173 spalva, forma ar kitos savyb\u0117s gali neatitikti realaus preki\u0173 dyd\u017eio, formos ir spalvos d\u0117l Pirk\u0117jo naudojamo monitoriaus ypatybi\u0173.<\/p>\r\n\r\n\r\n\r\n<p><strong>7. ASMENS DUOMEN\u0172 TVARKYMAS<\/strong><\/p>\r\n\r\n\r\n\r\n<p>Pirk\u0117jo pateikti asmens duomenys tvarkomi\u00a0Privatumo politikoje\u00a0nurodyta tvarka ir s\u0105lygomis.\u00a0<\/p>\r\n\r\n\r\n\r\n<p><strong>8. BAIGIAMOSIOS NUOSTATOS<\/strong><\/p>\r\n\r\n\r\n\r\n<p>8.1. Pardav\u0117jas pasilieka teis\u0119 bet kuriuo metu pakeisti ir papildyti \u0161ias Taisykles, kitus, su \u0161iomis Taisykl\u0117mis susijusius, dokumentus. Taisykli\u0173 papildymai ar pakeitimai \u012fsigalioja nuo j\u0173 paskelbimo dienos, apie tai paskelbiant Elektronin\u0117je parduotuv\u0117je. Jeigu Pirk\u0117jas nesutinka su nauja Taisykli\u0173 redakcija, daliniais papildymais, pakeitimais, Pirk\u0117jas turi teis\u0119 j\u0173 atsisakyti, su s\u0105lyga, kad Pirk\u0117jas praranda teis\u0119 naudotis Elektronin\u0117s parduotuv\u0117s paslaugomis. Perkant Elektronin\u0117je parduotuv\u0117je, taikomos taisykl\u0117s, galiojan\u010dios u\u017esakymo pateikimo metu.<\/p>\r\n\r\n\r\n\r\n<p>8.2. \u0160alys atleid\u017eiamos nuo \u012fsipareigojim\u0173 pagal \u0161ias Taisykles vykdymo, jei j\u0173 \u012fvykdyti negalima d\u0117l nenumatyt\u0173 ir \u0161ali\u0173 valios nepriklausan\u010di\u0173 aplinkybi\u0173, kurios numatytos Lietuvos Respublikos Vyriausyb\u0117s 1996 m. liepos 15 d. nutarimu Nr. 840 patvirtintose Atleidimo nuo atsakomyb\u0117s esant nenugalimos j\u0117gos (force majeure) aplinkyb\u0117ms taisykl\u0117se ir kituose Lietuvos Respublikos teis\u0117s aktuose.<\/p>\r\n\r\n\r\n\r\n<p>8.3. Visos autorin\u0117s teis\u0117s ir kitos intelektin\u0117s nuosavyb\u0117s teis\u0117s \u012f Elektronin\u0117s parduotuv\u0117s tekstin\u012f ar grafin\u012f turin\u012f priklauso Pardav\u0117jui arba tre\u010diajam turin\u012f teikian\u010diam asmeniui. Draud\u017eiama be ra\u0161ti\u0161ko Pardav\u0117jo sutikimo naudoti ar platinti Elektronin\u0117s parduotuv\u0117s turin\u012f.<\/p>\r\n\r\n\r\n\r\n<p>8.4. Pardav\u0117jas neprisiima jokios rizikos ir yra bes\u0105lygi\u0161kai atleid\u017eiamas nuo atsakomyb\u0117s, jeigu Pirk\u0117jas i\u0161samiai nesusipa\u017eino su \u0161iomis Taisykl\u0117mis, nors jam tokia galimyb\u0117 buvo suteikta.<\/p>\r\n\r\n\r\n\r\n<p>8.5. \u0160i\u0173 Taisykli\u0173 pagrindu kylantiems santykiams taikoma Lietuvos Respublikos teis\u0117. Visi nesutarimai, kil\u0119 d\u0117l \u0161i\u0173 Taisykli\u0173 vykdymo, sprend\u017eiami deryb\u0173 b\u016bdu. Nepavykus susitarti, gin\u010dai sprend\u017eiami Lietuvos Respublikos \u012fstatym\u0173 nustatyta tvarka.<\/p>\r\n\r\n\r\n\r\n<p>8.6. \u0160ia Elektronine parduotuve besinaudojantys asmenys sutinka, kad did\u017eioji dalis bendravimo su Pardav\u0117ju vyks elektroniniu b\u016bdu. Pardav\u0117jas su Pirk\u0117ju susisieks elektroniniu pa\u0161tu arba pateiks informacij\u0105 prane\u0161damas j\u0105 Elektronin\u0117je parduotuv\u0117je. Pirk\u0117jas visus prane\u0161imus ir klausimus siun\u010dia elektroniniu pa\u0161tu arba pateikia susisiekdamas telefono numeriu, nurodytais Elektronin\u0117s parduotuv\u0117s skiltyje \u201eApie mus\u201d.<\/p>","protected":false},"excerpt":{"rendered":"<p>1. S\u0104VOKOS 1.1.\u00a0Pardav\u0117jas\u00a0\u2013Lina Slugina, veikianti pagal individuali\u0105 veikl\u0105 ( nr. 444123). 1.2.\u00a0Elektronin\u0117 parduotuv\u0117\u00a0\u2013 elektronin\u0117 parduotuv\u0117, esanti tinklalapyje adresu\u00a0www.modneli.com 1.3.\u00a0Pirk\u0117jas\u00a0\u2013 asmuo,&hellip;<\/p>","protected":false},"author":3,"featured_media":0,"parent":0,"menu_order":0,"comment_status":"closed","ping_status":"closed","template":"","meta":{"footnotes":""},"class_list":["post-5164","page","type-page","status-publish","hentry"],"_links":{"self":[{"href":"https:\/\/modneli.com\/en\/wp-json\/wp\/v2\/pages\/5164","targetHints":{"allow":["GET"]}}],"collection":[{"href":"https:\/\/modneli.com\/en\/wp-json\/wp\/v2\/pages"}],"about":[{"href":"https:\/\/modneli.com\/en\/wp-json\/wp\/v2\/types\/page"}],"author":[{"embeddable":true,"href":"https:\/\/modneli.com\/en\/wp-json\/wp\/v2\/users\/3"}],"replies":[{"embeddable":true,"href":"https:\/\/modneli.com\/en\/wp-json\/wp\/v2\/comments?post=5164"}],"version-history":[{"count":5,"href":"https:\/\/modneli.com\/en\/wp-json\/wp\/v2\/pages\/5164\/revisions"}],"predecessor-version":[{"id":8146,"href":"https:\/\/modneli.com\/en\/wp-json\/wp\/v2\/pages\/5164\/revisions\/8146"}],"wp:attachment":[{"href":"https:\/\/modneli.com\/en\/wp-json\/wp\/v2\/media?parent=5164"}],"curies":[{"name":"wp","href":"https:\/\/api.w.org\/{rel}","templated":true}]}}