{"id":5163,"date":"2023-06-23T06:38:24","date_gmt":"2023-06-23T06:38:24","guid":{"rendered":"http:\/\/modneli.com.metasolutions.hostingas.lt\/?page_id=5163"},"modified":"2023-07-03T09:45:53","modified_gmt":"2023-07-03T09:45:53","slug":"privatumo-politika-2","status":"publish","type":"page","link":"https:\/\/modneli.com\/en\/privatumo-politika-2\/","title":{"rendered":"Privatumo politika"},"content":{"rendered":"<p>Suprantame asmens duomen\u0173 apsaugos svarb\u0105, tod\u0117l gerbiame ir saugome J\u016bs\u0173 privatum\u0105 ir asmens duomenis. \u0160ioje Privatumo politikoje galite susipa\u017einti su savo teis\u0117mis bei informacija apie J\u016bs\u0173 asmens duomen\u0173 tvarkym\u0105.<\/p>\n\n\n\n<p>Registruodami paskyr\u0105 interneto svetain\u0117je&nbsp;www.modneli.com, J\u016bs suteikiate teis\u0119 savo asmens duomenis tvarkyti Privatumo politikoje numatytomis s\u0105lygomis.<\/p>\n\n\n\n<p><strong>KAS YRA J\u016aS\u0172 ASMENS DUOMEN\u0172 VALDYTOJAS?<\/strong><\/p>\n\n\n\n<p>J\u016bs\u0173 asmens duomen\u0173, tvarkom\u0173 administruojant \u0161i\u0105 elektronin\u0119 svetain\u0119, valdytojas \u2013 Lina Slugina, veikianti pagal individuali\u0105 veikl\u0105 (nr.: 444123 ) Klausimais, susijusiais su J\u016bs\u0173 asmens duomen\u0173 tvarkymu si\u016blome kreiptis el. pa\u0161tu&nbsp;info@modneli.com.<\/p>\n\n\n\n<p><strong>I\u0160 KOKI\u0172 \u0160ALTINI\u0172 RENKAME J\u016aS\u0172 ASMENS DUOMENIS?<\/strong><\/p>\n\n\n\n<p>Visus J\u016bs\u0173 asmens duomenis mes gauname tiesiogiai i\u0161 J\u016bs\u0173. Savo asmens duomenis pateikiate paskyros elektronin\u0117je parduotuv\u0117je registracijos, preki\u0173 u\u017esakymo pateikimo ar u\u017eklaus\u0173, pra\u0161ym\u0173, skund\u0173 pateikimo metu ir kitais b\u016bdais.<\/p>\n\n\n\n<p><strong>KOKIUS J\u016aS\u0172 ASMENS DUOMENIS IR KOKIAIS TIKSLAIS TVARKOME?<\/strong><\/p>\n\n\n\n<p>\u00b7&nbsp;&nbsp;&nbsp;&nbsp;&nbsp;&nbsp;&nbsp;&nbsp;&nbsp;Paskyros registravimas ir administravimas, pirkimo duomen\u0173 tvarkymas administruojant ir vykdant preki\u0173 u\u017esakymus, gr\u0105\u017einant prekes<\/p>\n\n\n\n<p>Teisinis pagrindas:&nbsp;sutikimas, sutarties vykdymas, teis\u0117s akt\u0173 reikalavim\u0173 vykdymas<\/p>\n\n\n\n<p>Asmens duomen\u0173 kategorijos:&nbsp;vardas, pavard\u0117, telefono numeris, elektroninio pa\u0161to adresas, preki\u0173 pristatymo b\u016bdas, preki\u0173 pristatymo adresas, prisijungimo prie paskyros duomenys, veiksmai paskyroje, \u012fskaitant techninius nar\u0161ymo duomenis (IP adresas, prisijungimo bei nar\u0161ymo technin\u0117 informacija), para\u0161as (jei patys priimate prekes), pirkimo bei pristatymo data ir laikas, preki\u0173 pavadinimai, kiekiai, pirkini\u0173 kainos ir suteiktos nuolaidos, mok\u0117jimo u\u017e pirkinius b\u016bdas ir mok\u0117jim\u0173 informacija.<\/p>\n\n\n\n<p>Tais atvejais, kai \u012fsigyjama dovan\u0173 kortel\u0117, taip pat renkame \u0161iuos duomenis: asmens, kuriam skirta dovan\u0173 kortel\u0117, vardas, pavard\u0117, kontaktiniai duomenys, sveikinimas asmeniui, kuriam skirta dovan\u0173 kortel\u0117.<\/p>\n\n\n\n<p>\u00b7&nbsp;&nbsp;&nbsp;&nbsp;&nbsp;&nbsp;&nbsp;&nbsp;&nbsp;U\u017esakym\u0173 pateikimas ir vykdymas neregistruojant paskyros<\/p>\n\n\n\n<p>Teisinis pagrindas: sutarties vykdymas<\/p>\n\n\n\n<p>Asmens duomen\u0173 kategorijos:&nbsp;vardas, pavard\u0117, telefono numeris, elektroninio pa\u0161to adresas, preki\u0173 pristatymo b\u016bdas, preki\u0173 pristatymo adresas, mok\u0117jimo u\u017e pirkinius b\u016bdas ir mok\u0117jim\u0173 informacija.<\/p>\n\n\n\n<p>\u00b7&nbsp;&nbsp;&nbsp;&nbsp;&nbsp;&nbsp;&nbsp;&nbsp;&nbsp;Identifikavimas<\/p>\n\n\n\n<p>Teisinis pagrindas:&nbsp;teis\u0117ti interesai<\/p>\n\n\n\n<p>Asmens duomen\u0173 kategorijos:&nbsp;kliento arba kito prekes atsiiman\u010dio asmens vardas, pavard\u0117, asmens tapatyb\u0117s dokumento numeris, kliento telefono numeris, elektroninio pa\u0161to adresas, pirkimo duomenys<\/p>\n\n\n\n<p>\u00b7&nbsp;&nbsp;&nbsp;&nbsp;&nbsp;&nbsp;&nbsp;&nbsp;&nbsp;Pasi\u016blym\u0173 ir informacijos apie prekes teikimas<\/p>\n\n\n\n<p>Teisinis pagrindas: sutikimas<\/p>\n\n\n\n<p>Asmens duomen\u0173 kategorijos:&nbsp;vardas, pavard\u0117, elektroninio pa\u0161to adresas, telefono numeris, gimimo m\u0117nuo ir diena, u\u017esakomo naujienlai\u0161kio r\u016b\u0161is<\/p>\n\n\n\n<p>\u00b7&nbsp;&nbsp;&nbsp;&nbsp;&nbsp;&nbsp;&nbsp;&nbsp;&nbsp;Pra\u0161ym\u0173, skund\u0173, u\u017eklaus\u0173 ir atsiliepim\u0173 nagrin\u0117jimas<\/p>\n\n\n\n<p>Teisinis pagrindas:&nbsp;teis\u0117s akt\u0173 reikalavim\u0173 vykdymas<\/p>\n\n\n\n<p>Asmens duomen\u0173 kategorijos:&nbsp;vardas, pavard\u0117, telefono numeris, elektroninio pa\u0161to adresas, gyvenamosios vietos adresas, gimimo data, kita pra\u0161ymo, skundo, u\u017eklausos ar atsiliepimo turinyje pateikta informacija: \u012fvykis, d\u0117l kurio kreipiamasi, ir su juo susijusios aplinkyb\u0117s, pridedami dokumentai ir (ar) duomenys.<\/p>\n\n\n\n<p>Kai teikiamas pra\u0161ymas d\u0117l preki\u0173 gr\u0105\u017einimo, pra\u0161oma pateikti informacij\u0105 apie vard\u0105, pavard\u0119, telefono numer\u012f arba elektroninio pa\u0161to adres\u0105, adres\u0105 ir prek\u0117s gr\u0105\u017einimo prie\u017east\u012f.<\/p>\n\n\n\n<p>\u00b7&nbsp;&nbsp;&nbsp;&nbsp;&nbsp;&nbsp;&nbsp;&nbsp;&nbsp;Nar\u0161ymo ir patirties&nbsp; interneto svetain\u0117je pagerinimas, svetain\u0117s naudotoj\u0173 elgesio ir sraut\u0173 interneto svetain\u0117je analiz\u0117<\/p>\n\n\n\n<p>Teisinis pagrindas: sutikimas<\/p>\n\n\n\n<p>Asmens duomen\u0173 kategorijos:&nbsp;taip pat m\u016bs\u0173 svetain\u0117je naudojami slapukai. Informacija apie slapukus pateikiama \u0161ios Privatumo politikos pabaigoje.&nbsp;<\/p>\n\n\n\n<p>\u00b7&nbsp;&nbsp;&nbsp;&nbsp;&nbsp;&nbsp;&nbsp;&nbsp;&nbsp;Statistikos ir rinkos tyrim\u0173 atlikimas<\/p>\n\n\n\n<p>Teisinis pagrindas: teis\u0117tas interesas<\/p>\n\n\n\n<p>Asmens duomen\u0173 kategorijos:&nbsp;gimimo metai, lytis, miestas, informacija apie \u012fsigytas elektronin\u0117je parduotuv\u0117je prekes.<\/p>\n\n\n\n<p><strong>ASMENS DUOMEN\u0172 TVARKYMO IR SAUGOJIMO TERMINAI<\/strong><\/p>\n\n\n\n<p>\u00b7&nbsp;&nbsp;&nbsp;&nbsp;&nbsp;&nbsp;&nbsp;&nbsp;&nbsp;Paskyros registravimas ir administravimas, pirkimo duomen\u0173 tvarkymas administruojant ir vykdant preki\u0173 u\u017esakymus, gr\u0105\u017einant prekes: paskyros registravimui ir administravimui reikalingi asmens duomenys tvarkomi tol, kol naudojamasi paskyra. Apskaitos ir mokes\u010di\u0173 dokumentai teis\u0117s akt\u0173 reikalavim\u0173 vykdymo pagrindu saugomi laikantis teis\u0117s aktuose numatyt\u0173 termin\u0173. Kiti pirkimo duomenys saugomi 5 metus nuo pirkimo operacijos atlikimo dienos.<\/p>\n\n\n\n<p>\u00b7&nbsp;&nbsp;&nbsp;&nbsp;&nbsp;&nbsp;&nbsp;&nbsp;&nbsp;U\u017esakym\u0173 pateikimas ir vykdymas neregistruojant paskyros:&nbsp;apskaitos ir mokes\u010di\u0173 dokumentai teis\u0117s akt\u0173 reikalavim\u0173 vykdymo pagrindu saugomi laikantis teis\u0117s aktuose numatyt\u0173 termin\u0173.<\/p>\n\n\n\n<p>\u00b7&nbsp;&nbsp;&nbsp;&nbsp;&nbsp;&nbsp;&nbsp;&nbsp;&nbsp;Identifikavimas: tol, kol naudojamasi paskyra.<\/p>\n\n\n\n<p>\u00b7&nbsp;&nbsp;&nbsp;&nbsp;&nbsp;&nbsp;&nbsp;&nbsp;&nbsp;Pasi\u016blym\u0173 ir informacijos apie prekes teikimas:&nbsp;5 metai nuo sutikimo gavimo dienos arba iki sutikimo galiojimo dienos.<\/p>\n\n\n\n<p>\u00b7&nbsp;&nbsp;&nbsp;&nbsp;&nbsp;&nbsp;&nbsp;&nbsp;&nbsp;Pra\u0161ym\u0173, skund\u0173, u\u017eklaus\u0173 ir atsiliepim\u0173 nagrin\u0117jimas:&nbsp;12 m\u0117nesi\u0173 nuo pra\u0161ymo, skundo, u\u017eklausos ar atsiliepimo pateikimo dienos arba iki \u012fstatym\u0173 nustatyto ie\u0161kinio senaties termino pabaigos, priklausomai nuo to, kuris terminas ilgesnis.<\/p>\n\n\n\n<p>\u00b7&nbsp;&nbsp;&nbsp;&nbsp;&nbsp;&nbsp;&nbsp;&nbsp;&nbsp;Nar\u0161ymo ir patirties&nbsp; interneto svetain\u0117je pagerinimas, svetain\u0117s naudotoj\u0173 elgesio ir sraut\u0173 interneto svetain\u0117je analiz\u0117:&nbsp;duomen\u0173 tvarkymo terminai pateikiami \u0161ioje nuorodoje: [nuoroda \u012f detal\u0173 slapuk\u0173 apra\u0161ym\u0105].<\/p>\n\n\n\n<p>\u00b7&nbsp;&nbsp;&nbsp;&nbsp;&nbsp;&nbsp;&nbsp;&nbsp;&nbsp;Statistikos ir rinkos tyrim\u0173 atlikimas:&nbsp;5 metai.<strong><\/strong><\/p>\n\n\n\n<p><strong>KOKIEMS TRETIESIEMS ASMENIMS IR KOKIAIS ATVEJAIS PERDUODAME J\u016aS\u0172 ASMENS DUOMENIS?<\/strong><\/p>\n\n\n\n<p>J\u016bs\u0173 asmens duomenis teikiame tretiesiems asmenims, kurie padeda mums vykdyti ir administruoti paslaug\u0173 Jums teikim\u0105:<\/p>\n\n\n\n<p>\u00b7&nbsp;&nbsp;&nbsp;&nbsp;&nbsp;&nbsp;&nbsp;&nbsp;&nbsp;Programin\u0117s \u012frangos prie\u017ei\u016bros, palaikymo paslaugas teikian\u010dioms \u012fmon\u0117ms;<\/p>\n\n\n\n<p>\u00b7&nbsp;&nbsp;&nbsp;&nbsp;&nbsp;&nbsp;&nbsp;&nbsp;&nbsp;\u012emon\u0117ms, teikian\u010dioms pristatymo paslaugas, siekiant pristatyti Jums prekes J\u016bs\u0173 nurodytais adresais;<\/p>\n\n\n\n<p>\u00b7&nbsp;&nbsp;&nbsp;&nbsp;&nbsp;&nbsp;&nbsp;&nbsp;&nbsp;Mok\u0117jimo paslaug\u0173 teik\u0117jams;<\/p>\n\n\n\n<p>\u00b7&nbsp;&nbsp;&nbsp;&nbsp;&nbsp;&nbsp;&nbsp;&nbsp;&nbsp;Rinkodaros ir marketingo paslaugas teikian\u010dioms \u012fmon\u0117ms;<\/p>\n\n\n\n<p>\u00b7&nbsp;&nbsp;&nbsp;&nbsp;&nbsp;&nbsp;&nbsp;&nbsp;&nbsp;Reklamos, \u017einiasklaidos planavimo, vie\u0161\u0173j\u0173 ry\u0161i\u0173 ir rengini\u0173 organizavimo paslaugas teikian\u010dioms \u012fmon\u0117ms;<\/p>\n\n\n\n<p>\u00b7&nbsp;&nbsp;&nbsp;&nbsp;&nbsp;&nbsp;&nbsp;&nbsp;&nbsp;Trump\u0173j\u0173 SMS \u017einu\u010di\u0173 siuntimo paslaugas teikian\u010dioms \u012fmon\u0117ms.<\/p>\n\n\n\n<p>Taip pat J\u016bs\u0173 asmens duomenys gali b\u016bti teikiami:<\/p>\n\n\n\n<p>\u00b7&nbsp;&nbsp;&nbsp;&nbsp;&nbsp;&nbsp;&nbsp;&nbsp;&nbsp;Teis\u0117saugos institucijoms Lietuvos Respublikos teis\u0117s akt\u0173 numatyta tvarka;<\/p>\n\n\n\n<p>\u00b7&nbsp;&nbsp;&nbsp;&nbsp;&nbsp;&nbsp;&nbsp;&nbsp;&nbsp;Valstybin\u0117ms institucijoms ir teismams, kai toki\u0105 pareig\u0105 numato taikytini teis\u0117s aktai.<\/p>\n\n\n\n<p><strong>KAS YRA SLAPUKAI IR KAM JIE NAUDOJAMI?<\/strong><\/p>\n\n\n\n<p>Slapukai&nbsp;\u2013 tai ma\u017ei tekstini\u0173 duomen\u0173 failai, kurie automati\u0161kai sukuriami Jums nar\u0161ant m\u016bs\u0173 svetain\u0117je ir yra saugomi J\u016bs\u0173 naudojamame \u012frenginyje (kompiuteryje ar mobiliajame telefone). Slapuke pateikiama anonimin\u0117 informacija ir jis siun\u010diamas i\u0161 per\u017ei\u016brimos svetain\u0117s serverio \u012f j\u016bs\u0173 kompiuter\u012f arba mobil\u0173j\u012f telefon\u0105. Slapukai gali b\u016bti seanso arba nuolatiniai. Seanso slapukai egzistuoja nuo to momento, kai atveriate savo nar\u0161ykl\u0119, iki tol, kol v\u0117l j\u0105 u\u017everiate. Kai u\u017eversite nar\u0161ykl\u0119, \u0161ie slapukai bus automati\u0161kai i\u0161trinti. Nuolatini\u0173 slapuk\u0173 galiojimo laikas nustatytas i\u0161 anksto, jie lieka J\u016bs\u0173 nar\u0161ykl\u0117je, kol baigiasi j\u0173 galiojimas arba juos pa\u0161alinate.<\/p>\n\n\n\n<p>Pagal paskirt\u012f slapukai gali b\u016bti skirstomi \u012f b\u016btinuosius, funkcinius, statistikos, rinkodaros ir kitus. M\u016bs\u0173 tinklalapyje gali b\u016bti \u012fra\u0161omi b\u016btinieji, funkciniai, statistikos ir rinkodaros slapukai. Slapukai \u012fra\u0161omi tik, jeigu J\u016bs pagrindiniame svetain\u0117s puslapyje esan\u010diame prane\u0161ime patvirtinate savo sutikim\u0105, i\u0161skyrus tuos slapukus, kuriems sutikimas n\u0117ra b\u016btinas (b\u016btinieji ir funkciniai, tre\u010di\u0173j\u0173 \u0161ali\u0173 turinio bendrinimo slapukai, skirti prisijungusiems socialiniuose tinkluose). Daugiau informacijos apie konkre\u010dias slapuk\u0173 r\u016b\u0161is rasite&nbsp;\u010dia.<\/p>\n\n\n\n<p>Slapukus naudojame siekdami pagerinti nar\u0161ymo interneto svetain\u0117je patirt\u012f, analizuoti svetain\u0117s naudotoj\u0173 elges\u012f ir srautus interneto svetain\u0117je. Kad gal\u0117tume tobulinti svetain\u0119, turime \u017einoti, kuri informacija labiausiai domina m\u016bs\u0173 svetain\u0117s lankytojus, i\u0161 kuri\u0173 \u0161ali\u0173 ir miest\u0173 m\u016bs\u0173 svetain\u0117 lankoma, kiek da\u017enai lankytojai sugr\u012f\u017eta, koki\u0105 nar\u0161ykl\u0119 naudoja, kokiuose \u012frenginiuose svetain\u0117 skaitoma ir pan. \u0160i\u0105 informacij\u0105 renkame naudodami Google Analytics \u012frankius, kurie leid\u017eia fiksuoti ir analizuoti statistinius svetain\u0117s naudojimo duomenis. Pla\u010diau apie Google Analytics ir informacij\u0105, kuri\u0105 \u0161ie \u012frankiai leid\u017eia rinkti, galite su\u017einoti \u010dia:<\/p>\n\n\n\n<p><a href=\"https:\/\/support.google.com\/analytics\/answer\/6004245?hl=lt\">https:\/\/support.google.com\/analytics\/answer\/6004245?hl=lt<\/a>&nbsp;.<\/p>\n\n\n\n<p>Jeigu pageidaujate, kad Google Analytics \u012frankiai nefiksuot\u0173 informacijos apie j\u016bs\u0173 nar\u0161ym\u0105 internete, galite panaudoti \u201eGoogle Analytics\u201c atsisakymo nar\u0161ykl\u0117s papildin\u012f.<\/p>\n\n\n\n<p>Jei pageidaujate, galite pakeisti savo nar\u0161ykl\u0117s nustatymus taip, kad Jus informuot\u0173 apie slapuko \u012fjungim\u0105 ar atnaujinim\u0105 bei kad gal\u0117tum\u0117te pasirinkti leid\u017eiamus ar draud\u017eiamus slapukus, juos blokuoti. Nor\u0117dami daugiau su\u017einoti apie slapukus, pavyzd\u017eiui, kaip juos valdyti ar i\u0161trinti, galite apsilankyti&nbsp;<a href=\"http:\/\/www.allaboutcookies.org\/\">www.allaboutcookies.org<\/a>.<\/p>\n\n\n\n<p>Tre\u010di\u0173j\u0173 \u0161ali\u0173 slapukai&nbsp;(pvz., Google Analytics) yra nustatyti duomen\u0173 valdytoj\u0173, kurie n\u0117ra svetain\u0117s, kurioje lankosi svetain\u0117s naudotojas, operatoriai ir naudojami duomen\u0173 analiz\u0117s tikslais. M\u016bs\u0173 svetain\u0117 taip pat nustato slapukus, priklausan\u010dius tre\u010diosioms \u0161alims, kurie buvo \u012fdiegti su J\u016bs\u0173 i\u0161ankstiniu sutikimu. \u0160ios tre\u010diosios \u0161alys gali tur\u0117ti prieig\u0105 prie informacijos, surinktos per j\u0173 naudojamus slapukus. Daugiau informacijos apie \u0161iuos slapukus ir tre\u010di\u0105sias \u0161alis, kurios gali prieiti prie surinktos informacijos, galite rasti \u0161i\u0173 tre\u010di\u0173j\u0173 \u0161ali\u0173 slapuk\u0173 privatumo politikose.<\/p>\n\n\n\n<p><strong>KOKIOS YRA DUOMEN\u0172 SUBJEKT\u0172 TEIS\u0116S IR KAIP GALITE JAS \u012eGYVENDINTI?<\/strong><\/p>\n\n\n\n<p>J\u016bs turite teis\u0119 susipa\u017einti su savo asmens duomenimis ir kaip jie yra tvarkomi, reikalauti i\u0161taisyti, papildyti ar sunaikinti pateiktus asmens duomenis, taip pat sustabdyti j\u0173 tvarkymo veiksmus (at\u0161aukti savo sutikim\u0105). Taip pat turite teis\u0119 reikalauti, kad asmens duomen\u0173 valdytojas apribot\u0173 asmens duomen\u0173 tvarkym\u0105, teis\u0119 \u012f duomen\u0173 perk\u0117lim\u0105, pateikti skund\u0105 Valstybinei duomen\u0173 apsaugos inspekcijai (kontaktiniai duomenys pateikti interneto svetain\u0117je&nbsp;<a href=\"https:\/\/www.ada.lt\/\">www.ada.lt<\/a>) ir nesutikti su pateikt\u0173 asmens duomen\u0173 tvarkymu.&nbsp;<\/p>\n\n\n\n<p><strong>PRIVATUMO POLITIKOS PAKEITIMAI IR GALIOJIMAS<\/strong><\/p>\n\n\n\n<p>Pasiliekame teis\u0119 keisti Privatumo politik\u0105. Prane\u0161imas apie jos pakeitimus arba papildymus bus skelbiamas&nbsp; svetain\u0117je&nbsp;www.modneli.com<\/p>","protected":false},"excerpt":{"rendered":"<p>Suprantame asmens duomen\u0173 apsaugos svarb\u0105, tod\u0117l gerbiame ir saugome J\u016bs\u0173 privatum\u0105 ir asmens duomenis. \u0160ioje Privatumo politikoje galite susipa\u017einti su&hellip;<\/p>","protected":false},"author":3,"featured_media":0,"parent":0,"menu_order":0,"comment_status":"closed","ping_status":"closed","template":"","meta":{"footnotes":""},"class_list":["post-5163","page","type-page","status-publish","hentry"],"_links":{"self":[{"href":"https:\/\/modneli.com\/en\/wp-json\/wp\/v2\/pages\/5163","targetHints":{"allow":["GET"]}}],"collection":[{"href":"https:\/\/modneli.com\/en\/wp-json\/wp\/v2\/pages"}],"about":[{"href":"https:\/\/modneli.com\/en\/wp-json\/wp\/v2\/types\/page"}],"author":[{"embeddable":true,"href":"https:\/\/modneli.com\/en\/wp-json\/wp\/v2\/users\/3"}],"replies":[{"embeddable":true,"href":"https:\/\/modneli.com\/en\/wp-json\/wp\/v2\/comments?post=5163"}],"version-history":[{"count":3,"href":"https:\/\/modneli.com\/en\/wp-json\/wp\/v2\/pages\/5163\/revisions"}],"predecessor-version":[{"id":5346,"href":"https:\/\/modneli.com\/en\/wp-json\/wp\/v2\/pages\/5163\/revisions\/5346"}],"wp:attachment":[{"href":"https:\/\/modneli.com\/en\/wp-json\/wp\/v2\/media?parent=5163"}],"curies":[{"name":"wp","href":"https:\/\/api.w.org\/{rel}","templated":true}]}}