{"id":5162,"date":"2023-06-23T06:38:24","date_gmt":"2023-06-23T06:38:24","guid":{"rendered":"http:\/\/modneli.com.metasolutions.hostingas.lt\/?page_id=5162"},"modified":"2025-02-17T12:45:26","modified_gmt":"2025-02-17T12:45:26","slug":"pristatymo-terminai","status":"publish","type":"page","link":"https:\/\/modneli.com\/en\/pristatymo-terminai\/","title":{"rendered":"Pristatymo s\u0105lygos ir terminai"},"content":{"rendered":"<p>&nbsp;<\/p>\r\n\r\n\r\n\r\n<p><strong>Pristatymo terminai<\/strong><\/p>\r\n<p>Reguliariai u\u017esakymai Lietuvoje pristatomi per 3-10 dien\u0173 (siuntai v\u0117luojant prane\u0161ame pirk\u0117jui, d\u0117l tikslesnio pristatymo laiko susisiekite su mumis info@modneli.com arba soc. tinkl\u0173 pagalba) , Europos s\u0105jungoje per 10-20 dien\u0173, visame pasaulyje per 10-27 dienas.<\/p>\r\n\r\n\r\n\r\n<p>I\u0161imtis: d\u0117l preki\u0173 gaminam\u0173 pagal u\u017esakym\u0105 pristatymo termino informacijos ie\u0161kokite prek\u0117s apra\u0161e.<\/p>\r\n\r\n\r\n\r\n<p><strong>Pristatymo kainos<\/strong><\/p>\r\n\r\n\r\n\r\n<p>U\u017esakym\u0173\u00a0 pristatymas Lietuvoje kainuoja 3 EUR per Omniva arba LPexpress pa\u0161tomat\u0105.<\/p>\r\n\r\n\r\n\r\n\r\n\r\n<p>Kitose \u0161alyse pristatymo ka\u0161tai priklauso nuo siuntinio dyd\u017eio ir \u0161alies. D\u0117l pristatymo \u012f kitas \u0161alis\u00a0 ra\u0161ykite mums: info@modneli.com arba facebook, instagram soc. tinkluose.\u00a0<\/p>\r\n\r\n\r\n\r\n<p>&nbsp;<\/p>","protected":false},"excerpt":{"rendered":"<p>&nbsp; Pristatymo terminai Reguliariai u\u017esakymai Lietuvoje pristatomi per 3-10 dien\u0173 (siuntai v\u0117luojant prane\u0161ame pirk\u0117jui, d\u0117l tikslesnio pristatymo laiko susisiekite su&hellip;<\/p>","protected":false},"author":3,"featured_media":0,"parent":0,"menu_order":0,"comment_status":"closed","ping_status":"closed","template":"","meta":{"footnotes":""},"class_list":["post-5162","page","type-page","status-publish","hentry"],"_links":{"self":[{"href":"https:\/\/modneli.com\/en\/wp-json\/wp\/v2\/pages\/5162","targetHints":{"allow":["GET"]}}],"collection":[{"href":"https:\/\/modneli.com\/en\/wp-json\/wp\/v2\/pages"}],"about":[{"href":"https:\/\/modneli.com\/en\/wp-json\/wp\/v2\/types\/page"}],"author":[{"embeddable":true,"href":"https:\/\/modneli.com\/en\/wp-json\/wp\/v2\/users\/3"}],"replies":[{"embeddable":true,"href":"https:\/\/modneli.com\/en\/wp-json\/wp\/v2\/comments?post=5162"}],"version-history":[{"count":6,"href":"https:\/\/modneli.com\/en\/wp-json\/wp\/v2\/pages\/5162\/revisions"}],"predecessor-version":[{"id":8144,"href":"https:\/\/modneli.com\/en\/wp-json\/wp\/v2\/pages\/5162\/revisions\/8144"}],"wp:attachment":[{"href":"https:\/\/modneli.com\/en\/wp-json\/wp\/v2\/media?parent=5162"}],"curies":[{"name":"wp","href":"https:\/\/api.w.org\/{rel}","templated":true}]}}