{"id":5159,"date":"2023-06-23T06:38:24","date_gmt":"2023-06-23T06:38:24","guid":{"rendered":"http:\/\/modneli.com.metasolutions.hostingas.lt\/?page_id=5159"},"modified":"2025-02-17T13:02:44","modified_gmt":"2025-02-17T13:02:44","slug":"grazinimo-salygos-ir-terminai","status":"publish","type":"page","link":"https:\/\/modneli.com\/en\/grazinimo-salygos-ir-terminai\/","title":{"rendered":"Gr\u0105\u017einimo s\u0105lygos ir terminai"},"content":{"rendered":"<p>Gr\u0105\u017einti arba pakeisti prek\u0119 galite ne v\u0117liau kaip per 14 dien\u0173. Jei nuo J\u016bs\u0173 pirkimo pra\u0117jo daugiau nei 14 dien\u0173, deja negalime jums gr\u0105\u017einti pinig\u0173 ar pakeisti preki\u0173. SVARBU! Apatinis trikota\u017eas negr\u0105\u017einamas ir nekei\u010diamas. Atkreiptinas d\u0117mesys, kad pagal LR \u201cDaikt\u0173 gr\u0105\u017einimo ir keitimo taisykles\u201c ( Nr. 34-1637, Valstyb\u0117s \u017einios, 2012-03-22) negr\u0105\u017einamomis (nekei\u010diamomis) prek\u0117mis laikomos tokios \u012fsigytos prek\u0117s kaip: apatiniai drabu\u017eiai, tokie kaip apatin\u0117s palaidin\u0117s, palaidin\u0117s su ka\u0161myru, p\u0117dkeln\u0117s, kojin\u0117s, puskojin\u0117s, naktiniai mar\u0161kiniai, pi\u017eamos, liemen\u0117l\u0117s, korsetai, tampr\u0117s\u00a0 ir kiti pana\u0161\u016bs dirbiniai, kosmetikos ir parfumerijos prek\u0117s.<\/p>\n<p>&nbsp;<\/p>\n<p>D\u0117mesio: Prek\u0117s gr\u0105\u017einimo i\u0161laidas dengia pirk\u0117jas. Pirk\u0117jui gr\u0105\u017einama tik u\u017e prek\u0119 sumok\u0117ta suma. Siuntimo i\u0161laidos pirk\u0117jui n\u0117ra gr\u0105\u017einamos.<\/p>\n<p>D\u0117mesio: Sumok\u0117ti pinigai gr\u0105\u017einami tokiu pa\u010diu\u00a0 mok\u0117jimo b\u016bdu, kok\u012f Pirk\u0117jas naudojo atlikdamas pradin\u0119 mok\u0117jimo operacij\u0105, gr\u0105\u017einant l\u0117\u0161as \u012f Pirk\u0117jo s\u0105skait\u0105, i\u0161 kurios buvo apmok\u0117ta u\u017e prekes.<\/p>\n<p>D\u0117mesio: Prekes \u012fsigytas El.parduotuv\u0117je galima gr\u0105\u017einti tik per Omniva pa\u0161tomat\u0105.. Prekes \u012fsigytas Studijoje galima gr\u0105\u017einti prista\u010dius jas \u012f studij\u0105 (susiderinus pristatymo laik\u0105 i\u0161 anksto) arba per Omniva pa\u0161tomat\u0105.<\/p>\n<p><strong>Preki\u0173 gra\u017einimo instrukcija:<\/strong><\/p>\n<p>&nbsp;<\/p>\n<ol>\n<li>U\u017epildykite preki\u0173 gr\u0105\u017einimo form\u0105:<strong> <a href=\"https:\/\/grazinimai.omniva.lt\/parduotuves\/modneli-com\">https:\/\/grazinimai.omniva.lt\/parduotuves\/modneli-com<\/a><\/strong><\/li>\n<\/ol>\n<p>&nbsp;<\/p>\n<ol start=\"2\">\n<li>Supakuokite gr\u0105\u017einam\u0105 prek\u0119 ir \u012fd\u0117kite \u012f \u201eOmniva\u201c pa\u0161tomat\u0105.<\/li>\n<\/ol>\n<p>&nbsp;<\/p>\n<ol start=\"3\">\n<li>Gr\u0105\u017einimo paslaugos kaina: <strong>2 eurai.<\/strong><\/li>\n<\/ol>\n<p>&nbsp;<\/p>\n<p>Gr\u0105\u017einamos pakuot\u0117s reikalavimai: ne ma\u017eesn\u0117 nei 2x9x14 cm ir ne didesn\u0117 nei 38x64x39cm. Maksimalus gr\u0105\u017einamos siuntos svoris: 30 kg.<\/p>\n<p>&nbsp;<\/p>\n<p>Pinigai negr\u0105\u017einami jeigu galima manyti, kad prek\u0117 buvo naudota arba jeigu buvo atlikti individual\u016bs pakeitimai, pvz: gaminio trumpinimas, ilginimas, rankovi\u0173 koregavimas ar kiti individual\u016bs pakeitimai.<\/p>\n<p>Jeigu pardav\u0117jas neturi pakeitimui tinkamos prek\u0117s, tai pirk\u0117jas turi teis\u0119 per nurodyt\u0105 termin\u0105 gr\u0105\u017einti prek\u0119 pardav\u0117jui ir atgauti u\u017e j\u0105 sumok\u0117tus pinigus, arba j\u0105 pakeisti kita preke atitinkan\u010di\u0105 pirmosios pirkimo sum\u0105.<\/p>\n<p>Gr\u0105\u017einamos\/ kei\u010diamos prek\u0117s turi b\u016bti nesuteptos (l\u016bp\u0173 da\u017eais, makia\u017eu ar kt.), nei\u0161kv\u0117pintos, ned\u0117v\u0117tos ar kitaip mechani\u0161kai nesugadintos. Tvarkingai supakuotos.<\/p>\n<p>Prek\u0117 turi b\u016bti nepraradusi prekin\u0117s i\u0161vaizdos (nenuimtos etiket\u0117s, nesuglam\u017eyta ir kt.). Jei prek\u0117 tur\u0117jo savo individual\u0173 \u012fpakavim\u0105 \u00a0\u012fpakavimas privalo b\u016bti nepa\u017eeistas, nesupl\u0117\u0161ytas ir nesulamdytas. Tokios prek\u0117s privalo b\u016bti gr\u0105\u017einamos su savo originaliu \u012fpakavimu. Jeigu prek\u0117 yra keli\u0173 dali\u0173 (pvz. kostiumas 3-j\u0173 dali\u0173: mar\u0161kiniai, keln\u0117s ir \u0161ortai ar kt.) ir\/arba turi papildom\u0173 dali\u0173 (pvz. dir\u017e\u0105, sag\u0119 ar kt.) turi b\u016bti gr\u0105\u017einamos visos dalys. Jeigu prek\u0117s dalys yra gr\u0105\u017eintos ne visos, Pardav\u0117jas pasilieka teis\u0119 negr\u0105\u017einti Pirk\u0117jui pinig\u0173 jeigu nebus gr\u0105\u017eintos visos prek\u0117s dalys iki 14 dien\u0173 gr\u0105\u017einimo termino pabaigos Pardav\u0117jas turi teis\u0119 nepriimti Pirk\u0117jo gr\u0105\u017einam\u0173 preki\u0173, jei Pirk\u0117jas nesilaiko nurodyt\u0173 taisykli\u0173 punktuose nustatytos preki\u0173 gr\u0105\u017einimo tvarkos.<\/p>\n<p>Gr\u0105\u017einus prek\u0119 pardav\u0117jas \u012fsipareigoja pirk\u0117jui gr\u0105\u017einti u\u017e prek\u0119 sumok\u0117t\u0105 pinig\u0173 sum\u0105 per 14 dien\u0173 nuo prek\u0117s gr\u0105\u017einimo laiko t.y. nuo tada kai prek\u0119 pasiekia gra\u017einimui nurodyt\u0105 pa\u0161tomat\u0105 (da\u017eniausiai tai yra Viada Saltoni\u0161ki\u0173 g. 12, Vilnius Omniva pa\u0161tomatas, bet ne b\u016btinai tik jis). 14 dien\u0173 terminas skai\u010diuojamas nuo tada kai prek\u0117 fizi\u0161kai yra pristatyt\u0105 \u012f pa\u0161tomat\u0105, o ne nuo tada kai pirk\u0117jas u\u017epild\u0117 gr\u0105\u017einimo form\u0105.<\/p>\n<p>Klientui per siunt\u0173 tarnybos nustatyt\u0105 laik\u0105 neatsi\u0117mus pristatyto u\u017esakymo i\u0161 pa\u0161tomato siunta yra gr\u0105\u017einama pardav\u0117jui \u2013 Modneli.com<\/p>\n<p>Klientui\u00a0 neatsi\u0117mus pristatyto u\u017esakymo i\u0161 pa\u0161tomato, Modneli.com pasilieka teis\u0119 i\u0161skai\u010diuoti i\u0161 klientui<\/p>\n<p>gr\u0105\u017einamos u\u017esakymo sumos visas u\u017esakymo pristatymo klientui ir gr\u0105\u017einimo Modneli.com i\u0161laidas, t.y.: pristatymo \u012f pa\u0161tomat\u0105 atveju, laiku neatsiimto u\u017esakymo gr\u0105\u017einimo pardav\u0117jui ka\u0161tai prilyginami pristatymo \u012f pa\u0161tomat\u0105 ka\u0161tams.<\/p>","protected":false},"excerpt":{"rendered":"<p>Gr\u0105\u017einti arba pakeisti prek\u0119 galite ne v\u0117liau kaip per 14 dien\u0173. Jei nuo J\u016bs\u0173 pirkimo pra\u0117jo daugiau nei 14 dien\u0173,&hellip;<\/p>","protected":false},"author":3,"featured_media":0,"parent":0,"menu_order":0,"comment_status":"closed","ping_status":"closed","template":"","meta":{"footnotes":""},"class_list":["post-5159","page","type-page","status-publish","hentry"],"_links":{"self":[{"href":"https:\/\/modneli.com\/en\/wp-json\/wp\/v2\/pages\/5159","targetHints":{"allow":["GET"]}}],"collection":[{"href":"https:\/\/modneli.com\/en\/wp-json\/wp\/v2\/pages"}],"about":[{"href":"https:\/\/modneli.com\/en\/wp-json\/wp\/v2\/types\/page"}],"author":[{"embeddable":true,"href":"https:\/\/modneli.com\/en\/wp-json\/wp\/v2\/users\/3"}],"replies":[{"embeddable":true,"href":"https:\/\/modneli.com\/en\/wp-json\/wp\/v2\/comments?post=5159"}],"version-history":[{"count":9,"href":"https:\/\/modneli.com\/en\/wp-json\/wp\/v2\/pages\/5159\/revisions"}],"predecessor-version":[{"id":8149,"href":"https:\/\/modneli.com\/en\/wp-json\/wp\/v2\/pages\/5159\/revisions\/8149"}],"wp:attachment":[{"href":"https:\/\/modneli.com\/en\/wp-json\/wp\/v2\/media?parent=5159"}],"curies":[{"name":"wp","href":"https:\/\/api.w.org\/{rel}","templated":true}]}}