{"id":5158,"date":"2023-06-23T06:38:23","date_gmt":"2023-06-23T06:38:23","guid":{"rendered":"http:\/\/modneli.com.metasolutions.hostingas.lt\/?page_id=5158"},"modified":"2023-07-24T11:02:18","modified_gmt":"2023-07-24T11:02:18","slug":"apie-mus","status":"publish","type":"page","link":"https:\/\/modneli.com\/en\/apie-mus\/","title":{"rendered":"Apie mus"},"content":{"rendered":"<p>Apie \u201eModneli\u201c.<\/p>\n\n\n\n<p>Modneli rasite visk\u0105!&nbsp;Ry\u0161kiausi ir madingiausi r\u016bbai, baziniai drabu\u017eiai kiekvienai dienai, avalyn\u0117 ir aksesuarai, taip pat m\u016bs\u0173 k\u016brybos prekinio \u017eenklo Modneli \u201egro\u017eiai\u201c!<\/p>\n\n\n\n<p>Bendradarbiaujame su dizaineriais visame pasaulyje.&nbsp;Kasdien atrenkame tik geriausias ir kokybi\u0161kiausias prekes, taip pat kuriame Jums.<\/p>\n\n\n\n<p>Moteri\u0161ki drabu\u017eiai parduotuv\u0117s Modneli padeda jaustis patogiai ir pasitik\u0117ti savimi bet kokiame renginyje ar kasdieniame gyvenime.<\/p>\n\n\n\n<p>Platus preki\u0173 \u017eenkl\u0173 asortimentas, \u012fskaitant m\u016bs\u0173 prek\u0117s \u017eenkl\u0105 Modneli, leis pasijausti tuo, kuo norite b\u016bti!<\/p>\n\n\n\n<p>Stengiam\u0117s, kad apsipirkti su Modneli b\u016bt\u0173 kuo patogiau, tod\u0117l turime&nbsp; pristatym\u0105 ir i\u0161ankstin\u012f r\u016bb\u0173 u\u017esakym\u0105, dydis netiko &#8211; yra keitimas ir gr\u0105\u017einimas.<\/p>\n\n\n\n<p>Modneli &#8211; &nbsp;visada &nbsp;kokybi\u0161ki daiktai, madingi r\u016bbai ir tai, kas i\u0161lieka madinga ilgai.<\/p>\n\n\n\n<p><\/p>\n\n\n\n<p>Su meile,<\/p>\n\n\n\n<p>Modneli komanda.<\/p>\n\n\n\n<p><\/p>\n\n\n\n<p><\/p>\n\n\n\n<p>M\u016bs\u0173 kontaktai:<\/p>\n\n\n\n<p>Email.: info@modneli.com<\/p>\n\n\n\n<p>Tel.nr. : +370&nbsp;687 22999<\/p>\n\n\n\n<p><\/p>\n\n\n\n<p>Veikla vykdoma pagal indivualios veiklos vykdymo pa\u017eym\u0105 nr.:&nbsp;444123<\/p>","protected":false},"excerpt":{"rendered":"<p>Apie \u201eModneli\u201c. Modneli rasite visk\u0105!&nbsp;Ry\u0161kiausi ir madingiausi r\u016bbai, baziniai drabu\u017eiai kiekvienai dienai, avalyn\u0117 ir aksesuarai, taip pat m\u016bs\u0173 k\u016brybos prekinio&hellip;<\/p>","protected":false},"author":3,"featured_media":0,"parent":0,"menu_order":0,"comment_status":"closed","ping_status":"closed","template":"","meta":{"footnotes":""},"class_list":["post-5158","page","type-page","status-publish","hentry"],"_links":{"self":[{"href":"https:\/\/modneli.com\/en\/wp-json\/wp\/v2\/pages\/5158","targetHints":{"allow":["GET"]}}],"collection":[{"href":"https:\/\/modneli.com\/en\/wp-json\/wp\/v2\/pages"}],"about":[{"href":"https:\/\/modneli.com\/en\/wp-json\/wp\/v2\/types\/page"}],"author":[{"embeddable":true,"href":"https:\/\/modneli.com\/en\/wp-json\/wp\/v2\/users\/3"}],"replies":[{"embeddable":true,"href":"https:\/\/modneli.com\/en\/wp-json\/wp\/v2\/comments?post=5158"}],"version-history":[{"count":3,"href":"https:\/\/modneli.com\/en\/wp-json\/wp\/v2\/pages\/5158\/revisions"}],"predecessor-version":[{"id":5644,"href":"https:\/\/modneli.com\/en\/wp-json\/wp\/v2\/pages\/5158\/revisions\/5644"}],"wp:attachment":[{"href":"https:\/\/modneli.com\/en\/wp-json\/wp\/v2\/media?parent=5158"}],"curies":[{"name":"wp","href":"https:\/\/api.w.org\/{rel}","templated":true}]}}