{"id":505,"date":"2018-07-23T11:45:24","date_gmt":"2018-07-23T11:45:24","guid":{"rendered":"https:\/\/veera.la-studioweb.com\/?page_id=505"},"modified":"2023-05-27T10:13:19","modified_gmt":"2023-05-27T10:13:19","slug":"contact-us","status":"publish","type":"page","link":"https:\/\/modneli.com\/en\/contact-us\/","title":{"rendered":"Kontaktai"},"content":{"rendered":"<section class=\"wpb-content-wrapper\"><div class=\"vc_row wpb_row vc_row-fluid la_fp_slide la_fp_child_section\"><div class=\"wpb_column vc_column_container vc_col-sm-12\"><div class=\"vc_column-inner\"><div class=\"wpb_wrapper\"><div id=\"la_divider69f383a39c379\" class=\"js-el la-divider la-unit-responsive\" data-la_component=\"UnitResponsive\"  data-el_target='#la_divider69f383a39c379'  data-el_media_sizes='{&quot;padding-top&quot;:&quot;lg:70px;&quot;}' ><\/div>\n<\/div><\/div><\/div><\/div><div class=\"vc_row wpb_row vc_row-fluid la_fp_slide la_fp_child_section\"><div class=\"wpb_column vc_column_container vc_col-sm-7\"><div class=\"vc_column-inner\"><div class=\"wpb_wrapper\"><div id=\"la_heading_69f383a39c830\" class=\"la-headings text-left\"><h2 class=\"js-el heading-tag la-unit-responsive font-weight-600\" style=\"\" >U\u017eklausos forma<\/h2><\/div>\n<div id=\"la_divider69f383a39c864\" class=\"js-el la-divider la-unit-responsive\" data-la_component=\"UnitResponsive\"  data-el_target='#la_divider69f383a39c864'  data-el_media_sizes='{&quot;padding-top&quot;:&quot;lg:30px;&quot;}' ><\/div>\n\n<div class=\"wpcf7 no-js\" id=\"wpcf7-f5-o1\" lang=\"en-US\" dir=\"ltr\">\n<div class=\"screen-reader-response\"><p role=\"status\" aria-live=\"polite\" aria-atomic=\"true\"><\/p> <ul><\/ul><\/div>\n<form action=\"\/en\/wp-json\/wp\/v2\/pages\/505#wpcf7-f5-o1\" method=\"post\" class=\"wpcf7-form init\" aria-label=\"Contact form\" novalidate=\"novalidate\" data-status=\"init\" data-trp-original-action=\"\/en\/wp-json\/wp\/v2\/pages\/505#wpcf7-f5-o1\">\n<div style=\"display: none;\">\n<input type=\"hidden\" name=\"_wpcf7\" value=\"5\" \/>\n<input type=\"hidden\" name=\"_wpcf7_version\" value=\"5.7.6\" \/>\n<input type=\"hidden\" name=\"_wpcf7_locale\" value=\"en_US\" \/>\n<input type=\"hidden\" name=\"_wpcf7_unit_tag\" value=\"wpcf7-f5-o1\" \/>\n<input type=\"hidden\" name=\"_wpcf7_container_post\" value=\"0\" \/>\n<input type=\"hidden\" name=\"_wpcf7_posted_data_hash\" value=\"\" \/>\n<\/div>\n<div class=\"cf7-style-default\">\n\t<div class=\"row\">\n\t\t<div class=\"col-xs-12\">\n\t\t\t<p><span class=\"wpcf7-form-control-wrap\" data-name=\"your-name\"><input size=\"40\" class=\"wpcf7-form-control wpcf7-text wpcf7-validates-as-required\" aria-required=\"true\" aria-invalid=\"false\" placeholder=\"Vardas*\" value=\"\" type=\"text\" name=\"your-name\" \/><\/span>\n\t\t\t<\/p>\n\t\t<\/div>\n\t<\/div>\n\t<div class=\"row\">\n\t\t<div class=\"col-xs-12\">\n\t\t\t<p><span class=\"wpcf7-form-control-wrap\" data-name=\"your-email\"><input size=\"40\" class=\"wpcf7-form-control wpcf7-text wpcf7-email wpcf7-validates-as-required wpcf7-validates-as-email\" aria-required=\"true\" aria-invalid=\"false\" placeholder=\"El pa\u0161tas*\" value=\"\" type=\"email\" name=\"your-email\" \/><\/span>\n\t\t\t<\/p>\n\t\t<\/div>\n\t<\/div>\n\t<div class=\"row\">\n\t\t<div class=\"col-xs-12\">\n\t\t\t<p><span class=\"wpcf7-form-control-wrap\" data-name=\"your-phone\"><input size=\"40\" class=\"wpcf7-form-control wpcf7-text wpcf7-validates-as-required\" aria-required=\"true\" aria-invalid=\"false\" placeholder=\"Telefonas*\" value=\"\" type=\"text\" name=\"your-phone\" \/><\/span>\n\t\t\t<\/p>\n\t\t<\/div>\n\t<\/div>\n\t<div class=\"row\">\n\t\t<div class=\"col-xs-12\">\n\t\t\t<p><span class=\"wpcf7-form-control-wrap\" data-name=\"your-message\"><textarea cols=\"40\" rows=\"5\" class=\"wpcf7-form-control wpcf7-textarea wpcf7-validates-as-required\" aria-required=\"true\" aria-invalid=\"false\" placeholder=\"\u017dinut\u0117\" name=\"your-message\"><\/textarea><\/span>\n\t\t\t<\/p>\n\t\t<\/div>\n\t<\/div>\n\t<div class=\"row\">\n\t\t<div class=\"col-xs-12\">\n\t\t\t<p><input class=\"wpcf7-form-control has-spinner wpcf7-submit btn btn-style-flat btn-color-black font-weight-400\" type=\"submit\" value=\"Si\u0173sti\" \/>\n\t\t\t<\/p>\n\t\t<\/div>\n\t<\/div>\n<\/div><div class=\"wpcf7-response-output\" aria-hidden=\"true\"><\/div>\n<input type=\"hidden\" name=\"trp-form-language\" value=\"en\"\/><\/form>\n<\/div>\n<\/div><\/div><\/div><div class=\"wpb_column vc_column_container vc_col-sm-5 vc_col-lg-offset-1 vc_col-lg-4\"><div class=\"vc_column-inner\"><div class=\"wpb_wrapper\"><div id=\"la_heading_69f383a39d1a2\" class=\"la-headings text-left\"><h2 class=\"js-el heading-tag la-unit-responsive font-weight-600\" style=\"\" >Kontaktai<\/h2><\/div>\n<div id=\"la_divider69f383a39d1d3\" class=\"js-el la-divider la-unit-responsive\" data-la_component=\"UnitResponsive\"  data-el_target='#la_divider69f383a39d1d3'  data-el_media_sizes='{&quot;padding-top&quot;:&quot;lg:25px;&quot;}' ><\/div>\n<div id=\"la_heading_69f383a39d219\" class=\"la-headings text-left\"><h3 class=\"js-el heading-tag la-unit-responsive margin-bottom-15 font-weight-600\" style=\"\"  data-la_component=\"UnitResponsive\"  data-el_target='#la_heading_69f383a39d219 .heading-tag'  data-el_media_sizes='{&quot;font-size&quot;:&quot;lg:13px;&quot;,&quot;line-height&quot;:&quot;lg:19px;&quot;}' >Informacija<\/h3><div class=\"js-el subheading-tag la-unit-responsive\" style=\"\"  data-la_component=\"UnitResponsive\"  data-el_target='#la_heading_69f383a39d219 .subheading-tag'  data-el_media_sizes='{&quot;font-size&quot;:&quot;lg:13px;&quot;,&quot;line-height&quot;:&quot;lg:19px;&quot;}' ><div>Modneli.<\/div>\n<div>Saltoni\u0161ki\u0173 g. 31, Vilnius 08105<\/div>\n<div>+37068722999<\/div>\n<div><a href=\"mailto:info@modneli.com\">info@modneli.com<\/a><\/div>\n<\/div><\/div>\n<div class=\"social-media-link style-default\"><a href=\"https:\/\/www.facebook.com\/Modneli\/\" class=\"facebook\" title=\"Facebook\" target=\"_blank\" rel=\"nofollow\"><i class=\"fa fa-facebook\"><\/i><\/a><a href=\"https:\/\/www.instagram.com\/modneli_dress?igsh=b3Npam56ODVzaTRj&#038;utm_source=qr\" class=\"instagram\" title=\"Instagram\" target=\"_blank\" rel=\"nofollow\"><i class=\"fa fa-instagram\"><\/i><\/a><a href=\"https:\/\/www.instagram.com\/modneli_clothes\/\" class=\"pinterest\" title=\"Pinterest\" target=\"_blank\" rel=\"nofollow\"><i class=\"fa fa-pinterest-p\"><\/i><\/a><\/div><\/div><\/div><\/div><\/div>\n<\/section>","protected":false},"excerpt":{"rendered":"U\u017eklausos forma Kontaktai InformacijaModneli. Saltoni\u0161ki\u0173 g. 31, Vilnius 08105 +37068722999 info@modneli.com","protected":false},"author":1,"featured_media":0,"parent":0,"menu_order":0,"comment_status":"closed","ping_status":"closed","template":"","meta":{"footnotes":""},"class_list":["post-505","page","type-page","status-publish","hentry"],"_links":{"self":[{"href":"https:\/\/modneli.com\/en\/wp-json\/wp\/v2\/pages\/505","targetHints":{"allow":["GET"]}}],"collection":[{"href":"https:\/\/modneli.com\/en\/wp-json\/wp\/v2\/pages"}],"about":[{"href":"https:\/\/modneli.com\/en\/wp-json\/wp\/v2\/types\/page"}],"author":[{"embeddable":true,"href":"https:\/\/modneli.com\/en\/wp-json\/wp\/v2\/users\/1"}],"replies":[{"embeddable":true,"href":"https:\/\/modneli.com\/en\/wp-json\/wp\/v2\/comments?post=505"}],"version-history":[{"count":4,"href":"https:\/\/modneli.com\/en\/wp-json\/wp\/v2\/pages\/505\/revisions"}],"predecessor-version":[{"id":4607,"href":"https:\/\/modneli.com\/en\/wp-json\/wp\/v2\/pages\/505\/revisions\/4607"}],"wp:attachment":[{"href":"https:\/\/modneli.com\/en\/wp-json\/wp\/v2\/media?parent=505"}],"curies":[{"name":"wp","href":"https:\/\/api.w.org\/{rel}","templated":true}]}}